{"id":742410,"date":"2025-08-28T01:10:44","date_gmt":"2025-08-27T22:10:44","guid":{"rendered":"https:\/\/roveyayinevi.com.tr\/index.php\/urun\/iyi-kopekler-kotu-kopekler-ve-kuzey-topraklari\/"},"modified":"2026-04-16T02:53:27","modified_gmt":"2026-04-15T23:53:27","slug":"iyi-kopekler-kotu-kopekler-ve-kuzey-topraklari","status":"publish","type":"product","link":"https:\/\/roveyayinevi.com.tr\/index.php\/urun\/iyi-kopekler-kotu-kopekler-ve-kuzey-topraklari\/","title":{"rendered":"\u0130yi K\u00f6pekler K\u00f6t\u00fc K\u00f6pekler ve Kuzey Topraklar\u0131"},"content":{"rendered":"<p>Jack London\u2019\u0131n k\u00f6peklere ilgisi, d\u00fcnya klasikleri i\u00e7inde yer etmi\u015f Vah\u015fetin \u00c7a\u011fr\u0131s\u0131, Beyaz Di\u015f gibi romanlar\u0131ndan ibaret kalmad\u0131. \u00c7ocuklu\u011fu \u00e7iftliklerde ge\u00e7en Jack London neredeyse k\u00f6peklerle b\u00fcy\u00fcm\u00fc\u015f, \u00e7iftlikten ayr\u0131ld\u0131ktan sonra ba\u011f\u0131 zay\u0131flasa da onlara olan ilgisini asla yitirmemi\u015fti. Yazarl\u0131k ya\u015fam\u0131 boyunca \u00e7e\u015fitli vesilelerle onlara ili\u015fkin g\u00f6zlemlerini zenginle\u015ftirdi ve \u00f6yk\u00fclerine yans\u0131tt\u0131. Elinizdeki kitapta yazar\u0131n farkl\u0131 y\u0131llarda yazd\u0131\u011f\u0131 \u00fc\u00e7 k\u00f6pek \u00f6yk\u00fcs\u00fc bir araya getiriliyor. \u201cKahverengi Kurt\u201d (1906), \u201cAh O Benekli\u201d (1907) ve \u201cBatard\u201d (1902) \u00f6yk\u00fcleri insana yaln\u0131zca sadakatiyle de\u011fil, cesareti, dirayeti, zorbal\u0131\u011f\u0131, kibri, h\u0131nc\u0131yla e\u015flik eden \u00fc\u00e7 ayr\u0131 k\u00f6pe\u011fi i\u015fleyerek insan\u0131n hayvanlarla kader ve duygu ortakl\u0131\u011f\u0131n\u0131 \u00e7arp\u0131c\u0131 bi\u00e7imde sergiliyor.        *Kahverengi Kurt *Ah O Benekli *Batard <\/p>\n","protected":false},"excerpt":{"rendered":"<p>Jack London\u2019\u0131n k\u00f6peklere ilgisi, d\u00fcnya klasikleri i\u00e7inde yer etmi\u015f Vah\u015fetin \u00c7a\u011fr\u0131s\u0131, Beyaz Di\u015f gibi romanlar\u0131ndan ibaret kalmad\u0131. \u00c7ocuklu\u011fu \u00e7iftliklerde ge\u00e7en Jack London neredeyse k\u00f6peklerle b\u00fcy\u00fcm\u00fc\u015f, \u00e7iftlikten<span class=\"excerpt-hellip\"> [\u2026]<\/span><\/p>\n","protected":false},"featured_media":0,"template":"","meta":{"_monsterinsights_skip_tracking":false,"_monsterinsights_sitenote_active":false,"_monsterinsights_sitenote_note":"","_monsterinsights_sitenote_category":0},"product_brand":[],"product_cat":[12291,12711],"product_tag":[],"class_list":{"0":"post-742410","1":"product","2":"type-product","3":"status-publish","5":"product_cat-edebiyat","6":"product_cat-roman-oyku","7":"pa_cilt-ciltsiz","8":"pa_tur-kitap","9":"pa_yayinevi-is-bankasi-kultur-yayinlari","10":"pa_yazar-jack-london","12":"first","13":"instock","14":"sale","15":"shipping-taxable","16":"purchasable","17":"product-type-simple"},"_links":{"self":[{"href":"https:\/\/roveyayinevi.com.tr\/index.php\/wp-json\/wp\/v2\/product\/742410","targetHints":{"allow":["GET"]}}],"collection":[{"href":"https:\/\/roveyayinevi.com.tr\/index.php\/wp-json\/wp\/v2\/product"}],"about":[{"href":"https:\/\/roveyayinevi.com.tr\/index.php\/wp-json\/wp\/v2\/types\/product"}],"wp:attachment":[{"href":"https:\/\/roveyayinevi.com.tr\/index.php\/wp-json\/wp\/v2\/media?parent=742410"}],"wp:term":[{"taxonomy":"product_brand","embeddable":true,"href":"https:\/\/roveyayinevi.com.tr\/index.php\/wp-json\/wp\/v2\/product_brand?post=742410"},{"taxonomy":"product_cat","embeddable":true,"href":"https:\/\/roveyayinevi.com.tr\/index.php\/wp-json\/wp\/v2\/product_cat?post=742410"},{"taxonomy":"product_tag","embeddable":true,"href":"https:\/\/roveyayinevi.com.tr\/index.php\/wp-json\/wp\/v2\/product_tag?post=742410"}],"curies":[{"name":"wp","href":"https:\/\/api.w.org\/{rel}","templated":true}]}}