{"id":742407,"date":"2025-08-28T01:10:40","date_gmt":"2025-08-27T22:10:40","guid":{"rendered":"https:\/\/roveyayinevi.com.tr\/index.php\/urun\/baraka-son-kole-kargosunun-gercek-hikayesi\/"},"modified":"2026-04-16T02:53:27","modified_gmt":"2026-04-15T23:53:27","slug":"baraka-son-kole-kargosunun-gercek-hikayesi","status":"publish","type":"product","link":"https:\/\/roveyayinevi.com.tr\/index.php\/urun\/baraka-son-kole-kargosunun-gercek-hikayesi\/","title":{"rendered":"Baraka: Son \u201c K\u00f6le Kargosunun\u201d Ger\u00e7ek Hik\u00e2yesi"},"content":{"rendered":"<p>Afrika\u2019dan Amerika\u2019ya Bir K\u00f6lenin Hayat\u0131n\u0131n Birinci A\u011f\u0131zdan Anlat\u0131lan Hik\u00e2yesiAteizmiyle, siyah-beyaz toplumsal b\u00fct\u00fcnle\u015fmesine dair g\u00f6r\u00fc\u015fleriyle ayr\u0131ks\u0131 bir isim olan Zora Neale Hurston\u2019\u0131n gen\u00e7 bir antropologken Alabama\u2019da g\u00f6r\u00fc\u015ft\u00fc\u011f\u00fc, Atlantik K\u00f6le Ticareti\u2019nin hayatta kalan son kurbanlar\u0131ndan seksen alt\u0131 ya\u015f\u0131ndaki Cudjo \u201cKossola\u201d Lewis k\u00f6leli\u011fin kald\u0131r\u0131l\u0131\u015f\u0131ndan elli y\u0131l sonra, o d\u00f6nem maruz kald\u0131\u011f\u0131 zulm\u00fc sakin sakin anlatt\u0131. Hurston, t\u00fcm dinlediklerini, Cudjo\u2019nun aksan\u0131na bile dokunmadan bire bir kaydetti, b\u00f6ylece \u0130\u00e7 Sava\u015f\u2019\u0131n sonuna kadar boyunduruk alt\u0131nda ge\u00e7en bir hayata ve siyahlar\u0131n son k\u00f6le gemisi Clotilda ile okyanusu a\u015fmadan \u00f6nce Afrika\u2019daki ya\u015famlar\u0131na dair yeri ikame edilemeyecek bir eser \u00e7\u0131kard\u0131 ortaya.Hayattayken Harlem R\u00f6nesans\u0131\u2019n\u0131n kilit yazarlar\u0131ndan olsa da yap\u0131tlar\u0131 g\u00f6rmezden gelinen, ancak Alice Walker\u2019\u0131n 70\u2019lerdeki bir makalesinden sonra de\u011feri bilinmeye ba\u015flanan Zora Neale Hurston\u2019\u0131n yenen \u015feftaliler ve karpuz e\u015fli\u011finde Cudjo Lewis\u2019ten dinledi\u011fi Afrika\u2019da ge\u00e7en \u00e7ocukluk an\u0131lar\u0131 ve folklorik hik\u00e2yelerin, k\u00f6le ticaretinin kan dondurucu ger\u00e7eklerinin, emansipasyon sonras\u0131 \u00f6zg\u00fcrl\u00fc\u011f\u00fcn ne anlama geldi\u011finin tarihten silinmemesini sa\u011flad\u0131\u011f\u0131 eseri Baraka: Son \u201cK\u00f6le Kargosunun\u201d Ger\u00e7ek Hik\u00e2yesi zincirlerinden y\u0131llar sonra kurtulan, sars\u0131c\u0131 bir hayat\u0131n anlat\u0131s\u0131.\u201c\u00c7a\u011f\u0131m\u0131z\u0131n en muhte\u015fem yazarlar\u0131ndan biri.\u201d \u2013Toni Morrison<\/p>\n","protected":false},"excerpt":{"rendered":"<p>Afrika\u2019dan Amerika\u2019ya Bir K\u00f6lenin Hayat\u0131n\u0131n Birinci A\u011f\u0131zdan Anlat\u0131lan Hik\u00e2yesiAteizmiyle, siyah-beyaz toplumsal b\u00fct\u00fcnle\u015fmesine dair g\u00f6r\u00fc\u015fleriyle ayr\u0131ks\u0131 bir isim olan Zora Neale Hurston\u2019\u0131n gen\u00e7 bir antropologken Alabama\u2019da g\u00f6r\u00fc\u015ft\u00fc\u011f\u00fc,<span class=\"excerpt-hellip\"> [\u2026]<\/span><\/p>\n","protected":false},"featured_media":0,"template":"","meta":{"_monsterinsights_skip_tracking":false,"_monsterinsights_sitenote_active":false,"_monsterinsights_sitenote_note":"","_monsterinsights_sitenote_category":0},"product_brand":[],"product_cat":[13661,12291],"product_tag":[],"class_list":{"0":"post-742407","1":"product","2":"type-product","3":"status-publish","5":"product_cat-diger-ulke-edebiyatlari","6":"product_cat-edebiyat","7":"pa_cilt-ciltsiz","8":"pa_tur-kitap","9":"pa_yayinevi-ithaki-yayinlari","10":"pa_yazar-zora-neale-hurston","12":"first","13":"instock","14":"sale","15":"shipping-taxable","16":"purchasable","17":"product-type-simple"},"_links":{"self":[{"href":"https:\/\/roveyayinevi.com.tr\/index.php\/wp-json\/wp\/v2\/product\/742407","targetHints":{"allow":["GET"]}}],"collection":[{"href":"https:\/\/roveyayinevi.com.tr\/index.php\/wp-json\/wp\/v2\/product"}],"about":[{"href":"https:\/\/roveyayinevi.com.tr\/index.php\/wp-json\/wp\/v2\/types\/product"}],"wp:attachment":[{"href":"https:\/\/roveyayinevi.com.tr\/index.php\/wp-json\/wp\/v2\/media?parent=742407"}],"wp:term":[{"taxonomy":"product_brand","embeddable":true,"href":"https:\/\/roveyayinevi.com.tr\/index.php\/wp-json\/wp\/v2\/product_brand?post=742407"},{"taxonomy":"product_cat","embeddable":true,"href":"https:\/\/roveyayinevi.com.tr\/index.php\/wp-json\/wp\/v2\/product_cat?post=742407"},{"taxonomy":"product_tag","embeddable":true,"href":"https:\/\/roveyayinevi.com.tr\/index.php\/wp-json\/wp\/v2\/product_tag?post=742407"}],"curies":[{"name":"wp","href":"https:\/\/api.w.org\/{rel}","templated":true}]}}