{"id":742406,"date":"2025-08-28T01:10:38","date_gmt":"2025-08-27T22:10:38","guid":{"rendered":"https:\/\/roveyayinevi.com.tr\/index.php\/urun\/iron-karinin-maceralari\/"},"modified":"2026-04-16T02:53:27","modified_gmt":"2026-04-15T23:53:27","slug":"iron-karinin-maceralari","status":"publish","type":"product","link":"https:\/\/roveyayinevi.com.tr\/index.php\/urun\/iron-karinin-maceralari\/","title":{"rendered":"Iron Kar\u0131\u2019n\u0131n Maceralar\u0131"},"content":{"rendered":"<p>\u00c7a\u011fda\u015f Latin Amerika edebiyat\u0131n\u0131n \u00f6nde gelen isimlerinden olan, feminist aktivist y\u00f6n\u00fcyle de dikkat \u00e7eken Arjantinli yazar Gabriela Cabez\u00f3n C\u00e1mara, eserlerinde yerle\u015fik, egemen fikirleri bozup g\u00f6lgede kalan temalara ve muktedir kahramanlar yerine ma\u011fdurlara ses vermesiyle tan\u0131n\u0131yor. Iron Kar\u0131\u2019n\u0131n Maceralar\u0131 da bu sesin en \u00e7ok y\u00fckseldi\u011fi romanlar\u0131ndan biri.1872\u2019de \u015fair Jos\u00e9 Hern\u00e1ndez taraf\u0131ndan kaleme al\u0131nan, Arjantin edebiyat\u0131n\u0131n kurucu eserlerinden biri say\u0131lan, \u00fclke tarihinde \u00f6nemli bir yer kaplayan \u201cgaucho\u201dlar\u0131n, yani s\u0131\u011f\u0131r \u00e7obanlar\u0131n\u0131n hayat\u0131na odaklanan Mart\u00edn Fierro adl\u0131 destan\u0131n alt\u00fcst edilerek yeniden anlat\u0131ld\u0131\u011f\u0131 bu romanda, \u00f6zg\u00fcn destandaki isimsiz, sadece \u201ckar\u0131\u201d olarak hitap edilen bir kad\u0131n, kimli\u011fine kavu\u015furken toplumsal, duygusal ve hatta cinsel ba\u011flamda da kendini yeniden ke\u015ffediyor.Iron Kar\u0131\u2019n\u0131n Maceralar\u0131, bir \u00fclkenin kimli\u011fi ile bir insan\u0131n kimli\u011finin nas\u0131l yak\u0131nla\u015f\u0131p uzakla\u015ft\u0131\u011f\u0131n\u0131 anlatan, hem tarihsel hem de bireysel bir uyan\u0131\u015fa sahne olan derinlikli bir yap\u0131t.\u201cHeyecanl\u0131, gizemli, minyat\u00fcr bir destan.\u201d \u2013THE GUARDIAN\u201cArjantin tarihine yak\u0131lm\u0131\u015f d\u00fc\u015fsel bir zafer t\u00fcrk\u00fcs\u00fc.\u201d \u2013TLS<\/p>\n","protected":false},"excerpt":{"rendered":"<p>\u00c7a\u011fda\u015f Latin Amerika edebiyat\u0131n\u0131n \u00f6nde gelen isimlerinden olan, feminist aktivist y\u00f6n\u00fcyle de dikkat \u00e7eken Arjantinli yazar Gabriela Cabez\u00f3n C\u00e1mara, eserlerinde yerle\u015fik, egemen fikirleri bozup g\u00f6lgede kalan<span class=\"excerpt-hellip\"> [\u2026]<\/span><\/p>\n","protected":false},"featured_media":0,"template":"","meta":{"_monsterinsights_skip_tracking":false,"_monsterinsights_sitenote_active":false,"_monsterinsights_sitenote_note":"","_monsterinsights_sitenote_category":0},"product_brand":[],"product_cat":[13661,12291],"product_tag":[],"class_list":{"0":"post-742406","1":"product","2":"type-product","3":"status-publish","5":"product_cat-diger-ulke-edebiyatlari","6":"product_cat-edebiyat","7":"pa_cilt-ciltsiz","8":"pa_tur-kitap","9":"pa_yayinevi-ithaki-yayinlari","10":"pa_yazar-gabriela-cabezon-camara","12":"first","13":"instock","14":"sale","15":"shipping-taxable","16":"purchasable","17":"product-type-simple"},"_links":{"self":[{"href":"https:\/\/roveyayinevi.com.tr\/index.php\/wp-json\/wp\/v2\/product\/742406","targetHints":{"allow":["GET"]}}],"collection":[{"href":"https:\/\/roveyayinevi.com.tr\/index.php\/wp-json\/wp\/v2\/product"}],"about":[{"href":"https:\/\/roveyayinevi.com.tr\/index.php\/wp-json\/wp\/v2\/types\/product"}],"wp:attachment":[{"href":"https:\/\/roveyayinevi.com.tr\/index.php\/wp-json\/wp\/v2\/media?parent=742406"}],"wp:term":[{"taxonomy":"product_brand","embeddable":true,"href":"https:\/\/roveyayinevi.com.tr\/index.php\/wp-json\/wp\/v2\/product_brand?post=742406"},{"taxonomy":"product_cat","embeddable":true,"href":"https:\/\/roveyayinevi.com.tr\/index.php\/wp-json\/wp\/v2\/product_cat?post=742406"},{"taxonomy":"product_tag","embeddable":true,"href":"https:\/\/roveyayinevi.com.tr\/index.php\/wp-json\/wp\/v2\/product_tag?post=742406"}],"curies":[{"name":"wp","href":"https:\/\/api.w.org\/{rel}","templated":true}]}}