{"id":742403,"date":"2025-08-28T01:10:35","date_gmt":"2025-08-27T22:10:35","guid":{"rendered":"https:\/\/roveyayinevi.com.tr\/index.php\/urun\/nina-ile-milo-balik-tutuyor\/"},"modified":"2026-04-16T02:53:27","modified_gmt":"2026-04-15T23:53:27","slug":"nina-ile-milo-balik-tutuyor","status":"publish","type":"product","link":"https:\/\/roveyayinevi.com.tr\/index.php\/urun\/nina-ile-milo-balik-tutuyor\/","title":{"rendered":"Nina ile Milo Bal\u0131k Tutuyor"},"content":{"rendered":"<p>Nina ile Milo inan\u0131lmaz bir macera ya\u015f\u0131yorlar. Bal\u0131k tutmaya gittikleri g\u00fcn sert bir r\u00fczg\u00e2r Milo\u2019yu uzaklara savuruyor, Nina da onu bulmaya \u00e7al\u0131\u015f\u0131yor. Haydi, biz de Nina\u2019n\u0131n Milo\u2019yu bulmas\u0131na yard\u0131m edelim! Maceran\u0131n nas\u0131l geli\u015fece\u011fine kendimiz karar verelim!   Ayr\u0131nt\u0131larla bezedi\u011fi ill\u00fcstrasyonlar\u0131 ve \u00f6yk\u00fcleriyle \u00e7ok sevilen Marianne Dubuc, bu kez \u00e7ocuklar\u0131 maceral\u0131 bir oyuna davet ediyor. Okurlar, yazar\u0131n sundu\u011fu se\u00e7eneklerden birini se\u00e7erek kitab\u0131n nas\u0131l geli\u015fece\u011fine kendileri karar veriyor ama verdikleri hi\u00e7bir karar sonunda onlar\u0131 \u00fczm\u00fcyor: Mutlu sona \u00e7\u0131kan bir yol muhakkak bulunuyor! Nina ile Milo Bal\u0131k Tutuyor, hem oyunlu \u00f6yk\u00fcs\u00fc hem de betimleyici resimleriyle, okuma yolculu\u011funun ba\u015f\u0131ndaki \u00e7ocuklar\u0131 da okumaya heveslendirecek, cesaretlendirecek nitelikte bir kitap. <\/p>\n","protected":false},"excerpt":{"rendered":"<p>Nina ile Milo inan\u0131lmaz bir macera ya\u015f\u0131yorlar. Bal\u0131k tutmaya gittikleri g\u00fcn sert bir r\u00fczg\u00e2r Milo\u2019yu uzaklara savuruyor, Nina da onu bulmaya \u00e7al\u0131\u015f\u0131yor. Haydi, biz de Nina\u2019n\u0131n<span class=\"excerpt-hellip\"> [\u2026]<\/span><\/p>\n","protected":false},"featured_media":0,"template":"","meta":{"_monsterinsights_skip_tracking":false,"_monsterinsights_sitenote_active":false,"_monsterinsights_sitenote_note":"","_monsterinsights_sitenote_category":0},"product_brand":[],"product_cat":[12913,12274],"product_tag":[],"class_list":{"0":"post-742403","1":"product","2":"type-product","3":"status-publish","5":"product_cat-3-6-yas-kitaplari","6":"product_cat-cocuk-ve-genclik-kitaplari","7":"pa_cilt-ciltsiz","8":"pa_tur-kitap","9":"pa_yayinevi-redhouse-kidz-yayinlari","10":"pa_yazar-marianne-dubuc","12":"first","13":"instock","14":"sale","15":"shipping-taxable","16":"purchasable","17":"product-type-simple"},"_links":{"self":[{"href":"https:\/\/roveyayinevi.com.tr\/index.php\/wp-json\/wp\/v2\/product\/742403","targetHints":{"allow":["GET"]}}],"collection":[{"href":"https:\/\/roveyayinevi.com.tr\/index.php\/wp-json\/wp\/v2\/product"}],"about":[{"href":"https:\/\/roveyayinevi.com.tr\/index.php\/wp-json\/wp\/v2\/types\/product"}],"wp:attachment":[{"href":"https:\/\/roveyayinevi.com.tr\/index.php\/wp-json\/wp\/v2\/media?parent=742403"}],"wp:term":[{"taxonomy":"product_brand","embeddable":true,"href":"https:\/\/roveyayinevi.com.tr\/index.php\/wp-json\/wp\/v2\/product_brand?post=742403"},{"taxonomy":"product_cat","embeddable":true,"href":"https:\/\/roveyayinevi.com.tr\/index.php\/wp-json\/wp\/v2\/product_cat?post=742403"},{"taxonomy":"product_tag","embeddable":true,"href":"https:\/\/roveyayinevi.com.tr\/index.php\/wp-json\/wp\/v2\/product_tag?post=742403"}],"curies":[{"name":"wp","href":"https:\/\/api.w.org\/{rel}","templated":true}]}}