{"id":742402,"date":"2025-08-28T01:10:34","date_gmt":"2025-08-27T22:10:34","guid":{"rendered":"https:\/\/roveyayinevi.com.tr\/index.php\/urun\/zayiflamada-hareket\/"},"modified":"2026-04-16T02:53:27","modified_gmt":"2026-04-15T23:53:27","slug":"zayiflamada-hareket","status":"publish","type":"product","link":"https:\/\/roveyayinevi.com.tr\/index.php\/urun\/zayiflamada-hareket\/","title":{"rendered":"Zay\u0131flamada Hareket"},"content":{"rendered":"<p>\u00d6ncelikle bedenimizi tan\u0131mam\u0131z\u0131, kal\u0131c\u0131 bir bar\u0131\u015f yapmam\u0131z\u0131 ve bedenimizi sevmemizi hedefliyor. Bedenimiz ile daha fazla vakit ge\u00e7irmek, zaman ay\u0131rmak, yat\u0131r\u0131m yapmak ile devam ediyor.\u015ei\u015fmanl\u0131k ve ideal bedenin kar\u015f\u0131la\u015ft\u0131rmas\u0131, g\u00fcnl\u00fck ya\u015fam\u0131m\u0131zda hareket ve hareketsizli\u011fin sebep ve sonu\u00e7lar\u0131 ile davran\u0131\u015flar\u0131m\u0131z\u0131, hayat kalitemizi nas\u0131l etkiledi\u011fini ve almam\u0131z gereken \u00f6nlemleri t\u00fcm \u00e7\u0131plakl\u0131\u011f\u0131 ile anlat\u0131yor.Deniz Egece metodu telkinler, y\u00fczle\u015fmeler ve do\u011fru bilgileri bilin\u00e7alt\u0131na kabul etmesi ile kal\u0131c\u0131 ideal bedene sahip olmak gibi kavramlardan olu\u015fmakta.Zay\u0131flamada Hareket Kitab\u0131n\u0131 Kimler Okumal\u0131?\u2022 Herhangi ya\u015f, cinsiyet, sa\u011fl\u0131k s\u0131n\u0131rland\u0131rmas\u0131 olmadan her kesime hitap eden bir eser!\u2022 Ya\u015fl\u0131l\u0131k, hamilelik, hayat \u015fartlar\u0131, \u00e7evre fakt\u00f6r\u00fc gibi bahaneler ile hareket etmemek i\u00e7in bahaneler \u00fcretenler.\u2022 Bir\u00e7ok defa diyet ve a\u011f\u0131r spor programlar\u0131 ile kaybetti\u011fi kilonun fazlas\u0131n\u0131 alan ve hayal k\u0131r\u0131kl\u0131\u011f\u0131na u\u011frayanlar.\u2022 \u015ei\u015fmanl\u0131\u011f\u0131n mutluluk oldu\u011funu kendisine kabul ettirmi\u015f olanlar.\u2022 \u015ei\u015fmanl\u0131\u011f\u0131n bir sa\u011fl\u0131k sorunu de\u011fil, e\u011fitim sorunu oldu\u011funu bilenler. Ve onlarcas\u0131.\u201cZay\u0131flamada Hareket\u201d kitab\u0131nda herkes kendisinden bir par\u00e7a bulacakt\u0131r!<\/p>\n","protected":false},"excerpt":{"rendered":"<p>\u00d6ncelikle bedenimizi tan\u0131mam\u0131z\u0131, kal\u0131c\u0131 bir bar\u0131\u015f yapmam\u0131z\u0131 ve bedenimizi sevmemizi hedefliyor. Bedenimiz ile daha fazla vakit ge\u00e7irmek, zaman ay\u0131rmak, yat\u0131r\u0131m yapmak ile devam ediyor.\u015ei\u015fmanl\u0131k ve ideal<span class=\"excerpt-hellip\"> [\u2026]<\/span><\/p>\n","protected":false},"featured_media":0,"template":"","meta":{"_monsterinsights_skip_tracking":false,"_monsterinsights_sitenote_active":false,"_monsterinsights_sitenote_note":"","_monsterinsights_sitenote_category":0},"product_brand":[],"product_cat":[20313,13365],"product_tag":[],"class_list":{"0":"post-742402","1":"product","2":"type-product","3":"status-publish","5":"product_cat-basvuru-kitaplari-saglik","6":"product_cat-saglik","7":"pa_cilt-ciltsiz","8":"pa_tur-kitap","9":"pa_yayinevi-egece-yayinlari","10":"pa_yazar-bozan-yaman-deniz-egece","12":"first","13":"instock","14":"sale","15":"shipping-taxable","16":"purchasable","17":"product-type-simple"},"_links":{"self":[{"href":"https:\/\/roveyayinevi.com.tr\/index.php\/wp-json\/wp\/v2\/product\/742402","targetHints":{"allow":["GET"]}}],"collection":[{"href":"https:\/\/roveyayinevi.com.tr\/index.php\/wp-json\/wp\/v2\/product"}],"about":[{"href":"https:\/\/roveyayinevi.com.tr\/index.php\/wp-json\/wp\/v2\/types\/product"}],"wp:attachment":[{"href":"https:\/\/roveyayinevi.com.tr\/index.php\/wp-json\/wp\/v2\/media?parent=742402"}],"wp:term":[{"taxonomy":"product_brand","embeddable":true,"href":"https:\/\/roveyayinevi.com.tr\/index.php\/wp-json\/wp\/v2\/product_brand?post=742402"},{"taxonomy":"product_cat","embeddable":true,"href":"https:\/\/roveyayinevi.com.tr\/index.php\/wp-json\/wp\/v2\/product_cat?post=742402"},{"taxonomy":"product_tag","embeddable":true,"href":"https:\/\/roveyayinevi.com.tr\/index.php\/wp-json\/wp\/v2\/product_tag?post=742402"}],"curies":[{"name":"wp","href":"https:\/\/api.w.org\/{rel}","templated":true}]}}