{"id":742401,"date":"2025-08-28T01:10:33","date_gmt":"2025-08-27T22:10:33","guid":{"rendered":"https:\/\/roveyayinevi.com.tr\/index.php\/urun\/post-post-kemalizm-turkiye-calismalarinda-yeni-arayislar\/"},"modified":"2026-04-16T02:53:27","modified_gmt":"2026-04-15T23:53:27","slug":"post-post-kemalizm-turkiye-calismalarinda-yeni-arayislar","status":"publish","type":"product","link":"https:\/\/roveyayinevi.com.tr\/index.php\/urun\/post-post-kemalizm-turkiye-calismalarinda-yeni-arayislar\/","title":{"rendered":"Post-Post-Kemalizm T\u00fcrkiye \u00c7al\u0131\u015fmalar\u0131nda Yeni Aray\u0131\u015flar"},"content":{"rendered":"<p>Post-Kemalizm kavram\u0131, modern T\u00fcrkiye analizinde tek parti d\u00f6nemini \u00fclkenin b\u00fct\u00fcn temel problemlerinin \u201canas\u0131\u201d olarak g\u00f6ren ele\u015ftirel yakla\u015f\u0131m\u0131 \u00f6zetliyor. \u201cKemalizm\u201dle tan\u0131mlanan bu deneyimi sorgulayarak a\u015fmay\u0131, demokratikle\u015fmenin anahtar\u0131 olarak g\u00f6ren y\u00f6nelimleri tan\u0131ml\u0131yor. Post-post-Kemalist paradigma ise, \u201ctek parti d\u00f6neminin b\u00fcy\u00fcs\u00fcn\u00fcn bozulmas\u0131n\u0131\u201d sa\u011flayan bu ele\u015ftirel birikimin, 2000\u2019lerin seyri i\u00e7inde \u201cbir ortodoksinin yerine ba\u015fka bir ortodoksiyi koyma\u201d e\u011filimini do\u011furdu\u011fu tespitinden yola \u00e7\u0131k\u0131yor. Bu nedenle, ele\u015ftirinin ele\u015ftirisini yaparak bir ad\u0131m daha atmay\u0131 \u00f6neriyor. 1908-1945 aras\u0131 d\u00f6nemine s\u0131k\u0131\u015fmadan, sonraki d\u00f6nemlerin alt \u00fcst edici siyasal ve toplumsal geli\u015fmelerinin hakk\u0131n\u0131 veren; demokratikle\u015fmenin ve otoriterli\u011fin salt Kemalizm\u2019e indirgenen sorunlar\u0131n\u0131n ba\u015fka kaynaklar\u0131na da mercek tutan bir analizin yolunu a\u00e7maya \u00e7al\u0131\u015f\u0131yor. Post-Post-Kemalizm, konuyu hem siyaset bilimi, kad\u0131n \u00e7al\u0131\u015fmalar\u0131, d\u0131\u015f politika ve tek parti d\u00f6nemi \u00e7al\u0131\u015fmalar\u0131 ba\u011flam\u0131nda sosyal bilim disiplinleri a\u00e7\u0131s\u0131ndan; hem liberal s\u00f6ylem, k\u00fclt\u00fcr politikas\u0131, laiklik, vesayet ele\u015ftirisi, \u0130sl\u00e2m ve siyasal partiler ba\u011flam\u0131nda tematik olarak ele alan makalelerden olu\u015fuyor. \u0130lker Ayt\u00fcrk ve Berk Esen\u2019in derledi\u011fi kitaba Sencer Ayata, Tan\u0131l Bora, Zana \u00c7itak, Ersin Kalayc\u0131o\u011flu, Berrin Koyuncu Lorasda\u011f\u0131, Y\u00fcksel Ta\u015fk\u0131n, \u0130lhan Uzgel, \u015eebnem Yard\u0131mc\u0131 Geyik\u00e7i makaleleriyle katk\u0131da bulundular.<\/p>\n","protected":false},"excerpt":{"rendered":"<p>Post-Kemalizm kavram\u0131, modern T\u00fcrkiye analizinde tek parti d\u00f6nemini \u00fclkenin b\u00fct\u00fcn temel problemlerinin \u201canas\u0131\u201d olarak g\u00f6ren ele\u015ftirel yakla\u015f\u0131m\u0131 \u00f6zetliyor. \u201cKemalizm\u201dle tan\u0131mlanan bu deneyimi sorgulayarak a\u015fmay\u0131, demokratikle\u015fmenin anahtar\u0131<span class=\"excerpt-hellip\"> [\u2026]<\/span><\/p>\n","protected":false},"featured_media":0,"template":"","meta":{"_monsterinsights_skip_tracking":false,"_monsterinsights_sitenote_active":false,"_monsterinsights_sitenote_note":"","_monsterinsights_sitenote_category":0},"product_brand":[],"product_cat":[13059,12337],"product_tag":[],"class_list":{"0":"post-742401","1":"product","2":"type-product","3":"status-publish","5":"product_cat-diger-politika-siyaset","6":"product_cat-politika-siyaset","7":"pa_cilt-ciltsiz","8":"pa_tur-kitap","9":"pa_yayinevi-iletisim-yayinlari","10":"pa_yazar-kolektif","12":"first","13":"instock","14":"sale","15":"shipping-taxable","16":"purchasable","17":"product-type-simple"},"_links":{"self":[{"href":"https:\/\/roveyayinevi.com.tr\/index.php\/wp-json\/wp\/v2\/product\/742401","targetHints":{"allow":["GET"]}}],"collection":[{"href":"https:\/\/roveyayinevi.com.tr\/index.php\/wp-json\/wp\/v2\/product"}],"about":[{"href":"https:\/\/roveyayinevi.com.tr\/index.php\/wp-json\/wp\/v2\/types\/product"}],"wp:attachment":[{"href":"https:\/\/roveyayinevi.com.tr\/index.php\/wp-json\/wp\/v2\/media?parent=742401"}],"wp:term":[{"taxonomy":"product_brand","embeddable":true,"href":"https:\/\/roveyayinevi.com.tr\/index.php\/wp-json\/wp\/v2\/product_brand?post=742401"},{"taxonomy":"product_cat","embeddable":true,"href":"https:\/\/roveyayinevi.com.tr\/index.php\/wp-json\/wp\/v2\/product_cat?post=742401"},{"taxonomy":"product_tag","embeddable":true,"href":"https:\/\/roveyayinevi.com.tr\/index.php\/wp-json\/wp\/v2\/product_tag?post=742401"}],"curies":[{"name":"wp","href":"https:\/\/api.w.org\/{rel}","templated":true}]}}