{"id":742400,"date":"2025-08-28T01:10:32","date_gmt":"2025-08-27T22:10:32","guid":{"rendered":"https:\/\/roveyayinevi.com.tr\/index.php\/urun\/kibrin-tarihi\/"},"modified":"2026-04-16T02:53:27","modified_gmt":"2026-04-15T23:53:27","slug":"kibrin-tarihi","status":"publish","type":"product","link":"https:\/\/roveyayinevi.com.tr\/index.php\/urun\/kibrin-tarihi\/","title":{"rendered":"Kibrin Tarihi"},"content":{"rendered":"<p>\u201cKibir, duygular\u0131m\u0131zdan en beyhude olan\u0131. Bu hissiyat sava\u015flar\u0131, felaketleri, nefretleri ve son derece b\u00fcy\u00fck fiyaskolar\u0131 do\u011furmu\u015ftur. Bu kitap kibirli ve di\u011fer k\u00fc\u00e7\u00fcmseyici davran\u0131\u015flar\u0131n neden bu kadar s\u0131radan oldu\u011fu konusunda insanlar\u0131 ayd\u0131nlatmaya \u00e7al\u0131\u015f\u0131yor.\u201d Hemen her dinde g\u00fcnah olarak de\u011ferlendirilen; farkl\u0131 k\u00fclt\u00fcrlerde mitlere konu olan; toplumsal ya\u015famda \u00f6teden beri k\u0131nanan; binlerce oyuna, romana, filme malzeme olan kibir insanl\u0131k tarihi kadar eski bir olgu. Ari Turunen, kibrin k\u00fclt\u00fcrel tarihini e\u011flenceli ve renkli bi\u00e7imde, tarihten onlarca \u00f6rnekle yaz\u0131yor. \u0130mparatorluklar\u0131n ve insanl\u0131\u011f\u0131n ba\u015f\u0131na gelen y\u0131k\u0131mlarda, felaketlerde kibrin, kendini be\u011fenmi\u015fli\u011fin, ba\u015fkalar\u0131n\u0131 hor g\u00f6rmenin, kendi m\u00fckemmelli\u011finden ba\u015fka hi\u00e7bir sese tahamm\u00fcl edememenin oynad\u0131\u011f\u0131 rol\u00fc ortaya koyuyor. B\u00fcy\u00fck \u0130skender\u2019den Berlusconi\u2019ye, Asya imparatorluklar\u0131ndan papalara, Napoleon\u2019dan \u0130ngiliz burnu b\u00fcy\u00fckl\u00fc\u011f\u00fcne, tekelle\u015fen enerji \u015firketlerinden t\u00fcm d\u00fcnyay\u0131 ekonomik krize s\u00fcr\u00fckleyen finans devlerine uzanan geni\u015f mi geni\u015f bir yelpazede \u201cSen benim kim oldu\u011fumu biliyor musun?\u201d sorusuna biraz daha yak\u0131ndan bak\u0131yor. Kibrin Tarihi, g\u00fcncelli\u011fi hi\u00e7bir zaman kaybolmayacak bir konuda \u015fimdiye kadar okudu\u011funuz en iyi kitap! \u201cTurunen, toplumun \u00e7e\u015fitli kesimlerinden kibir unsurlar\u0131n\u0131 (\u2026) bir araya getirerek b\u00fcy\u00fck bir resim olu\u015fturuyor. (\u2026) Kibre e\u011flenceli bir bak\u0131\u015f ve tarihsel bir kaleydoskop.\u201d Naomi Gregoris, SRF 2 Kultur \u201cKendi hemcinslerinize y\u00fczeysel olarak bile g\u00f6z atarsan\u0131z, d\u00fcnya tarihinin kahramanlar\u0131na, hayranl\u0131k duyulan film y\u0131ld\u0131zlar\u0131na ve hatta belki de aynaya bakarsan\u0131z\u2026 [Turunen\u2019e] kat\u0131lmamak elde de\u011fil: Kibir \u2018inan\u0131lmaz derecede g\u00fcncel\u2019.\u201d Dirk Sch\u00fcmer, Die Welt<\/p>\n","protected":false},"excerpt":{"rendered":"<p>\u201cKibir, duygular\u0131m\u0131zdan en beyhude olan\u0131. Bu hissiyat sava\u015flar\u0131, felaketleri, nefretleri ve son derece b\u00fcy\u00fck fiyaskolar\u0131 do\u011furmu\u015ftur. Bu kitap kibirli ve di\u011fer k\u00fc\u00e7\u00fcmseyici davran\u0131\u015flar\u0131n neden bu kadar<span class=\"excerpt-hellip\"> [\u2026]<\/span><\/p>\n","protected":false},"featured_media":0,"template":"","meta":{"_monsterinsights_skip_tracking":false,"_monsterinsights_sitenote_active":false,"_monsterinsights_sitenote_note":"","_monsterinsights_sitenote_category":0},"product_brand":[],"product_cat":[12291,12711],"product_tag":[],"class_list":{"0":"post-742400","1":"product","2":"type-product","3":"status-publish","5":"product_cat-edebiyat","6":"product_cat-roman-oyku","7":"pa_cilt-ciltsiz","8":"pa_tur-kitap","9":"pa_yayinevi-iletisim-yayinlari","10":"pa_yazar-ari-turunen","12":"first","13":"instock","14":"sale","15":"shipping-taxable","16":"purchasable","17":"product-type-simple"},"_links":{"self":[{"href":"https:\/\/roveyayinevi.com.tr\/index.php\/wp-json\/wp\/v2\/product\/742400","targetHints":{"allow":["GET"]}}],"collection":[{"href":"https:\/\/roveyayinevi.com.tr\/index.php\/wp-json\/wp\/v2\/product"}],"about":[{"href":"https:\/\/roveyayinevi.com.tr\/index.php\/wp-json\/wp\/v2\/types\/product"}],"wp:attachment":[{"href":"https:\/\/roveyayinevi.com.tr\/index.php\/wp-json\/wp\/v2\/media?parent=742400"}],"wp:term":[{"taxonomy":"product_brand","embeddable":true,"href":"https:\/\/roveyayinevi.com.tr\/index.php\/wp-json\/wp\/v2\/product_brand?post=742400"},{"taxonomy":"product_cat","embeddable":true,"href":"https:\/\/roveyayinevi.com.tr\/index.php\/wp-json\/wp\/v2\/product_cat?post=742400"},{"taxonomy":"product_tag","embeddable":true,"href":"https:\/\/roveyayinevi.com.tr\/index.php\/wp-json\/wp\/v2\/product_tag?post=742400"}],"curies":[{"name":"wp","href":"https:\/\/api.w.org\/{rel}","templated":true}]}}