{"id":742399,"date":"2025-08-28T01:10:31","date_gmt":"2025-08-27T22:10:31","guid":{"rendered":"https:\/\/roveyayinevi.com.tr\/index.php\/urun\/cocuklar-icin-sudoku-2-seviye\/"},"modified":"2026-04-16T02:53:27","modified_gmt":"2026-04-15T23:53:27","slug":"cocuklar-icin-sudoku-2-seviye","status":"publish","type":"product","link":"https:\/\/roveyayinevi.com.tr\/index.php\/urun\/cocuklar-icin-sudoku-2-seviye\/","title":{"rendered":"\u00c7ocuklar \u0130\u00e7in Sudoku 2. Seviye"},"content":{"rendered":"<p>\u00c7ocuklar \u0130\u00e7in Sudoku 2 Seviye, 4&#215;4\u2019e g\u00f6re haz\u0131rlanm\u0131\u015f belirli temalardaki 4 g\u00f6rselin 16 kareye sudoku mant\u0131\u011f\u0131na uygun olarak yerle\u015ftirilmesini ama\u00e7lar. Her bir g\u00f6rsel, tek bir sat\u0131r ve tek bir s\u00fctunda sadece bir defa kullan\u0131labilmektedir. Sudoku \u00e7ocuklarda hem yarat\u0131c\u0131l\u0131k hem de stratejik d\u00fc\u015f\u00fcnebilme yetisini a\u015f\u0131lamaktad\u0131r. K\u00fc\u00e7\u00fck ya\u015flardaki \u00e7ocuklar\u0131n beyinsel geli\u015fimi i\u00e7in sudoku \u00f6nerilmektedir. Sudoku konsantrasyon ve dikkat toplama becerisini geli\u015ftirmektedir. Ayn\u0131 zamanda karar verme becerisini artt\u0131rmaktad\u0131r.<\/p>\n","protected":false},"excerpt":{"rendered":"<p>\u00c7ocuklar \u0130\u00e7in Sudoku 2 Seviye, 4&#215;4\u2019e g\u00f6re haz\u0131rlanm\u0131\u015f belirli temalardaki 4 g\u00f6rselin 16 kareye sudoku mant\u0131\u011f\u0131na uygun olarak yerle\u015ftirilmesini ama\u00e7lar. Her bir g\u00f6rsel, tek bir sat\u0131r<span class=\"excerpt-hellip\"> [\u2026]<\/span><\/p>\n","protected":false},"featured_media":0,"template":"","meta":{"_monsterinsights_skip_tracking":false,"_monsterinsights_sitenote_active":false,"_monsterinsights_sitenote_note":"","_monsterinsights_sitenote_category":0},"product_brand":[],"product_cat":[12274,24599],"product_tag":[],"class_list":{"0":"post-742399","1":"product","2":"type-product","3":"status-publish","5":"product_cat-cocuk-ve-genclik-kitaplari","6":"product_cat-zeka-gelisimi","7":"pa_cilt-ciltsiz","8":"pa_tur-kitap10","9":"pa_yayinevi-peta-kitap","10":"pa_yazar-bahar-sarikaya","12":"first","13":"instock","14":"sale","15":"shipping-taxable","16":"purchasable","17":"product-type-simple"},"_links":{"self":[{"href":"https:\/\/roveyayinevi.com.tr\/index.php\/wp-json\/wp\/v2\/product\/742399","targetHints":{"allow":["GET"]}}],"collection":[{"href":"https:\/\/roveyayinevi.com.tr\/index.php\/wp-json\/wp\/v2\/product"}],"about":[{"href":"https:\/\/roveyayinevi.com.tr\/index.php\/wp-json\/wp\/v2\/types\/product"}],"wp:attachment":[{"href":"https:\/\/roveyayinevi.com.tr\/index.php\/wp-json\/wp\/v2\/media?parent=742399"}],"wp:term":[{"taxonomy":"product_brand","embeddable":true,"href":"https:\/\/roveyayinevi.com.tr\/index.php\/wp-json\/wp\/v2\/product_brand?post=742399"},{"taxonomy":"product_cat","embeddable":true,"href":"https:\/\/roveyayinevi.com.tr\/index.php\/wp-json\/wp\/v2\/product_cat?post=742399"},{"taxonomy":"product_tag","embeddable":true,"href":"https:\/\/roveyayinevi.com.tr\/index.php\/wp-json\/wp\/v2\/product_tag?post=742399"}],"curies":[{"name":"wp","href":"https:\/\/api.w.org\/{rel}","templated":true}]}}