{"id":742397,"date":"2025-08-28T01:10:28","date_gmt":"2025-08-27T22:10:28","guid":{"rendered":"https:\/\/roveyayinevi.com.tr\/index.php\/urun\/cumhuriyet-ve-hissiyat\/"},"modified":"2026-04-16T02:53:27","modified_gmt":"2026-04-15T23:53:27","slug":"cumhuriyet-ve-hissiyat","status":"publish","type":"product","link":"https:\/\/roveyayinevi.com.tr\/index.php\/urun\/cumhuriyet-ve-hissiyat\/","title":{"rendered":"Cumhuriyet ve Hissiyat"},"content":{"rendered":"<p>\u201cMilletler gam ve keder bilmemelidir. \u015eeflerin vazifesi hayat\u0131 ne\u015fe ve zevkle kar\u015f\u0131lamak hususunda milletlerine yol g\u00f6stermektir.\u201d Mustafa Kemal Atat\u00fcrk Ulus-devletlerin in\u015fas\u0131n\u0131n, milliyet\u00e7i ideolojilerin olu\u015fumunun ve modernle\u015fme s\u00fcrecinin uzun s\u00fcre ihmal edilen bir cephesi, duygu rejimidir. Bu kapsaml\u0131 toplumsal in\u015fa ve d\u00f6n\u00fc\u015f\u00fcm projeleri, hangi duygulara hitap eder, hangilerini \u201cco\u015fturur\u201d &#8211; ve bunu nas\u0131l yaparlar? \u00c7a\u011fr\u0131 Yard\u0131mc\u0131, Cumhuriyet ve Hisssiyat\u2019ta, T\u00fcrkiye\u2019de Cumhuriyet\u2019in kurulu\u015f d\u00f6neminde duygu siyasetinin nas\u0131l tasavvur edildi\u011fine bak\u0131yor. Bunun i\u00e7in, yeni duygu rejiminin etkili ve g\u00f6zde bir ta\u015f\u0131y\u0131c\u0131s\u0131 olarak Falih R\u0131fk\u0131 Atay\u2019a odaklan\u0131yor. Osmanl\u0131-T\u00fcrk Bat\u0131l\u0131la\u015fmas\u0131nda duygu rejimi, kibirden a\u015fa\u011f\u0131l\u0131k duygusuna ve o duygudan kurtulma gayretine do\u011fru, nas\u0131l bir seyir izledi? Yeni bir \u015feref anlay\u0131\u015f\u0131n\u0131n (\u201cmilli \u015ferefin\u201d) ve yeni bir duygular cemaatinin in\u015fas\u0131, nas\u0131l tahayy\u00fcl edildi? Garp medeniyetinin mutlulu\u011funun \u201cs\u0131rr\u0131n\u0131\u201d arayan Falih R\u0131fk\u0131 ve di\u011fer Cumhuriyet\u00e7i \u00f6nc\u00fcler, o mutlulu\u011fun pe\u015finde nas\u0131l bir \u201csaadet terbiyesi\u201dne giri\u015ftiler? Erken Cumhuriyet d\u00f6neminin d\u00fc\u015f\u00fcnce d\u00fcnyas\u0131na ve ruh haline tutulan bu mercek, Cumhuriyet tarihi boyunca duygu siyasetlerini analiz edebilmenin de anahtar\u0131d\u0131r.<\/p>\n","protected":false},"excerpt":{"rendered":"<p>\u201cMilletler gam ve keder bilmemelidir. \u015eeflerin vazifesi hayat\u0131 ne\u015fe ve zevkle kar\u015f\u0131lamak hususunda milletlerine yol g\u00f6stermektir.\u201d Mustafa Kemal Atat\u00fcrk Ulus-devletlerin in\u015fas\u0131n\u0131n, milliyet\u00e7i ideolojilerin olu\u015fumunun ve modernle\u015fme<span class=\"excerpt-hellip\"> [\u2026]<\/span><\/p>\n","protected":false},"featured_media":0,"template":"","meta":{"_monsterinsights_skip_tracking":false,"_monsterinsights_sitenote_active":false,"_monsterinsights_sitenote_note":"","_monsterinsights_sitenote_category":0},"product_brand":[],"product_cat":[12370,12304],"product_tag":[],"class_list":{"0":"post-742397","1":"product","2":"type-product","3":"status-publish","5":"product_cat-arastirma-inceleme","6":"product_cat-tarih","7":"pa_cilt-ciltsiz","8":"pa_tur-kitap","9":"pa_yayinevi-iletisim-yayinlari","10":"pa_yazar-hikmet-cagri-yardimci","12":"first","13":"instock","14":"sale","15":"shipping-taxable","16":"purchasable","17":"product-type-simple"},"_links":{"self":[{"href":"https:\/\/roveyayinevi.com.tr\/index.php\/wp-json\/wp\/v2\/product\/742397","targetHints":{"allow":["GET"]}}],"collection":[{"href":"https:\/\/roveyayinevi.com.tr\/index.php\/wp-json\/wp\/v2\/product"}],"about":[{"href":"https:\/\/roveyayinevi.com.tr\/index.php\/wp-json\/wp\/v2\/types\/product"}],"wp:attachment":[{"href":"https:\/\/roveyayinevi.com.tr\/index.php\/wp-json\/wp\/v2\/media?parent=742397"}],"wp:term":[{"taxonomy":"product_brand","embeddable":true,"href":"https:\/\/roveyayinevi.com.tr\/index.php\/wp-json\/wp\/v2\/product_brand?post=742397"},{"taxonomy":"product_cat","embeddable":true,"href":"https:\/\/roveyayinevi.com.tr\/index.php\/wp-json\/wp\/v2\/product_cat?post=742397"},{"taxonomy":"product_tag","embeddable":true,"href":"https:\/\/roveyayinevi.com.tr\/index.php\/wp-json\/wp\/v2\/product_tag?post=742397"}],"curies":[{"name":"wp","href":"https:\/\/api.w.org\/{rel}","templated":true}]}}