{"id":742394,"date":"2025-08-28T01:10:26","date_gmt":"2025-08-27T22:10:26","guid":{"rendered":"https:\/\/roveyayinevi.com.tr\/index.php\/urun\/ergenlik\/"},"modified":"2026-04-16T02:53:27","modified_gmt":"2026-04-15T23:53:27","slug":"ergenlik","status":"publish","type":"product","link":"https:\/\/roveyayinevi.com.tr\/index.php\/urun\/ergenlik\/","title":{"rendered":"Ergenlik"},"content":{"rendered":"<p>\u2022 Duygular ve D\u00fc\u015f\u00fcnceler \u2022 V\u00fccut De\u011fi\u015fimleri \u2022 Hormonlar \u2022 Aile ve Arkada\u015flar \u2022 Uyku \u2022 Spor \u2022 Sa\u011fl\u0131k \u2022 Beslenme \u2022 Sosyal Medya \u2022 Ve \u00c7ok Daha Fazlas\u0131! Bir \u00e7ocuk olarak hayat\u0131n\u0131 s\u00fcrd\u00fcr\u00fcrken ergenlik s\u00fcrpriz bir \u015fekilde kar\u015f\u0131na \u00e7\u0131k\u0131verir! Yava\u015f yava\u015f gen\u00e7li\u011fe ge\u00e7i\u015f yaparken v\u00fccudunda neler olup bitti\u011fini merak ediyorsan hi\u00e7 endi\u015felenme, bu kitapta sana yol g\u00f6sterecek ve akl\u0131ndaki sorular\u0131 yan\u0131tlayacak her \u015fey var. Ergenlik: Erkek \u00c7ocuklar\u0131n Gen\u00e7li\u011fe \u0130lk Ad\u0131m Rehberi, bedenine ve de\u011fi\u015fimlerine sayg\u0131 g\u00f6stererek ergenlik d\u00f6nemini g\u00fcvenle atlatmana yard\u0131mc\u0131 olacak harika bir arkada\u015f. Fiziksel ve zihinsel de\u011fi\u015fimlerle nas\u0131l ba\u015fa \u00e7\u0131kaca\u011f\u0131n\u0131 anlatan bu kitap, daima senin arkan\u0131 kollayacak, bu sayede sen de \u00f6n\u00fcndeki g\u00fczel g\u00fcnlere odaklanabileceksin. \u2022 B\u0130LG\u0130, G\u00dc\u00c7T\u00dcR: B\u00fcy\u00fcme ser\u00fcveninde meydana gelen de\u011fi\u015fimleri anlamak ve kucaklamak i\u00e7in her t\u00fcrl\u00fc bilgiyi \u00f6\u011fren. \u2022 HER DUYGUYU YA\u015eA: Yarat\u0131c\u0131l\u0131\u011f\u0131n\u0131 konu\u015fturarak, egzersizlerden faydalanarak ve fark\u0131ndal\u0131k \u00fczerine \u00e7al\u0131\u015farak g\u00fc\u00e7l\u00fc duygularla nas\u0131l ba\u015fa \u00e7\u0131kaca\u011f\u0131n\u0131 anla. \u2022 GER\u00c7EK KONULAR: Sosyal medya, ya\u015f\u0131t bask\u0131s\u0131 ve g\u00fcn\u00fcm\u00fczdeki daha pek \u00e7ok zorlu\u011fun nas\u0131l \u00fcstesinden gelebilece\u011finle ilgili tavsiyeler edin.<\/p>\n","protected":false},"excerpt":{"rendered":"<p>\u2022 Duygular ve D\u00fc\u015f\u00fcnceler \u2022 V\u00fccut De\u011fi\u015fimleri \u2022 Hormonlar \u2022 Aile ve Arkada\u015flar \u2022 Uyku \u2022 Spor \u2022 Sa\u011fl\u0131k \u2022 Beslenme \u2022 Sosyal Medya \u2022 Ve<span class=\"excerpt-hellip\"> [\u2026]<\/span><\/p>\n","protected":false},"featured_media":0,"template":"","meta":{"_monsterinsights_skip_tracking":false,"_monsterinsights_sitenote_active":false,"_monsterinsights_sitenote_note":"","_monsterinsights_sitenote_category":0},"product_brand":[],"product_cat":[26509,13365],"product_tag":[],"class_list":{"0":"post-742394","1":"product","2":"type-product","3":"status-publish","5":"product_cat-cocuk-gelisimi","6":"product_cat-saglik","7":"pa_cilt-ciltsiz","8":"pa_tur-kitap","9":"pa_yayinevi-peta-kitap","10":"pa_yazar-scott-todnem","12":"first","13":"instock","14":"sale","15":"shipping-taxable","16":"purchasable","17":"product-type-simple"},"_links":{"self":[{"href":"https:\/\/roveyayinevi.com.tr\/index.php\/wp-json\/wp\/v2\/product\/742394","targetHints":{"allow":["GET"]}}],"collection":[{"href":"https:\/\/roveyayinevi.com.tr\/index.php\/wp-json\/wp\/v2\/product"}],"about":[{"href":"https:\/\/roveyayinevi.com.tr\/index.php\/wp-json\/wp\/v2\/types\/product"}],"wp:attachment":[{"href":"https:\/\/roveyayinevi.com.tr\/index.php\/wp-json\/wp\/v2\/media?parent=742394"}],"wp:term":[{"taxonomy":"product_brand","embeddable":true,"href":"https:\/\/roveyayinevi.com.tr\/index.php\/wp-json\/wp\/v2\/product_brand?post=742394"},{"taxonomy":"product_cat","embeddable":true,"href":"https:\/\/roveyayinevi.com.tr\/index.php\/wp-json\/wp\/v2\/product_cat?post=742394"},{"taxonomy":"product_tag","embeddable":true,"href":"https:\/\/roveyayinevi.com.tr\/index.php\/wp-json\/wp\/v2\/product_tag?post=742394"}],"curies":[{"name":"wp","href":"https:\/\/api.w.org\/{rel}","templated":true}]}}