{"id":742393,"date":"2025-08-28T01:10:25","date_gmt":"2025-08-27T22:10:25","guid":{"rendered":"https:\/\/roveyayinevi.com.tr\/index.php\/urun\/dinozor-dedektifleri-gokkusagi-yilani\/"},"modified":"2026-04-16T02:53:27","modified_gmt":"2026-04-15T23:53:27","slug":"dinozor-dedektifleri-gokkusagi-yilani","status":"publish","type":"product","link":"https:\/\/roveyayinevi.com.tr\/index.php\/urun\/dinozor-dedektifleri-gokkusagi-yilani\/","title":{"rendered":"Dinozor Dedektifleri &#8211; G\u00f6kku\u015fa\u011f\u0131 Y\u0131lan\u0131"},"content":{"rendered":"<p>Metin, Jale ve Altan Bey yepyeni bir macera i\u00e7in yola koyuluyor ve bu sefer Avustralya&#8217;n\u0131n opal ta\u015f\u0131 madenlerinde fosil aramaya gidiyorlar! Ancak g\u00f6r\u00fcn\u00fc\u015fe g\u00f6re yerli madenciler onlardan pek ho\u015fnut de\u011filler. Bu sefer kahramanlar\u0131m\u0131z g\u00fcvenli olmayan dar t\u00fcnellere inmek zorunda kal\u0131yorlar. \u00dc\u00e7l\u00fcn\u00fcn maden maceralar\u0131 ters gitmeye ba\u015flay\u0131nca, olanlar\u0131n ard\u0131nda k\u00f6t\u00fc birilerinin varl\u0131\u011f\u0131ndan \u015f\u00fcpheleniyorlar&#8230;<\/p>\n","protected":false},"excerpt":{"rendered":"<p>Metin, Jale ve Altan Bey yepyeni bir macera i\u00e7in yola koyuluyor ve bu sefer Avustralya&#8217;n\u0131n opal ta\u015f\u0131 madenlerinde fosil aramaya gidiyorlar! Ancak g\u00f6r\u00fcn\u00fc\u015fe g\u00f6re yerli madenciler<span class=\"excerpt-hellip\"> [\u2026]<\/span><\/p>\n","protected":false},"featured_media":0,"template":"","meta":{"_monsterinsights_skip_tracking":false,"_monsterinsights_sitenote_active":false,"_monsterinsights_sitenote_note":"","_monsterinsights_sitenote_category":0},"product_brand":[],"product_cat":[12274,12284],"product_tag":[],"class_list":{"0":"post-742393","1":"product","2":"type-product","3":"status-publish","5":"product_cat-cocuk-ve-genclik-kitaplari","6":"product_cat-hikayeler","7":"pa_cilt-ciltsiz","8":"pa_tur-kitap","9":"pa_yayinevi-peta-kitap","10":"pa_yazar-stephanie-baudet","12":"first","13":"instock","14":"sale","15":"shipping-taxable","16":"purchasable","17":"product-type-simple"},"_links":{"self":[{"href":"https:\/\/roveyayinevi.com.tr\/index.php\/wp-json\/wp\/v2\/product\/742393","targetHints":{"allow":["GET"]}}],"collection":[{"href":"https:\/\/roveyayinevi.com.tr\/index.php\/wp-json\/wp\/v2\/product"}],"about":[{"href":"https:\/\/roveyayinevi.com.tr\/index.php\/wp-json\/wp\/v2\/types\/product"}],"wp:attachment":[{"href":"https:\/\/roveyayinevi.com.tr\/index.php\/wp-json\/wp\/v2\/media?parent=742393"}],"wp:term":[{"taxonomy":"product_brand","embeddable":true,"href":"https:\/\/roveyayinevi.com.tr\/index.php\/wp-json\/wp\/v2\/product_brand?post=742393"},{"taxonomy":"product_cat","embeddable":true,"href":"https:\/\/roveyayinevi.com.tr\/index.php\/wp-json\/wp\/v2\/product_cat?post=742393"},{"taxonomy":"product_tag","embeddable":true,"href":"https:\/\/roveyayinevi.com.tr\/index.php\/wp-json\/wp\/v2\/product_tag?post=742393"}],"curies":[{"name":"wp","href":"https:\/\/api.w.org\/{rel}","templated":true}]}}