{"id":742392,"date":"2025-08-28T01:10:23","date_gmt":"2025-08-27T22:10:23","guid":{"rendered":"https:\/\/roveyayinevi.com.tr\/index.php\/urun\/dinozor-dedektifleri-drakula-ejderhalar-ve-dinozorlar\/"},"modified":"2026-04-16T02:53:27","modified_gmt":"2026-04-15T23:53:27","slug":"dinozor-dedektifleri-drakula-ejderhalar-ve-dinozorlar","status":"publish","type":"product","link":"https:\/\/roveyayinevi.com.tr\/index.php\/urun\/dinozor-dedektifleri-drakula-ejderhalar-ve-dinozorlar\/","title":{"rendered":"Dinozor Dedektifleri &#8211; Drakula, Ejderhalar ve Dinozorlar"},"content":{"rendered":"<p>Romanya&#8217;daki kaz\u0131 alan\u0131ndan paha bi\u00e7ilemez de\u011ferdeki fosille\u015fmi\u015f yumurtalar\u0131 \u00e7alan sahtek\u00e2r F\u0131rat A\u00e7\u0131kg\u00f6z&#8217;\u00fcn nerede sakland\u0131\u011f\u0131n\u0131 en iyi sadece Bay Keskin bilebilirdi. Metin ve Jale de \u00fcrk\u00fct\u00fcc\u00fc Transilvanya&#8217;daki bu ka\u00e7ak\u00e7\u0131l\u0131k olay\u0131n\u0131 ortaya \u00e7\u0131karmak i\u00e7in Bay Keskin&#8217;e babas\u0131na yard\u0131m ediyor. Ama A\u00e7\u0131kg\u00f6z&#8217;\u00fc \u00e7ok ge\u00e7 olmadan yakalayabilecekler mi? Ve penceredeki o gizemli g\u00f6lge de ne? Amazon Ya\u011fmur Ormanlar\u0131&#8217;ndaki maceras\u0131na kat\u0131l\u0131n!<\/p>\n","protected":false},"excerpt":{"rendered":"<p>Romanya&#8217;daki kaz\u0131 alan\u0131ndan paha bi\u00e7ilemez de\u011ferdeki fosille\u015fmi\u015f yumurtalar\u0131 \u00e7alan sahtek\u00e2r F\u0131rat A\u00e7\u0131kg\u00f6z&#8217;\u00fcn nerede sakland\u0131\u011f\u0131n\u0131 en iyi sadece Bay Keskin bilebilirdi. Metin ve Jale de \u00fcrk\u00fct\u00fcc\u00fc Transilvanya&#8217;daki<span class=\"excerpt-hellip\"> [\u2026]<\/span><\/p>\n","protected":false},"featured_media":0,"template":"","meta":{"_monsterinsights_skip_tracking":false,"_monsterinsights_sitenote_active":false,"_monsterinsights_sitenote_note":"","_monsterinsights_sitenote_category":0},"product_brand":[],"product_cat":[12274,12284],"product_tag":[],"class_list":{"0":"post-742392","1":"product","2":"type-product","3":"status-publish","5":"product_cat-cocuk-ve-genclik-kitaplari","6":"product_cat-hikayeler","7":"pa_cilt-ciltsiz","8":"pa_tur-kitap","9":"pa_yayinevi-peta-kitap","10":"pa_yazar-stephanie-baudet","12":"first","13":"instock","14":"sale","15":"shipping-taxable","16":"purchasable","17":"product-type-simple"},"_links":{"self":[{"href":"https:\/\/roveyayinevi.com.tr\/index.php\/wp-json\/wp\/v2\/product\/742392","targetHints":{"allow":["GET"]}}],"collection":[{"href":"https:\/\/roveyayinevi.com.tr\/index.php\/wp-json\/wp\/v2\/product"}],"about":[{"href":"https:\/\/roveyayinevi.com.tr\/index.php\/wp-json\/wp\/v2\/types\/product"}],"wp:attachment":[{"href":"https:\/\/roveyayinevi.com.tr\/index.php\/wp-json\/wp\/v2\/media?parent=742392"}],"wp:term":[{"taxonomy":"product_brand","embeddable":true,"href":"https:\/\/roveyayinevi.com.tr\/index.php\/wp-json\/wp\/v2\/product_brand?post=742392"},{"taxonomy":"product_cat","embeddable":true,"href":"https:\/\/roveyayinevi.com.tr\/index.php\/wp-json\/wp\/v2\/product_cat?post=742392"},{"taxonomy":"product_tag","embeddable":true,"href":"https:\/\/roveyayinevi.com.tr\/index.php\/wp-json\/wp\/v2\/product_tag?post=742392"}],"curies":[{"name":"wp","href":"https:\/\/api.w.org\/{rel}","templated":true}]}}