{"id":742391,"date":"2025-08-28T01:10:22","date_gmt":"2025-08-27T22:10:22","guid":{"rendered":"https:\/\/roveyayinevi.com.tr\/index.php\/urun\/dinozor-dedektifleri-jurassic-sahili\/"},"modified":"2026-04-16T02:53:27","modified_gmt":"2026-04-15T23:53:27","slug":"dinozor-dedektifleri-jurassic-sahili","status":"publish","type":"product","link":"https:\/\/roveyayinevi.com.tr\/index.php\/urun\/dinozor-dedektifleri-jurassic-sahili\/","title":{"rendered":"Dinozor Dedektifleri &#8211; Jurassic Sahili"},"content":{"rendered":"<p>Metin ve ailesi bir s\u00fcreli\u011fine dinozorlara ara veriyorlar! Bu tatilde, uzaktan amcas\u0131n\u0131n evini toplamak i\u00e7in Dorset&#8217;e gidiyorlar. Ancak bodrum kat\u0131nda Mary Anning&#8217;e ait eski bir harita bulunca Metin ve Jale ara\u015ft\u0131rma yapma i\u00e7g\u00fcd\u00fclerine kar\u015f\u0131 koyam\u0131yorlar. Jurassic Sahili&#8217;nde fosillerle kar\u015f\u0131la\u015fmama ihtimali \u00e7ok d\u00fc\u015f\u00fck fakat Lyme Regis falezlerinde saklanan tek \u015fey dinozorlar de\u011fil&#8230;<\/p>\n","protected":false},"excerpt":{"rendered":"<p>Metin ve ailesi bir s\u00fcreli\u011fine dinozorlara ara veriyorlar! Bu tatilde, uzaktan amcas\u0131n\u0131n evini toplamak i\u00e7in Dorset&#8217;e gidiyorlar. Ancak bodrum kat\u0131nda Mary Anning&#8217;e ait eski bir harita<span class=\"excerpt-hellip\"> [\u2026]<\/span><\/p>\n","protected":false},"featured_media":0,"template":"","meta":{"_monsterinsights_skip_tracking":false,"_monsterinsights_sitenote_active":false,"_monsterinsights_sitenote_note":"","_monsterinsights_sitenote_category":0},"product_brand":[],"product_cat":[12274,12284],"product_tag":[],"class_list":{"0":"post-742391","1":"product","2":"type-product","3":"status-publish","5":"product_cat-cocuk-ve-genclik-kitaplari","6":"product_cat-hikayeler","7":"pa_cilt-ciltsiz","8":"pa_tur-kitap","9":"pa_yayinevi-peta-kitap","10":"pa_yazar-stephanie-baudet","12":"first","13":"instock","14":"sale","15":"shipping-taxable","16":"purchasable","17":"product-type-simple"},"_links":{"self":[{"href":"https:\/\/roveyayinevi.com.tr\/index.php\/wp-json\/wp\/v2\/product\/742391","targetHints":{"allow":["GET"]}}],"collection":[{"href":"https:\/\/roveyayinevi.com.tr\/index.php\/wp-json\/wp\/v2\/product"}],"about":[{"href":"https:\/\/roveyayinevi.com.tr\/index.php\/wp-json\/wp\/v2\/types\/product"}],"wp:attachment":[{"href":"https:\/\/roveyayinevi.com.tr\/index.php\/wp-json\/wp\/v2\/media?parent=742391"}],"wp:term":[{"taxonomy":"product_brand","embeddable":true,"href":"https:\/\/roveyayinevi.com.tr\/index.php\/wp-json\/wp\/v2\/product_brand?post=742391"},{"taxonomy":"product_cat","embeddable":true,"href":"https:\/\/roveyayinevi.com.tr\/index.php\/wp-json\/wp\/v2\/product_cat?post=742391"},{"taxonomy":"product_tag","embeddable":true,"href":"https:\/\/roveyayinevi.com.tr\/index.php\/wp-json\/wp\/v2\/product_tag?post=742391"}],"curies":[{"name":"wp","href":"https:\/\/api.w.org\/{rel}","templated":true}]}}