{"id":742390,"date":"2025-08-28T01:10:21","date_gmt":"2025-08-27T22:10:21","guid":{"rendered":"https:\/\/roveyayinevi.com.tr\/index.php\/urun\/dinozor-dedektifleri-horusun-gozu\/"},"modified":"2026-04-16T02:53:26","modified_gmt":"2026-04-15T23:53:26","slug":"dinozor-dedektifleri-horusun-gozu","status":"publish","type":"product","link":"https:\/\/roveyayinevi.com.tr\/index.php\/urun\/dinozor-dedektifleri-horusun-gozu\/","title":{"rendered":"Dinozor Dedektifleri &#8211; Horus&#8217;un G\u00f6z\u00fc"},"content":{"rendered":"<p>Metin, Jale ve Bay Keskin piramitleri g\u00f6rmeye gidiyor! Ancak bu tabii ki \u00e7al\u0131\u015fmayacaklar\u0131 anlam\u0131na gelmiyor. Metin, Jale ve M\u0131s\u0131rl\u0131 arkada\u015flar\u0131 Ekrem, fosille\u015fmi\u015f yumurtalar\u0131n bulundu\u011fu kaz\u0131 alan\u0131nda eski bir lahit ke\u015ffeder. Herkes i\u00e7erisinde ne gibi s\u0131rlar saklad\u0131\u011f\u0131n\u0131 merak etmektedir. Ancak Bay Keskin aniden tutuklan\u0131nca ve Metin daha \u00f6nce hi\u00e7 tecr\u00fcbe etmedi\u011fi g\u00f6r\u00fcnt\u00fclere \u015fahit olunca \u00fc\u00e7l\u00fcm\u00fcz korkun\u00e7 bir laneti a\u00e7\u0131\u011fa \u00e7\u0131kard\u0131klar\u0131ndan \u015f\u00fcphelenir.<\/p>\n","protected":false},"excerpt":{"rendered":"<p>Metin, Jale ve Bay Keskin piramitleri g\u00f6rmeye gidiyor! Ancak bu tabii ki \u00e7al\u0131\u015fmayacaklar\u0131 anlam\u0131na gelmiyor. Metin, Jale ve M\u0131s\u0131rl\u0131 arkada\u015flar\u0131 Ekrem, fosille\u015fmi\u015f yumurtalar\u0131n bulundu\u011fu kaz\u0131 alan\u0131nda<span class=\"excerpt-hellip\"> [\u2026]<\/span><\/p>\n","protected":false},"featured_media":0,"template":"","meta":{"_monsterinsights_skip_tracking":false,"_monsterinsights_sitenote_active":false,"_monsterinsights_sitenote_note":"","_monsterinsights_sitenote_category":0},"product_brand":[],"product_cat":[12274,12284],"product_tag":[],"class_list":{"0":"post-742390","1":"product","2":"type-product","3":"status-publish","5":"product_cat-cocuk-ve-genclik-kitaplari","6":"product_cat-hikayeler","7":"pa_cilt-ciltsiz","8":"pa_tur-kitap","9":"pa_yayinevi-peta-kitap","10":"pa_yazar-stephanie-baudet","12":"first","13":"instock","14":"sale","15":"shipping-taxable","16":"purchasable","17":"product-type-simple"},"_links":{"self":[{"href":"https:\/\/roveyayinevi.com.tr\/index.php\/wp-json\/wp\/v2\/product\/742390","targetHints":{"allow":["GET"]}}],"collection":[{"href":"https:\/\/roveyayinevi.com.tr\/index.php\/wp-json\/wp\/v2\/product"}],"about":[{"href":"https:\/\/roveyayinevi.com.tr\/index.php\/wp-json\/wp\/v2\/types\/product"}],"wp:attachment":[{"href":"https:\/\/roveyayinevi.com.tr\/index.php\/wp-json\/wp\/v2\/media?parent=742390"}],"wp:term":[{"taxonomy":"product_brand","embeddable":true,"href":"https:\/\/roveyayinevi.com.tr\/index.php\/wp-json\/wp\/v2\/product_brand?post=742390"},{"taxonomy":"product_cat","embeddable":true,"href":"https:\/\/roveyayinevi.com.tr\/index.php\/wp-json\/wp\/v2\/product_cat?post=742390"},{"taxonomy":"product_tag","embeddable":true,"href":"https:\/\/roveyayinevi.com.tr\/index.php\/wp-json\/wp\/v2\/product_tag?post=742390"}],"curies":[{"name":"wp","href":"https:\/\/api.w.org\/{rel}","templated":true}]}}