{"id":742388,"date":"2025-08-28T01:10:18","date_gmt":"2025-08-27T22:10:18","guid":{"rendered":"https:\/\/roveyayinevi.com.tr\/index.php\/urun\/dinozor-dedektifleri-donmus-col\/"},"modified":"2026-04-16T02:53:26","modified_gmt":"2026-04-15T23:53:26","slug":"dinozor-dedektifleri-donmus-col","status":"publish","type":"product","link":"https:\/\/roveyayinevi.com.tr\/index.php\/urun\/dinozor-dedektifleri-donmus-col\/","title":{"rendered":"Dinozor Dedektifleri \/ Donmu\u015f \u00c7\u00f6l"},"content":{"rendered":"<p>Metin, Jale ve Altan Bey; yeni bir g\u00f6rev i\u00e7in Cassell Antarktika Ara\u015ft\u0131rma \u00dcss\u00fc&#8217;ne geldiklerinde bu donmu\u015f arazide fosillerini huzur i\u00e7inde arayabileceklerini d\u00fc\u015f\u00fcn\u00fcrler. Ancak de\u011ferli bulgular\u0131 kaybolmaya ba\u015flay\u0131nca, Metin bu i\u015fin i\u00e7inde F\u0131rat A\u00e7\u0131kg\u00f6z&#8217;\u00fcn oldu\u011fundan \u015f\u00fcphelenir&#8230; Buzullar, tehlikelerle dolu bir yer olabilir! \u00dc\u00e7l\u00fcm\u00fcz ise \u00e7ok ge\u00e7meden d\u00fcnyan\u0131n en \u0131ss\u0131z ve en so\u011fuk yerinde onlar\u0131 bekleyen s\u00fcrprizlerle kar\u015f\u0131 kar\u015f\u0131ya kal\u0131rlar. Metin ve ailesinin Antarktika&#8217;daki yeni ve riskli g\u00f6revine kat\u0131l\u0131n!<\/p>\n","protected":false},"excerpt":{"rendered":"<p>Metin, Jale ve Altan Bey; yeni bir g\u00f6rev i\u00e7in Cassell Antarktika Ara\u015ft\u0131rma \u00dcss\u00fc&#8217;ne geldiklerinde bu donmu\u015f arazide fosillerini huzur i\u00e7inde arayabileceklerini d\u00fc\u015f\u00fcn\u00fcrler. Ancak de\u011ferli bulgular\u0131 kaybolmaya<span class=\"excerpt-hellip\"> [\u2026]<\/span><\/p>\n","protected":false},"featured_media":0,"template":"","meta":{"_monsterinsights_skip_tracking":false,"_monsterinsights_sitenote_active":false,"_monsterinsights_sitenote_note":"","_monsterinsights_sitenote_category":0},"product_brand":[],"product_cat":[12274,12284],"product_tag":[],"class_list":{"0":"post-742388","1":"product","2":"type-product","3":"status-publish","5":"product_cat-cocuk-ve-genclik-kitaplari","6":"product_cat-hikayeler","7":"pa_cilt-ciltsiz","8":"pa_tur-kitap","9":"pa_yayinevi-peta-kitap","10":"pa_yazar-stephanie-baudet","12":"first","13":"instock","14":"sale","15":"shipping-taxable","16":"purchasable","17":"product-type-simple"},"_links":{"self":[{"href":"https:\/\/roveyayinevi.com.tr\/index.php\/wp-json\/wp\/v2\/product\/742388","targetHints":{"allow":["GET"]}}],"collection":[{"href":"https:\/\/roveyayinevi.com.tr\/index.php\/wp-json\/wp\/v2\/product"}],"about":[{"href":"https:\/\/roveyayinevi.com.tr\/index.php\/wp-json\/wp\/v2\/types\/product"}],"wp:attachment":[{"href":"https:\/\/roveyayinevi.com.tr\/index.php\/wp-json\/wp\/v2\/media?parent=742388"}],"wp:term":[{"taxonomy":"product_brand","embeddable":true,"href":"https:\/\/roveyayinevi.com.tr\/index.php\/wp-json\/wp\/v2\/product_brand?post=742388"},{"taxonomy":"product_cat","embeddable":true,"href":"https:\/\/roveyayinevi.com.tr\/index.php\/wp-json\/wp\/v2\/product_cat?post=742388"},{"taxonomy":"product_tag","embeddable":true,"href":"https:\/\/roveyayinevi.com.tr\/index.php\/wp-json\/wp\/v2\/product_tag?post=742388"}],"curies":[{"name":"wp","href":"https:\/\/api.w.org\/{rel}","templated":true}]}}