{"id":742387,"date":"2025-08-28T01:10:17","date_gmt":"2025-08-27T22:10:17","guid":{"rendered":"https:\/\/roveyayinevi.com.tr\/index.php\/urun\/dinozor-dedektifleri-amazon-ormanlarinda\/"},"modified":"2026-04-16T02:53:26","modified_gmt":"2026-04-15T23:53:26","slug":"dinozor-dedektifleri-amazon-ormanlarinda","status":"publish","type":"product","link":"https:\/\/roveyayinevi.com.tr\/index.php\/urun\/dinozor-dedektifleri-amazon-ormanlarinda\/","title":{"rendered":"Dinozor Dedektifleri \/ Amazon Ormanlar\u0131&#8217;nda"},"content":{"rendered":"<p>Metin Keskin&#8217;in olduk\u00e7a gizli bir yetene\u011fi var: E\u011fer dinozor yumurtalar\u0131na dokunursa tarih \u00f6ncesi d\u00fcnyaya ait g\u00f6r\u00fcnt\u00fcler tecr\u00fcbe edebiliyor! Bu, onun i\u00e7in bir \u015fans \u00e7\u00fcnk\u00fc o da t\u0131pk\u0131 babas\u0131 gibi bir paleontolog olmak istiyor. Ve \u015fimdi on iki ya\u015f\u0131ndaki Metin, babas\u0131n\u0131n liderli\u011fini yapt\u0131\u011f\u0131 olduk\u00e7a heyecanl\u0131 dinozor yumurtalar\u0131 bulma maceras\u0131na kat\u0131l\u0131yor. Ancak ne b\u00fcy\u00fck \u015fanss\u0131zl\u0131k ki on bir ya\u015f\u0131ndaki kuzeni Jale de onlarla birlikte geliyor. Daha da k\u00f6t\u00fcs\u00fc g\u00f6r\u00fcn\u00fc\u015fe g\u00f6re babas\u0131n\u0131n rakibi de onlar\u0131 takip ediyor! Bu yar\u0131\u015f\u0131 kim kazanacak ve fosilleri ilk kim bulacak? Metin, Jale ve babas\u0131n\u0131n Amazon Ya\u011fmur Ormanlar\u0131&#8217;ndaki maceras\u0131na kat\u0131l\u0131n!<\/p>\n","protected":false},"excerpt":{"rendered":"<p>Metin Keskin&#8217;in olduk\u00e7a gizli bir yetene\u011fi var: E\u011fer dinozor yumurtalar\u0131na dokunursa tarih \u00f6ncesi d\u00fcnyaya ait g\u00f6r\u00fcnt\u00fcler tecr\u00fcbe edebiliyor! Bu, onun i\u00e7in bir \u015fans \u00e7\u00fcnk\u00fc o da<span class=\"excerpt-hellip\"> [\u2026]<\/span><\/p>\n","protected":false},"featured_media":0,"template":"","meta":{"_monsterinsights_skip_tracking":false,"_monsterinsights_sitenote_active":false,"_monsterinsights_sitenote_note":"","_monsterinsights_sitenote_category":0},"product_brand":[],"product_cat":[12274,12284],"product_tag":[],"class_list":{"0":"post-742387","1":"product","2":"type-product","3":"status-publish","5":"product_cat-cocuk-ve-genclik-kitaplari","6":"product_cat-hikayeler","7":"pa_cilt-ciltsiz","8":"pa_tur-kitap","9":"pa_yayinevi-peta-kitap","10":"pa_yazar-stephanie-baudet","12":"first","13":"instock","14":"sale","15":"shipping-taxable","16":"purchasable","17":"product-type-simple"},"_links":{"self":[{"href":"https:\/\/roveyayinevi.com.tr\/index.php\/wp-json\/wp\/v2\/product\/742387","targetHints":{"allow":["GET"]}}],"collection":[{"href":"https:\/\/roveyayinevi.com.tr\/index.php\/wp-json\/wp\/v2\/product"}],"about":[{"href":"https:\/\/roveyayinevi.com.tr\/index.php\/wp-json\/wp\/v2\/types\/product"}],"wp:attachment":[{"href":"https:\/\/roveyayinevi.com.tr\/index.php\/wp-json\/wp\/v2\/media?parent=742387"}],"wp:term":[{"taxonomy":"product_brand","embeddable":true,"href":"https:\/\/roveyayinevi.com.tr\/index.php\/wp-json\/wp\/v2\/product_brand?post=742387"},{"taxonomy":"product_cat","embeddable":true,"href":"https:\/\/roveyayinevi.com.tr\/index.php\/wp-json\/wp\/v2\/product_cat?post=742387"},{"taxonomy":"product_tag","embeddable":true,"href":"https:\/\/roveyayinevi.com.tr\/index.php\/wp-json\/wp\/v2\/product_tag?post=742387"}],"curies":[{"name":"wp","href":"https:\/\/api.w.org\/{rel}","templated":true}]}}