{"id":742385,"date":"2025-08-28T01:10:14","date_gmt":"2025-08-27T22:10:14","guid":{"rendered":"https:\/\/roveyayinevi.com.tr\/index.php\/urun\/cocuklar-ve-canavarlari\/"},"modified":"2026-04-03T02:57:34","modified_gmt":"2026-04-02T23:57:34","slug":"cocuklar-ve-canavarlari","status":"publish","type":"product","link":"https:\/\/roveyayinevi.com.tr\/index.php\/urun\/cocuklar-ve-canavarlari\/","title":{"rendered":"\u00c7ocuklar ve Canavarlar\u0131"},"content":{"rendered":"<p>\u201cOnu g\u00f6rd\u00fc\u011f\u00fcm anda ne hissedece\u011fimi merak ediyordum. \u00d6fkem, nefretim, utanc\u0131m, her ne olacaksa hissetti\u011fim, bunu \u00f6l\u00e7ecektim. \u015eu anda a\u015famayacakm\u0131\u015f\u0131m gibi gelse de a\u015f\u0131p a\u015famayaca\u011f\u0131m\u0131 \u00f6l\u00e7ecektim. \u0130ntikam iste\u011fimi ya da. \u015eu anda i\u00e7imde g\u00fcnbeg\u00fcn b\u00fcy\u00fcyen. Bu adama, hayat\u0131mda hi\u00e7 olmamas\u0131 gereken bu adama kar\u015f\u0131 bu kadar kuvvetli bir \u015feyler hissetmek beni fel\u00e7 edebilirdi, hayat\u0131m de\u011fi\u015febilirdi. (&#8230;) Onu acilen affetmeliydim. Acilen bir hik\u00e2ye, bir roman yazmal\u0131yd\u0131m. \u00c7\u00fcnk\u00fc ben d\u00fc\u015fmanlar\u0131m\u0131 hep edebiyatta affettim.\u201d Ahmet Tulgar, \u00c7ocuklar ve Canavarlar\u0131\u2019nda cinayet \u015fubede g\u00f6revli bir komiserle, bir \u201cmafya m\u00fcsveddesini\u201d \u00f6ld\u00fcren \u00fcnl\u00fc yazar Sarp Kaya\u2019n\u0131n sorgu masas\u0131nda kesi\u015fen ve g\u00fcn ge\u00e7tik\u00e7e i\u00e7 i\u00e7e ge\u00e7en hik\u00e2yelerini anlat\u0131yor. Hik\u00e2yeler i\u00e7 i\u00e7e ge\u00e7tik\u00e7e roller de de\u011fi\u015fiyor. Sorgulayan sorgulanan oluyor, hayata bak\u0131\u015f\u0131, ad\u0131mlar\u0131, c\u00fcmleleri dizi\u015fi farkl\u0131la\u015f\u0131yor. Merhametle hiddet, affetmekle kin g\u00fctmek, sevgiyle nefret aras\u0131ndaki \u00e7izgiyi \u015feffafla\u015ft\u0131ran; yazmak ve yazman\u0131n d\u00f6n\u00fc\u015ft\u00fcr\u00fcc\u00fc g\u00fcc\u00fc \u00fczerine d\u00fc\u015f\u00fcnd\u00fcren, sars\u0131c\u0131 bir roman\u2026<\/p>\n","protected":false},"excerpt":{"rendered":"<p>\u201cOnu g\u00f6rd\u00fc\u011f\u00fcm anda ne hissedece\u011fimi merak ediyordum. \u00d6fkem, nefretim, utanc\u0131m, her ne olacaksa hissetti\u011fim, bunu \u00f6l\u00e7ecektim. \u015eu anda a\u015famayacakm\u0131\u015f\u0131m gibi gelse de a\u015f\u0131p a\u015famayaca\u011f\u0131m\u0131 \u00f6l\u00e7ecektim. \u0130ntikam<span class=\"excerpt-hellip\"> [\u2026]<\/span><\/p>\n","protected":false},"featured_media":0,"template":"","meta":{"_monsterinsights_skip_tracking":false,"_monsterinsights_sitenote_active":false,"_monsterinsights_sitenote_note":"","_monsterinsights_sitenote_category":0},"product_brand":[],"product_cat":[12291,12711],"product_tag":[],"class_list":{"0":"post-742385","1":"product","2":"type-product","3":"status-publish","5":"product_cat-edebiyat","6":"product_cat-roman-oyku","7":"pa_cilt-ciltsiz","8":"pa_tur-kitap","9":"pa_yayinevi-iletisim-yayinlari","10":"pa_yazar-ahmet-tulgar","12":"first","13":"instock","14":"sale","15":"shipping-taxable","16":"purchasable","17":"product-type-simple"},"_links":{"self":[{"href":"https:\/\/roveyayinevi.com.tr\/index.php\/wp-json\/wp\/v2\/product\/742385","targetHints":{"allow":["GET"]}}],"collection":[{"href":"https:\/\/roveyayinevi.com.tr\/index.php\/wp-json\/wp\/v2\/product"}],"about":[{"href":"https:\/\/roveyayinevi.com.tr\/index.php\/wp-json\/wp\/v2\/types\/product"}],"wp:attachment":[{"href":"https:\/\/roveyayinevi.com.tr\/index.php\/wp-json\/wp\/v2\/media?parent=742385"}],"wp:term":[{"taxonomy":"product_brand","embeddable":true,"href":"https:\/\/roveyayinevi.com.tr\/index.php\/wp-json\/wp\/v2\/product_brand?post=742385"},{"taxonomy":"product_cat","embeddable":true,"href":"https:\/\/roveyayinevi.com.tr\/index.php\/wp-json\/wp\/v2\/product_cat?post=742385"},{"taxonomy":"product_tag","embeddable":true,"href":"https:\/\/roveyayinevi.com.tr\/index.php\/wp-json\/wp\/v2\/product_tag?post=742385"}],"curies":[{"name":"wp","href":"https:\/\/api.w.org\/{rel}","templated":true}]}}