{"id":742384,"date":"2025-08-28T01:10:14","date_gmt":"2025-08-27T22:10:14","guid":{"rendered":"https:\/\/roveyayinevi.com.tr\/index.php\/urun\/evrim-bilim-ve-tarih-bu-yasam-gorusunde-ihtisam-var\/"},"modified":"2026-03-17T02:59:54","modified_gmt":"2026-03-16T23:59:54","slug":"evrim-bilim-ve-tarih-bu-yasam-gorusunde-ihtisam-var","status":"publish","type":"product","link":"https:\/\/roveyayinevi.com.tr\/index.php\/urun\/evrim-bilim-ve-tarih-bu-yasam-gorusunde-ihtisam-var\/","title":{"rendered":"Evrim, Bilim ve Tarih -Bu Ya\u015fam G\u00f6r\u00fc\u015f\u00fcnde \u0130hti\u015fam Var-"},"content":{"rendered":"<p>Evrim, Bilim ve Tarih itici g\u00fcc\u00fcn\u00fc ya\u015fam\u0131n b\u00fcy\u00fcleyici \u00e7e\u015fitlili\u011finden alan entelekt\u00fcel maceran\u0131n motoru evrimsel biyolojinin bulgular\u0131n\u0131 k\u00fc\u00e7\u00fck ama yo\u011fun b\u00f6l\u00fcmler halinde sunma \u00e7abas\u0131n\u0131n bir sonucu olarak ortaya \u00e7\u0131kt\u0131. Bu b\u00f6l\u00fcmler yazar\u0131n\u0131n evrimsel genetik\u00e7i olmas\u0131n\u0131n a\u011f\u0131rl\u0131\u011f\u0131n\u0131 ta\u015f\u0131salar da -fosil bilim bulgular\u0131 \u00fczerinden okunan son derece bilgilendirici ve bir o kadar da heyecanl\u0131 ya\u015fam tarihine, bir ba\u015fka deyi\u015fle biyolojik evrimin tarihsel manzaras\u0131na, pek de\u011finilmedi- evrimsel biyolojinin tarihsel ser\u00fcvenini ve modem bilimsel i\u00e7eri\u011fini \u00f6nemli \u00f6l\u00e7\u00fcde yans\u0131t\u0131yorlar.     Yaz\u0131lan\u0131n tamam\u0131, bilimsel aktivitenin tarih d\u0131\u015f\u0131l\u0131\u011f\u0131 iddias\u0131na olan temelden itiraz\u0131n da bir yans\u0131mas\u0131d\u0131r. Evrimsel biyolojinin kaydetti\u011fi ilerlemeleri tarihsel y\u00fczlerinin diyalekti\u011fi \u00e7er\u00e7evesine ele almaya \u00e7al\u0131\u015ft\u0131m m\u00fcmk\u00fcn oldu\u011funca. Kitab\u0131n ad\u0131n\u0131 temelde bu kavray\u0131\u015fa ve bu kavray\u0131\u015f\u0131n getirdi\u011fi kolektif \u00fcretime bir g\u00f6nderme olarak da g\u00f6rmek m\u00fcmk\u00fcn. Toplumsal, ideolojik ve hayli d\u00fcnyevi \u00e7at\u0131\u015fma \u00e7eli\u015fkilerinin \u015fekillendirdi\u011fi potan\u0131n d\u0131\u015f\u0131nda v\u00fccut bulan &#8220;saf bilimsel&#8221; etkinlik iddias\u0131 hayali bir otomobilin hayali koltu\u011funa kurulup var olmayan bir mesafeyi kat edebilmeyi ummak denli bir yan\u0131lsama olsa gerek. Bilimle dogma aras\u0131ndaki s\u0131n\u0131r m\u00fcmk\u00fcn oldu\u011funca keskin hatlarla \u00e7izilmelidir. Safl\u0131k, tarihsizlik yan\u0131lsamas\u0131n\u0131n, \u00e7izgilerin g\u00f6receli netli\u011fini kolayl\u0131kla buland\u0131raca\u011f\u0131 unutulmamal\u0131d\u0131r. Ergi Deniz \u00d6zsoy <\/p>\n","protected":false},"excerpt":{"rendered":"<p>Evrim, Bilim ve Tarih itici g\u00fcc\u00fcn\u00fc ya\u015fam\u0131n b\u00fcy\u00fcleyici \u00e7e\u015fitlili\u011finden alan entelekt\u00fcel maceran\u0131n motoru evrimsel biyolojinin bulgular\u0131n\u0131 k\u00fc\u00e7\u00fck ama yo\u011fun b\u00f6l\u00fcmler halinde sunma \u00e7abas\u0131n\u0131n bir sonucu olarak<span class=\"excerpt-hellip\"> [\u2026]<\/span><\/p>\n","protected":false},"featured_media":0,"template":"","meta":{"_monsterinsights_skip_tracking":false,"_monsterinsights_sitenote_active":false,"_monsterinsights_sitenote_note":"","_monsterinsights_sitenote_category":0},"product_brand":[],"product_cat":[22249,13527],"product_tag":[],"class_list":{"0":"post-742384","1":"product","2":"type-product","3":"status-publish","5":"product_cat-bilim","6":"product_cat-sureli-yayinlar","7":"pa_cilt-ciltsiz","8":"pa_tur-kitap","9":"pa_yayinevi-ginko-kitap","10":"pa_yazar-ergi-deniz-ozsoy","12":"first","13":"instock","14":"sale","15":"shipping-taxable","16":"purchasable","17":"product-type-simple"},"_links":{"self":[{"href":"https:\/\/roveyayinevi.com.tr\/index.php\/wp-json\/wp\/v2\/product\/742384","targetHints":{"allow":["GET"]}}],"collection":[{"href":"https:\/\/roveyayinevi.com.tr\/index.php\/wp-json\/wp\/v2\/product"}],"about":[{"href":"https:\/\/roveyayinevi.com.tr\/index.php\/wp-json\/wp\/v2\/types\/product"}],"wp:attachment":[{"href":"https:\/\/roveyayinevi.com.tr\/index.php\/wp-json\/wp\/v2\/media?parent=742384"}],"wp:term":[{"taxonomy":"product_brand","embeddable":true,"href":"https:\/\/roveyayinevi.com.tr\/index.php\/wp-json\/wp\/v2\/product_brand?post=742384"},{"taxonomy":"product_cat","embeddable":true,"href":"https:\/\/roveyayinevi.com.tr\/index.php\/wp-json\/wp\/v2\/product_cat?post=742384"},{"taxonomy":"product_tag","embeddable":true,"href":"https:\/\/roveyayinevi.com.tr\/index.php\/wp-json\/wp\/v2\/product_tag?post=742384"}],"curies":[{"name":"wp","href":"https:\/\/api.w.org\/{rel}","templated":true}]}}