{"id":742381,"date":"2025-08-28T01:10:10","date_gmt":"2025-08-27T22:10:10","guid":{"rendered":"https:\/\/roveyayinevi.com.tr\/index.php\/urun\/grimm-masallari-2\/"},"modified":"2026-04-16T02:53:26","modified_gmt":"2026-04-15T23:53:26","slug":"grimm-masallari-2","status":"publish","type":"product","link":"https:\/\/roveyayinevi.com.tr\/index.php\/urun\/grimm-masallari-2\/","title":{"rendered":"Grimm Masallar\u0131"},"content":{"rendered":"<p>Wilhelm Grimm ve Jacob Grimm karde\u015flerin en sevilen ve klasikle\u015fmi\u015f masallar\u0131 Bremen \u00c7alg\u0131c\u0131lar\u0131, Kurba\u011fa Prens, Rapunzel, Hansel ve Gretel, K\u0131rm\u0131z\u0131 Ba\u015fl\u0131kl\u0131 K\u0131z, Pamuk Prenses ve Yedi C\u00fcceler, Kurt ve Yedi K\u00fc\u00e7\u00fck O\u011flak, Uyuyan G\u00fczel, \u00c7izmeli Kedi, K\u00fclkedisi ile Tav\u015fan ve Kirpi bu kitapta sizlerle\u2026<\/p>\n","protected":false},"excerpt":{"rendered":"<p>Wilhelm Grimm ve Jacob Grimm karde\u015flerin en sevilen ve klasikle\u015fmi\u015f masallar\u0131 Bremen \u00c7alg\u0131c\u0131lar\u0131, Kurba\u011fa Prens, Rapunzel, Hansel ve Gretel, K\u0131rm\u0131z\u0131 Ba\u015fl\u0131kl\u0131 K\u0131z, Pamuk Prenses ve Yedi<span class=\"excerpt-hellip\"> [\u2026]<\/span><\/p>\n","protected":false},"featured_media":0,"template":"","meta":{"_monsterinsights_skip_tracking":false,"_monsterinsights_sitenote_active":false,"_monsterinsights_sitenote_note":"","_monsterinsights_sitenote_category":0},"product_brand":[],"product_cat":[12274,12523],"product_tag":[],"class_list":{"0":"post-742381","1":"product","2":"type-product","3":"status-publish","5":"product_cat-cocuk-ve-genclik-kitaplari","6":"product_cat-masallar","7":"pa_cilt-ciltsiz","8":"pa_tur-kitap","9":"pa_yayinevi-peta-kitap","10":"pa_yazar-jacob-grimm","12":"first","13":"instock","14":"sale","15":"shipping-taxable","16":"purchasable","17":"product-type-simple"},"_links":{"self":[{"href":"https:\/\/roveyayinevi.com.tr\/index.php\/wp-json\/wp\/v2\/product\/742381","targetHints":{"allow":["GET"]}}],"collection":[{"href":"https:\/\/roveyayinevi.com.tr\/index.php\/wp-json\/wp\/v2\/product"}],"about":[{"href":"https:\/\/roveyayinevi.com.tr\/index.php\/wp-json\/wp\/v2\/types\/product"}],"wp:attachment":[{"href":"https:\/\/roveyayinevi.com.tr\/index.php\/wp-json\/wp\/v2\/media?parent=742381"}],"wp:term":[{"taxonomy":"product_brand","embeddable":true,"href":"https:\/\/roveyayinevi.com.tr\/index.php\/wp-json\/wp\/v2\/product_brand?post=742381"},{"taxonomy":"product_cat","embeddable":true,"href":"https:\/\/roveyayinevi.com.tr\/index.php\/wp-json\/wp\/v2\/product_cat?post=742381"},{"taxonomy":"product_tag","embeddable":true,"href":"https:\/\/roveyayinevi.com.tr\/index.php\/wp-json\/wp\/v2\/product_tag?post=742381"}],"curies":[{"name":"wp","href":"https:\/\/api.w.org\/{rel}","templated":true}]}}