{"id":742378,"date":"2025-08-28T01:10:06","date_gmt":"2025-08-27T22:10:06","guid":{"rendered":"https:\/\/roveyayinevi.com.tr\/index.php\/urun\/alice-harikalar-diyarinda-14\/"},"modified":"2026-04-16T02:53:26","modified_gmt":"2026-04-15T23:53:26","slug":"alice-harikalar-diyarinda-14","status":"publish","type":"product","link":"https:\/\/roveyayinevi.com.tr\/index.php\/urun\/alice-harikalar-diyarinda-14\/","title":{"rendered":"Alice Harikalar Diyar\u0131nda"},"content":{"rendered":"<p>S\u0131radan bir yaz g\u00fcn\u00fcnde, Alice merak\u0131na yeni d\u00fc\u015ferek tav\u015fan deli\u011finden a\u015fa\u011f\u0131ya atlar ve Harikalar Diyar\u0131ndaki s\u0131ra d\u0131\u015f\u0131 maceras\u0131 ba\u015flar. \u0130lgin\u00e7 karakterlerle dolu bu ola\u011fan\u00fcst\u00fc d\u00fcnyada Alice; s\u0131r\u0131tan bir kediyle cep saati ta\u015f\u0131yan beyaz bir tav\u015fan ile tan\u0131\u015f\u0131r, \u00e7\u0131lg\u0131n bir \u00e7ay partisine kat\u0131l\u0131r, Krali\u00e7e ile kroket oynar. Bu fantastik d\u00fcnyada kaybolan Alice\u2019in merak\u0131 her dakika katlanarak artar\u2026<\/p>\n","protected":false},"excerpt":{"rendered":"<p>S\u0131radan bir yaz g\u00fcn\u00fcnde, Alice merak\u0131na yeni d\u00fc\u015ferek tav\u015fan deli\u011finden a\u015fa\u011f\u0131ya atlar ve Harikalar Diyar\u0131ndaki s\u0131ra d\u0131\u015f\u0131 maceras\u0131 ba\u015flar. \u0130lgin\u00e7 karakterlerle dolu bu ola\u011fan\u00fcst\u00fc d\u00fcnyada Alice;<span class=\"excerpt-hellip\"> [\u2026]<\/span><\/p>\n","protected":false},"featured_media":0,"template":"","meta":{"_monsterinsights_skip_tracking":false,"_monsterinsights_sitenote_active":false,"_monsterinsights_sitenote_note":"","_monsterinsights_sitenote_category":0},"product_brand":[],"product_cat":[12274,12284],"product_tag":[],"class_list":{"0":"post-742378","1":"product","2":"type-product","3":"status-publish","5":"product_cat-cocuk-ve-genclik-kitaplari","6":"product_cat-hikayeler","7":"pa_cilt-ciltsiz","8":"pa_tur-kitap","9":"pa_yayinevi-peta-kitap","10":"pa_yazar-lewis-carroll","12":"first","13":"instock","14":"sale","15":"shipping-taxable","16":"purchasable","17":"product-type-simple"},"_links":{"self":[{"href":"https:\/\/roveyayinevi.com.tr\/index.php\/wp-json\/wp\/v2\/product\/742378","targetHints":{"allow":["GET"]}}],"collection":[{"href":"https:\/\/roveyayinevi.com.tr\/index.php\/wp-json\/wp\/v2\/product"}],"about":[{"href":"https:\/\/roveyayinevi.com.tr\/index.php\/wp-json\/wp\/v2\/types\/product"}],"wp:attachment":[{"href":"https:\/\/roveyayinevi.com.tr\/index.php\/wp-json\/wp\/v2\/media?parent=742378"}],"wp:term":[{"taxonomy":"product_brand","embeddable":true,"href":"https:\/\/roveyayinevi.com.tr\/index.php\/wp-json\/wp\/v2\/product_brand?post=742378"},{"taxonomy":"product_cat","embeddable":true,"href":"https:\/\/roveyayinevi.com.tr\/index.php\/wp-json\/wp\/v2\/product_cat?post=742378"},{"taxonomy":"product_tag","embeddable":true,"href":"https:\/\/roveyayinevi.com.tr\/index.php\/wp-json\/wp\/v2\/product_tag?post=742378"}],"curies":[{"name":"wp","href":"https:\/\/api.w.org\/{rel}","templated":true}]}}