{"id":742376,"date":"2025-08-28T01:10:04","date_gmt":"2025-08-27T22:10:04","guid":{"rendered":"https:\/\/roveyayinevi.com.tr\/index.php\/urun\/bebek-onculugunde-beslenme\/"},"modified":"2026-04-16T02:53:26","modified_gmt":"2026-04-15T23:53:26","slug":"bebek-onculugunde-beslenme","status":"publish","type":"product","link":"https:\/\/roveyayinevi.com.tr\/index.php\/urun\/bebek-onculugunde-beslenme\/","title":{"rendered":"Bebek \u00d6nc\u00fcl\u00fc\u011f\u00fcnde Beslenme"},"content":{"rendered":"<p>Etkili ve g\u00fcvenilir bebek \u00f6nc\u00fcl\u00fc\u011f\u00fcnde beslenme (BLW) y\u00f6ntemi ile bebe\u011finizi kat\u0131 g\u0131dalarla tan\u0131\u015ft\u0131r\u0131n. Bebek \u00f6nc\u00fcl\u00fc\u011f\u00fcnde beslenme sayesinde bebe\u011finiz kendi kendini beslemeyi \u00f6\u011frenirken ayn\u0131 zamanda motor kaslar\u0131 ve damak zevki de geli\u015fecektir. Elinizdeki bu rehber size BLW y\u00f6ntemine ne zaman ba\u015flaman\u0131z gerekti\u011fini ve bu yolculukta sizi nelerin bekledi\u011fini g\u00f6stermesinin yan\u0131 s\u0131ra, bebe\u011finiz de d\u00e2hil olmak \u00fczere t\u00fcm aile i\u00e7in do\u011fru ve dengeli bir beslenme d\u00fczeninin nas\u0131l sa\u011flanaca\u011f\u0131n\u0131 \u00f6\u011fretecek.\u2022 Yolculuk Ba\u015flas\u0131n: Bebek \u00f6nc\u00fcl\u00fc\u011f\u00fcnde beslenmenin nas\u0131l \u00e7al\u0131\u015ft\u0131\u011f\u0131na dair temel bir anlay\u0131\u015f geli\u015ftirin ve bu y\u00f6ntemin bebe\u011finiz i\u00e7in ne zaman uygun oldu\u011funu \u00f6\u011frenin.\u2022 G\u00fcvende Kal\u0131n: Yasaklanm\u0131\u015f yiyecekler ve ak\u0131ll\u0131 mutfak al\u0131\u015fkanl\u0131klar\u0131 hakk\u0131nda bilgiler i\u00e7eren g\u00fcvenlik y\u00f6nergeleri sayesinde rahat bir nefes al\u0131n.\u2022 Alerjileri Belirleyin: Bebe\u011finiz yeni yiyecekleri ilk kez denerken ya\u015fayabilece\u011fi alerjileri ve hassasiyetleri nas\u0131l \u00f6nleyebilece\u011finizi anlay\u0131n.Bebek \u00f6nc\u00fcl\u00fc\u011f\u00fcnde beslenmeye y\u00f6nelik anla\u015f\u0131lmas\u0131 kolay bu rehber ile bebe\u011finizin kat\u0131 g\u0131dalar\u0131 ke\u015ffetme maceras\u0131nda ona yard\u0131mc\u0131 olun!<\/p>\n","protected":false},"excerpt":{"rendered":"<p>Etkili ve g\u00fcvenilir bebek \u00f6nc\u00fcl\u00fc\u011f\u00fcnde beslenme (BLW) y\u00f6ntemi ile bebe\u011finizi kat\u0131 g\u0131dalarla tan\u0131\u015ft\u0131r\u0131n. Bebek \u00f6nc\u00fcl\u00fc\u011f\u00fcnde beslenme sayesinde bebe\u011finiz kendi kendini beslemeyi \u00f6\u011frenirken ayn\u0131 zamanda motor kaslar\u0131<span class=\"excerpt-hellip\"> [\u2026]<\/span><\/p>\n","protected":false},"featured_media":0,"template":"","meta":{"_monsterinsights_skip_tracking":false,"_monsterinsights_sitenote_active":false,"_monsterinsights_sitenote_note":"","_monsterinsights_sitenote_category":0},"product_brand":[],"product_cat":[26509,13365],"product_tag":[],"class_list":{"0":"post-742376","1":"product","2":"type-product","3":"status-publish","5":"product_cat-cocuk-gelisimi","6":"product_cat-saglik","7":"pa_cilt-ciltsiz","8":"pa_tur-kitap","9":"pa_yayinevi-peta-kitap","10":"pa_yazar-malina-linkas-malkani","12":"first","13":"instock","14":"sale","15":"shipping-taxable","16":"purchasable","17":"product-type-simple"},"_links":{"self":[{"href":"https:\/\/roveyayinevi.com.tr\/index.php\/wp-json\/wp\/v2\/product\/742376","targetHints":{"allow":["GET"]}}],"collection":[{"href":"https:\/\/roveyayinevi.com.tr\/index.php\/wp-json\/wp\/v2\/product"}],"about":[{"href":"https:\/\/roveyayinevi.com.tr\/index.php\/wp-json\/wp\/v2\/types\/product"}],"wp:attachment":[{"href":"https:\/\/roveyayinevi.com.tr\/index.php\/wp-json\/wp\/v2\/media?parent=742376"}],"wp:term":[{"taxonomy":"product_brand","embeddable":true,"href":"https:\/\/roveyayinevi.com.tr\/index.php\/wp-json\/wp\/v2\/product_brand?post=742376"},{"taxonomy":"product_cat","embeddable":true,"href":"https:\/\/roveyayinevi.com.tr\/index.php\/wp-json\/wp\/v2\/product_cat?post=742376"},{"taxonomy":"product_tag","embeddable":true,"href":"https:\/\/roveyayinevi.com.tr\/index.php\/wp-json\/wp\/v2\/product_tag?post=742376"}],"curies":[{"name":"wp","href":"https:\/\/api.w.org\/{rel}","templated":true}]}}