{"id":742375,"date":"2025-08-28T01:10:03","date_gmt":"2025-08-27T22:10:03","guid":{"rendered":"https:\/\/roveyayinevi.com.tr\/index.php\/urun\/yoluna-muz-kabugu-koyanlar-ile-bas-etme-rehberi\/"},"modified":"2026-04-16T02:53:26","modified_gmt":"2026-04-15T23:53:26","slug":"yoluna-muz-kabugu-koyanlar-ile-bas-etme-rehberi","status":"publish","type":"product","link":"https:\/\/roveyayinevi.com.tr\/index.php\/urun\/yoluna-muz-kabugu-koyanlar-ile-bas-etme-rehberi\/","title":{"rendered":"Yoluna Muz Kabu\u011fu Koyanlar \u0130le Ba\u015f Etme Rehberi"},"content":{"rendered":"<p>Sizi beceriksizlikleriyle, yanl\u0131\u015flar\u0131yla ve davran\u0131\u015flar\u0131yla \u00e7\u0131lg\u0131na \u00e7eviren bir i\u015f arkada\u015f\u0131n\u0131zdan, \u00e7al\u0131\u015fan\u0131n\u0131zdan ya da patronunuzdan b\u0131k\u0131p usand\u0131ysan\u0131z art\u0131k s\u0131zlanmay\u0131 b\u0131rak\u0131n ve bir \u015feyler yap\u0131n!Kendinizi \u00f6zg\u00fcr k\u0131lmak sand\u0131\u011f\u0131n\u0131zdan daha kolayd\u0131r, bunun i\u00e7in i\u015ften ayr\u0131lman\u0131z ya da birini i\u015ften \u00e7\u0131karman\u0131z gerekmez. \u00c7\u00f6z\u00fcm gayet basittir: Tepkilerinizi kontrol alt\u0131na alacaks\u0131n\u0131z. Psikoterapist Katherine Crowley ve \u00fcnl\u00fc \u0130\u015f Dan\u0131\u015fman\u0131 Kathi Elster, e\u011fitici ve i\u00e7inizdekileri yans\u0131tan bu rehberde, size \u00fcz\u00fcc\u00fc durumlar\u0131n kancas\u0131ndan nas\u0131l kurtulaca\u011f\u0131n\u0131z\u0131 anlat\u0131yor.Kendinizi ve i\u00e7inde bulundu\u011funuz durumu daha iyi anlaman\u0131za yarayacak testler, ya\u015fanm\u0131\u015f \u00f6rnek olaylar ve stratejiler sayesinde i\u015f yerinizde sizi s\u0131n\u0131rlayan ili\u015fkilerle nas\u0131l ba\u015fa \u00e7\u0131k\u0131laca\u011f\u0131n\u0131 \u00f6\u011freneceksiniz. Yeni ke\u015ffetti\u011finiz duygusal becerilerinizle:\u2022 H\u0131r\u00e7\u0131n patronunuzun patlamas\u0131na f\u0131rsat vermeden onu \u00e7ekip \u00e7evirebileceksiniz.\u2022 Rahats\u0131z edici tav\u0131rlar\u0131 ve davran\u0131\u015flar\u0131yla g\u00fcn\u00fcn\u00fcz\u00fc berbat eden i\u015f arkada\u015flar\u0131n\u0131zdan kurtulabileceksiniz.\u2022 Fikir h\u0131rs\u0131z\u0131 rakiplerinize kar\u015f\u0131 kendinizi savunabileceksiniz.\u2022 Kendinizi zehirli ili\u015fkilerin pen\u00e7esinden kurtarabileceksiniz.\u2022 Sizi i\u00e7ine hapseden s\u0131n\u0131rlay\u0131c\u0131 rollerden kurtulabileceksiniz.\u2022 \u0130stedi\u011finiz sonuca ula\u015fmak i\u00e7in sizi zorlayan \u00e7al\u0131\u015fanlar\u0131n\u0131za ebeveynlik yapabileceksiniz.<\/p>\n","protected":false},"excerpt":{"rendered":"<p>Sizi beceriksizlikleriyle, yanl\u0131\u015flar\u0131yla ve davran\u0131\u015flar\u0131yla \u00e7\u0131lg\u0131na \u00e7eviren bir i\u015f arkada\u015f\u0131n\u0131zdan, \u00e7al\u0131\u015fan\u0131n\u0131zdan ya da patronunuzdan b\u0131k\u0131p usand\u0131ysan\u0131z art\u0131k s\u0131zlanmay\u0131 b\u0131rak\u0131n ve bir \u015feyler yap\u0131n!Kendinizi \u00f6zg\u00fcr k\u0131lmak sand\u0131\u011f\u0131n\u0131zdan<span class=\"excerpt-hellip\"> [\u2026]<\/span><\/p>\n","protected":false},"featured_media":0,"template":"","meta":{"_monsterinsights_skip_tracking":false,"_monsterinsights_sitenote_active":false,"_monsterinsights_sitenote_note":"","_monsterinsights_sitenote_category":0},"product_brand":[],"product_cat":[12364,12376],"product_tag":[],"class_list":{"0":"post-742375","1":"product","2":"type-product","3":"status-publish","5":"product_cat-genel-konular","6":"product_cat-kisisel-gelisim","7":"pa_cilt-ciltsiz","8":"pa_tur-kitap","9":"pa_yayinevi-peta-kitap","10":"pa_yazar-katherine-crowley-kathi-elster","12":"first","13":"instock","14":"sale","15":"shipping-taxable","16":"purchasable","17":"product-type-simple"},"_links":{"self":[{"href":"https:\/\/roveyayinevi.com.tr\/index.php\/wp-json\/wp\/v2\/product\/742375","targetHints":{"allow":["GET"]}}],"collection":[{"href":"https:\/\/roveyayinevi.com.tr\/index.php\/wp-json\/wp\/v2\/product"}],"about":[{"href":"https:\/\/roveyayinevi.com.tr\/index.php\/wp-json\/wp\/v2\/types\/product"}],"wp:attachment":[{"href":"https:\/\/roveyayinevi.com.tr\/index.php\/wp-json\/wp\/v2\/media?parent=742375"}],"wp:term":[{"taxonomy":"product_brand","embeddable":true,"href":"https:\/\/roveyayinevi.com.tr\/index.php\/wp-json\/wp\/v2\/product_brand?post=742375"},{"taxonomy":"product_cat","embeddable":true,"href":"https:\/\/roveyayinevi.com.tr\/index.php\/wp-json\/wp\/v2\/product_cat?post=742375"},{"taxonomy":"product_tag","embeddable":true,"href":"https:\/\/roveyayinevi.com.tr\/index.php\/wp-json\/wp\/v2\/product_tag?post=742375"}],"curies":[{"name":"wp","href":"https:\/\/api.w.org\/{rel}","templated":true}]}}