{"id":742374,"date":"2025-08-28T01:10:02","date_gmt":"2025-08-27T22:10:02","guid":{"rendered":"https:\/\/roveyayinevi.com.tr\/index.php\/urun\/ebeveynligin-yol-haritasi\/"},"modified":"2026-04-16T02:53:26","modified_gmt":"2026-04-15T23:53:26","slug":"ebeveynligin-yol-haritasi","status":"publish","type":"product","link":"https:\/\/roveyayinevi.com.tr\/index.php\/urun\/ebeveynligin-yol-haritasi\/","title":{"rendered":"Ebeveynli\u011fin Yol Haritas\u0131"},"content":{"rendered":"<p>Biliyoruz ki anneler babalar, \u00e7ocuklar\u0131 \u00fczerinde bilmeden hata yapmaya devam ettikleri s\u00fcrece o \u00e7ocuklar\u0131n duygu d\u00fcnyalar\u0131, sosyal ili\u015fkileri, se\u00e7tikleri hedefler sorunlarla dolu olur. \u00c7ocuklar\u0131n psikolojileri hayata, d\u00fcnyaya ve topluma uyum sa\u011flamaya hi\u00e7 uygun olmaz.Di\u011fer taraftan \u00e7ocuklara tesir edebilecek, onlar\u0131 olumlu etkileyebilecek, onlar\u0131n ya\u015famlar\u0131n\u0131 kolayla\u015ft\u0131rabilecek en \u00f6nemli kaynak ebeveynleri ve i\u00e7inde bulunduklar\u0131 yuvalar\u0131d\u0131r. Her konuda olmas\u0131 gerekti\u011fi gibi \u00e7ocuk ve aile konular\u0131nda da ba\u015far\u0131l\u0131 olman\u0131n temel \u015fart\u0131, ilgili konularla muhatap olanlar\u0131n gerekli ve yeterli bilince ula\u015fmas\u0131d\u0131r.Y\u00fcz civar\u0131nda konu ile dopdolu Ebeveynli\u011fin Yol Haritas\u0131, ufkunuzu a\u00e7maya, sorunlar\u0131n\u0131z\u0131 hafifletmeye ve gelecekteki hatalardan sizleri korumaya adayd\u0131r. Bu \u015fekilde sorunlar\u0131n\u0131z\u0131 minimuma indirgeyerek ve ba\u015f etmesi kolay bir h\u00e2le getirecek ve \u00e7ocuklar\u0131n\u0131zla beraber bir ebeveyn olarak hayattan haz alacaks\u0131n\u0131z.<\/p>\n","protected":false},"excerpt":{"rendered":"<p>Biliyoruz ki anneler babalar, \u00e7ocuklar\u0131 \u00fczerinde bilmeden hata yapmaya devam ettikleri s\u00fcrece o \u00e7ocuklar\u0131n duygu d\u00fcnyalar\u0131, sosyal ili\u015fkileri, se\u00e7tikleri hedefler sorunlarla dolu olur. \u00c7ocuklar\u0131n psikolojileri hayata,<span class=\"excerpt-hellip\"> [\u2026]<\/span><\/p>\n","protected":false},"featured_media":0,"template":"","meta":{"_monsterinsights_skip_tracking":false,"_monsterinsights_sitenote_active":false,"_monsterinsights_sitenote_note":"","_monsterinsights_sitenote_category":0},"product_brand":[],"product_cat":[17996,12364],"product_tag":[],"class_list":{"0":"post-742374","1":"product","2":"type-product","3":"status-publish","5":"product_cat-ebeveyn-kitaplari","6":"product_cat-genel-konular","7":"pa_cilt-ciltsiz","8":"pa_tur-kitap","9":"pa_yayinevi-peta-kitap","10":"pa_yazar-yasar-kuru","12":"first","13":"instock","14":"sale","15":"shipping-taxable","16":"purchasable","17":"product-type-simple"},"_links":{"self":[{"href":"https:\/\/roveyayinevi.com.tr\/index.php\/wp-json\/wp\/v2\/product\/742374","targetHints":{"allow":["GET"]}}],"collection":[{"href":"https:\/\/roveyayinevi.com.tr\/index.php\/wp-json\/wp\/v2\/product"}],"about":[{"href":"https:\/\/roveyayinevi.com.tr\/index.php\/wp-json\/wp\/v2\/types\/product"}],"wp:attachment":[{"href":"https:\/\/roveyayinevi.com.tr\/index.php\/wp-json\/wp\/v2\/media?parent=742374"}],"wp:term":[{"taxonomy":"product_brand","embeddable":true,"href":"https:\/\/roveyayinevi.com.tr\/index.php\/wp-json\/wp\/v2\/product_brand?post=742374"},{"taxonomy":"product_cat","embeddable":true,"href":"https:\/\/roveyayinevi.com.tr\/index.php\/wp-json\/wp\/v2\/product_cat?post=742374"},{"taxonomy":"product_tag","embeddable":true,"href":"https:\/\/roveyayinevi.com.tr\/index.php\/wp-json\/wp\/v2\/product_tag?post=742374"}],"curies":[{"name":"wp","href":"https:\/\/api.w.org\/{rel}","templated":true}]}}