{"id":742371,"date":"2025-08-28T01:09:59","date_gmt":"2025-08-27T22:09:59","guid":{"rendered":"https:\/\/roveyayinevi.com.tr\/index.php\/urun\/is-bulma-sanati\/"},"modified":"2026-04-08T03:01:34","modified_gmt":"2026-04-08T00:01:34","slug":"is-bulma-sanati","status":"publish","type":"product","link":"https:\/\/roveyayinevi.com.tr\/index.php\/urun\/is-bulma-sanati\/","title":{"rendered":"\u0130\u015f Bulma Sanat\u0131"},"content":{"rendered":"<p>H\u00e2l\u00e2 okumaya devam eden ya da mezun olmu\u015f birisi olabilirsiniz. Belki de bir \u00e7al\u0131\u015fan ya da i\u015fsizsiniz. Ya da var olan i\u015finizi de\u011fi\u015ftirmek veya geli\u015ftirmek istiyorsunuz.Hangi ya\u015fta ve durumda olursan\u0131z olun, yeni bir ba\u015flang\u0131\u00e7 yapmak i\u00e7in ihtiyac\u0131n\u0131z olan rehber art\u0131k elinizde.Bundan sonra yapman\u0131z gerek tek \u015fey kararl\u0131 olmak ve uygulamaya d\u00f6kmek.Ki\u015fili\u011finize ve isteklerinize uygun bir i\u015f bulabilme yolculu\u011funuzda akl\u0131n\u0131za tak\u0131lan t\u00fcm sorular\u0131n cevaplar\u0131, tavsiyeler, uygulamalar, stratejiler ve \u00e7ok daha fazlas\u0131 bu kapa\u011f\u0131n alt\u0131nda!<\/p>\n","protected":false},"excerpt":{"rendered":"<p>H\u00e2l\u00e2 okumaya devam eden ya da mezun olmu\u015f birisi olabilirsiniz. Belki de bir \u00e7al\u0131\u015fan ya da i\u015fsizsiniz. Ya da var olan i\u015finizi de\u011fi\u015ftirmek veya geli\u015ftirmek istiyorsunuz.Hangi<span class=\"excerpt-hellip\"> [\u2026]<\/span><\/p>\n","protected":false},"featured_media":0,"template":"","meta":{"_monsterinsights_skip_tracking":false,"_monsterinsights_sitenote_active":false,"_monsterinsights_sitenote_note":"","_monsterinsights_sitenote_category":0},"product_brand":[],"product_cat":[12364,12376],"product_tag":[],"class_list":{"0":"post-742371","1":"product","2":"type-product","3":"status-publish","5":"product_cat-genel-konular","6":"product_cat-kisisel-gelisim","7":"pa_cilt-ciltsiz","8":"pa_tur-kitap","9":"pa_yayinevi-peta-kitap","10":"pa_yazar-kemal-arin","12":"first","13":"instock","14":"sale","15":"shipping-taxable","16":"purchasable","17":"product-type-simple"},"_links":{"self":[{"href":"https:\/\/roveyayinevi.com.tr\/index.php\/wp-json\/wp\/v2\/product\/742371","targetHints":{"allow":["GET"]}}],"collection":[{"href":"https:\/\/roveyayinevi.com.tr\/index.php\/wp-json\/wp\/v2\/product"}],"about":[{"href":"https:\/\/roveyayinevi.com.tr\/index.php\/wp-json\/wp\/v2\/types\/product"}],"wp:attachment":[{"href":"https:\/\/roveyayinevi.com.tr\/index.php\/wp-json\/wp\/v2\/media?parent=742371"}],"wp:term":[{"taxonomy":"product_brand","embeddable":true,"href":"https:\/\/roveyayinevi.com.tr\/index.php\/wp-json\/wp\/v2\/product_brand?post=742371"},{"taxonomy":"product_cat","embeddable":true,"href":"https:\/\/roveyayinevi.com.tr\/index.php\/wp-json\/wp\/v2\/product_cat?post=742371"},{"taxonomy":"product_tag","embeddable":true,"href":"https:\/\/roveyayinevi.com.tr\/index.php\/wp-json\/wp\/v2\/product_tag?post=742371"}],"curies":[{"name":"wp","href":"https:\/\/api.w.org\/{rel}","templated":true}]}}