{"id":742370,"date":"2025-08-28T01:09:57","date_gmt":"2025-08-27T22:09:57","guid":{"rendered":"https:\/\/roveyayinevi.com.tr\/index.php\/urun\/lol-surprise-shine-on-queen-cikartmali-boyama-kitabi\/"},"modified":"2026-04-16T02:53:26","modified_gmt":"2026-04-15T23:53:26","slug":"lol-surprise-shine-on-queen-cikartmali-boyama-kitabi","status":"publish","type":"product","link":"https:\/\/roveyayinevi.com.tr\/index.php\/urun\/lol-surprise-shine-on-queen-cikartmali-boyama-kitabi\/","title":{"rendered":"Lol Surpr\u0131se Sh\u0131ne On Queen \u00c7\u0131kartmal\u0131 Boyama Kitab\u0131"},"content":{"rendered":"<p>L.O.L. fig\u00fcr\u00fcn\u00fc i\u015faretli \u00e7izgilerden kesip \u00e7\u0131kar. Dik durmas\u0131 i\u00e7in \u015feridin u\u00e7lar\u0131ndaki yar\u0131klar\u0131 i\u00e7 i\u00e7e ge\u00e7irip birle\u015ftir. Kraliyet e\u011flencesi ba\u015flas\u0131n! <\/p>\n","protected":false},"excerpt":{"rendered":"<p>L.O.L. fig\u00fcr\u00fcn\u00fc i\u015faretli \u00e7izgilerden kesip \u00e7\u0131kar. Dik durmas\u0131 i\u00e7in \u015feridin u\u00e7lar\u0131ndaki yar\u0131klar\u0131 i\u00e7 i\u00e7e ge\u00e7irip birle\u015ftir. Kraliyet e\u011flencesi ba\u015flas\u0131n!<\/p>\n","protected":false},"featured_media":0,"template":"","meta":{"_monsterinsights_skip_tracking":false,"_monsterinsights_sitenote_active":false,"_monsterinsights_sitenote_note":"","_monsterinsights_sitenote_category":0},"product_brand":[],"product_cat":[12913,12274],"product_tag":[],"class_list":{"0":"post-742370","1":"product","2":"type-product","3":"status-publish","5":"product_cat-3-6-yas-kitaplari","6":"product_cat-cocuk-ve-genclik-kitaplari","7":"pa_cilt-ciltsiz","8":"pa_tur-kitap","9":"pa_yayinevi-dogan-cocuk","10":"pa_yazar-kolektif","12":"first","13":"instock","14":"sale","15":"shipping-taxable","16":"purchasable","17":"product-type-simple"},"_links":{"self":[{"href":"https:\/\/roveyayinevi.com.tr\/index.php\/wp-json\/wp\/v2\/product\/742370","targetHints":{"allow":["GET"]}}],"collection":[{"href":"https:\/\/roveyayinevi.com.tr\/index.php\/wp-json\/wp\/v2\/product"}],"about":[{"href":"https:\/\/roveyayinevi.com.tr\/index.php\/wp-json\/wp\/v2\/types\/product"}],"wp:attachment":[{"href":"https:\/\/roveyayinevi.com.tr\/index.php\/wp-json\/wp\/v2\/media?parent=742370"}],"wp:term":[{"taxonomy":"product_brand","embeddable":true,"href":"https:\/\/roveyayinevi.com.tr\/index.php\/wp-json\/wp\/v2\/product_brand?post=742370"},{"taxonomy":"product_cat","embeddable":true,"href":"https:\/\/roveyayinevi.com.tr\/index.php\/wp-json\/wp\/v2\/product_cat?post=742370"},{"taxonomy":"product_tag","embeddable":true,"href":"https:\/\/roveyayinevi.com.tr\/index.php\/wp-json\/wp\/v2\/product_tag?post=742370"}],"curies":[{"name":"wp","href":"https:\/\/api.w.org\/{rel}","templated":true}]}}