{"id":742369,"date":"2025-08-28T01:09:57","date_gmt":"2025-08-27T22:09:57","guid":{"rendered":"https:\/\/roveyayinevi.com.tr\/index.php\/urun\/gencler-icin-stresle-bas-etme-rehberi\/"},"modified":"2026-04-05T02:58:40","modified_gmt":"2026-04-04T23:58:40","slug":"gencler-icin-stresle-bas-etme-rehberi","status":"publish","type":"product","link":"https:\/\/roveyayinevi.com.tr\/index.php\/urun\/gencler-icin-stresle-bas-etme-rehberi\/","title":{"rendered":"Gen\u00e7ler \u0130\u00e7in Stresle Ba\u015f Etme Rehberi"},"content":{"rendered":"<p>-S\u0131navlar-\u0130li\u015fkiler-Sosyal Medya ve Siber Zorbal\u0131k-Depresyon-Yeme Bozukluklar\u0131-Ba\u011f\u0131ml\u0131l\u0131klar ve daha fazlas\u0131&#8230;Gen\u00e7lik d\u00f6nemi son derece stresli olabilir.S\u0131navlar\u0131n bask\u0131s\u0131, de\u011fi\u015fmeye ba\u015flayan bedenler, sosyal medya, zorbal\u0131klar ve ili\u015fkiler kendinize olan g\u00fcvenin azalmas\u0131na, depresyona, kayg\u0131 bozukluklar\u0131na ve di\u011fer hastal\u0131klara yol a\u00e7abilir. Gen\u00e7ler \u0130\u00e7in Stresle Ba\u015f Etme Rehberi t\u00fcm bu sorunlar\u0131 ve daha fazlas\u0131n\u0131 onlarla ba\u015fa \u00e7\u0131kabilecek stratejilerle birlikte ele al\u0131yor.Gen\u00e7ler \u0130\u00e7in Stresle Ba\u015f Etme Rehberi ile birlikte:\u2022 Gen\u00e7lerin belli ba\u015fl\u0131 endi\u015felerini ve korkular\u0131n\u0131 inceleyecek,\u2022 Sa\u011fl\u0131kl\u0131 zihinler ve bedenler i\u00e7in olumlu stratejiler \u00f6\u011frenecek,\u2022 Yard\u0131mc\u0131 olacak internet sitelerine ve kaynaklara ula\u015facaks\u0131n\u0131z.Nicola Morgan taraf\u0131ndan kaleme al\u0131nan bu detayl\u0131 kitap, gen\u00e7lere ve onlara de\u011fer veren yeti\u015fkinlere yaln\u0131z olmad\u0131klar\u0131n\u0131n g\u00fcvenini veriyor.Ve elbette stresle Ba\u015f edebileceklerinin de!<\/p>\n","protected":false},"excerpt":{"rendered":"<p>-S\u0131navlar-\u0130li\u015fkiler-Sosyal Medya ve Siber Zorbal\u0131k-Depresyon-Yeme Bozukluklar\u0131-Ba\u011f\u0131ml\u0131l\u0131klar ve daha fazlas\u0131&#8230;Gen\u00e7lik d\u00f6nemi son derece stresli olabilir.S\u0131navlar\u0131n bask\u0131s\u0131, de\u011fi\u015fmeye ba\u015flayan bedenler, sosyal medya, zorbal\u0131klar ve ili\u015fkiler kendinize olan g\u00fcvenin<span class=\"excerpt-hellip\"> [\u2026]<\/span><\/p>\n","protected":false},"featured_media":0,"template":"","meta":{"_monsterinsights_skip_tracking":false,"_monsterinsights_sitenote_active":false,"_monsterinsights_sitenote_note":"","_monsterinsights_sitenote_category":0},"product_brand":[],"product_cat":[12364,12376],"product_tag":[],"class_list":{"0":"post-742369","1":"product","2":"type-product","3":"status-publish","5":"product_cat-genel-konular","6":"product_cat-kisisel-gelisim","7":"pa_cilt-ciltsiz","8":"pa_tur-kitap","9":"pa_yayinevi-peta-kitap","10":"pa_yazar-nicola-morgan","12":"first","13":"instock","14":"sale","15":"shipping-taxable","16":"purchasable","17":"product-type-simple"},"_links":{"self":[{"href":"https:\/\/roveyayinevi.com.tr\/index.php\/wp-json\/wp\/v2\/product\/742369","targetHints":{"allow":["GET"]}}],"collection":[{"href":"https:\/\/roveyayinevi.com.tr\/index.php\/wp-json\/wp\/v2\/product"}],"about":[{"href":"https:\/\/roveyayinevi.com.tr\/index.php\/wp-json\/wp\/v2\/types\/product"}],"wp:attachment":[{"href":"https:\/\/roveyayinevi.com.tr\/index.php\/wp-json\/wp\/v2\/media?parent=742369"}],"wp:term":[{"taxonomy":"product_brand","embeddable":true,"href":"https:\/\/roveyayinevi.com.tr\/index.php\/wp-json\/wp\/v2\/product_brand?post=742369"},{"taxonomy":"product_cat","embeddable":true,"href":"https:\/\/roveyayinevi.com.tr\/index.php\/wp-json\/wp\/v2\/product_cat?post=742369"},{"taxonomy":"product_tag","embeddable":true,"href":"https:\/\/roveyayinevi.com.tr\/index.php\/wp-json\/wp\/v2\/product_tag?post=742369"}],"curies":[{"name":"wp","href":"https:\/\/api.w.org\/{rel}","templated":true}]}}