{"id":742368,"date":"2025-08-28T01:09:56","date_gmt":"2025-08-27T22:09:56","guid":{"rendered":"https:\/\/roveyayinevi.com.tr\/index.php\/urun\/gencler-icin-dijital-dunya-rehberi\/"},"modified":"2026-04-16T02:53:26","modified_gmt":"2026-04-15T23:53:26","slug":"gencler-icin-dijital-dunya-rehberi","status":"publish","type":"product","link":"https:\/\/roveyayinevi.com.tr\/index.php\/urun\/gencler-icin-dijital-dunya-rehberi\/","title":{"rendered":"Gen\u00e7ler \u0130\u00e7in Dijital D\u00fcnya Rehberi"},"content":{"rendered":"<p>Sosyal Medya \u2022 \u0130nternet \u2022 Ak\u0131ll\u0131 Telefonlar \u2022 Gizlilik \u2022 Siber Zorbal\u0131k \u2022 Ba\u011f\u0131ml\u0131l\u0131k \u2022 Sahte Bilgiler \u2022 Ekran Kullan\u0131m\u0131 ve daha fazlas\u0131\u2026\u0130nternet g\u00fcnl\u00fck hayat\u0131m\u0131z\u0131n bir par\u00e7as\u0131 oldu. Her ne kadar bir\u00e7o\u011fumuz itiraf etmek istemese de telefonlar\u0131m\u0131z\u0131 daha s\u0131k kontrol eder olduk. Ancak dijital d\u00fcnyada gere\u011finden fazla zaman ge\u00e7irmek strese, a\u015f\u0131r\u0131 payla\u015f\u0131m yapmaya, \u00f6z g\u00fcvenin azalmas\u0131na ve konsantrasyon kayb\u0131na neden olmas\u0131yla beraber siber zorbal\u0131\u011fa maruz kalmam\u0131za da yol a\u00e7abilir.\u00d6d\u00fcll\u00fc yazar Nicola Morgan, ekranlar\u0131m\u0131zda fazla vakit ge\u00e7irdi\u011fimiz takdirde, gen\u00e7 ya da ya\u015fl\u0131 fark etmeksizin, ba\u015f\u0131m\u0131za gelebilecekleri hem olumlu hem de olumsuz y\u00f6nleriyle birlikte dengeli ve iyi ara\u015ft\u0131r\u0131lm\u0131\u015f bir bak\u0131\u015f a\u00e7\u0131s\u0131yla bizlere sunuyor. Gen\u00e7ler \u0130\u00e7in Dijital D\u00fcnya Rehberi, sanal ortamda ge\u00e7irdi\u011finiz zaman\u0131n kontrol\u00fcn\u00fc elinize alman\u0131z\u0131 sa\u011flayacak!<\/p>\n","protected":false},"excerpt":{"rendered":"<p>Sosyal Medya \u2022 \u0130nternet \u2022 Ak\u0131ll\u0131 Telefonlar \u2022 Gizlilik \u2022 Siber Zorbal\u0131k \u2022 Ba\u011f\u0131ml\u0131l\u0131k \u2022 Sahte Bilgiler \u2022 Ekran Kullan\u0131m\u0131 ve daha fazlas\u0131\u2026\u0130nternet g\u00fcnl\u00fck hayat\u0131m\u0131z\u0131n bir<span class=\"excerpt-hellip\"> [\u2026]<\/span><\/p>\n","protected":false},"featured_media":0,"template":"","meta":{"_monsterinsights_skip_tracking":false,"_monsterinsights_sitenote_active":false,"_monsterinsights_sitenote_note":"","_monsterinsights_sitenote_category":0},"product_brand":[],"product_cat":[22061,13488],"product_tag":[],"class_list":{"0":"post-742368","1":"product","2":"type-product","3":"status-publish","5":"product_cat-sosyal-medya-ve-iletisim","6":"product_cat-toplum-ve-insan","7":"pa_cilt-ciltsiz","8":"pa_tur-kitap","9":"pa_yayinevi-peta-kitap","10":"pa_yazar-nicola-morgan","12":"first","13":"instock","14":"sale","15":"shipping-taxable","16":"purchasable","17":"product-type-simple"},"_links":{"self":[{"href":"https:\/\/roveyayinevi.com.tr\/index.php\/wp-json\/wp\/v2\/product\/742368","targetHints":{"allow":["GET"]}}],"collection":[{"href":"https:\/\/roveyayinevi.com.tr\/index.php\/wp-json\/wp\/v2\/product"}],"about":[{"href":"https:\/\/roveyayinevi.com.tr\/index.php\/wp-json\/wp\/v2\/types\/product"}],"wp:attachment":[{"href":"https:\/\/roveyayinevi.com.tr\/index.php\/wp-json\/wp\/v2\/media?parent=742368"}],"wp:term":[{"taxonomy":"product_brand","embeddable":true,"href":"https:\/\/roveyayinevi.com.tr\/index.php\/wp-json\/wp\/v2\/product_brand?post=742368"},{"taxonomy":"product_cat","embeddable":true,"href":"https:\/\/roveyayinevi.com.tr\/index.php\/wp-json\/wp\/v2\/product_cat?post=742368"},{"taxonomy":"product_tag","embeddable":true,"href":"https:\/\/roveyayinevi.com.tr\/index.php\/wp-json\/wp\/v2\/product_tag?post=742368"}],"curies":[{"name":"wp","href":"https:\/\/api.w.org\/{rel}","templated":true}]}}