{"id":742366,"date":"2025-08-28T01:09:53","date_gmt":"2025-08-27T22:09:53","guid":{"rendered":"https:\/\/roveyayinevi.com.tr\/index.php\/urun\/gokyuzu-yeter-sana\/"},"modified":"2026-04-16T02:53:26","modified_gmt":"2026-04-15T23:53:26","slug":"gokyuzu-yeter-sana","status":"publish","type":"product","link":"https:\/\/roveyayinevi.com.tr\/index.php\/urun\/gokyuzu-yeter-sana\/","title":{"rendered":"G\u00f6ky\u00fcz\u00fc Yeter Sana"},"content":{"rendered":"<p>Tan\u0131t\u0131m Metni:    Her yer ev bana \u00c7at\u0131s\u0131n\u0131 arama. G\u00f6ky\u00fcz\u00fc yeter sana Kafan\u0131 kald\u0131rsana\u2026 Bu kadar basitti asl\u0131nda G\u00f6rmeyi dene Sadece bakma\u2026 <\/p>\n","protected":false},"excerpt":{"rendered":"<p>Tan\u0131t\u0131m Metni: Her yer ev bana \u00c7at\u0131s\u0131n\u0131 arama. G\u00f6ky\u00fcz\u00fc yeter sana Kafan\u0131 kald\u0131rsana\u2026 Bu kadar basitti asl\u0131nda G\u00f6rmeyi dene Sadece bakma\u2026<\/p>\n","protected":false},"featured_media":0,"template":"","meta":{"_monsterinsights_skip_tracking":false,"_monsterinsights_sitenote_active":false,"_monsterinsights_sitenote_note":"","_monsterinsights_sitenote_category":0},"product_brand":[],"product_cat":[12291,12509],"product_tag":[],"class_list":{"0":"post-742366","1":"product","2":"type-product","3":"status-publish","5":"product_cat-edebiyat","6":"product_cat-siir","7":"pa_cilt-ciltsiz","8":"pa_tur-kitap","9":"pa_yayinevi-kuytu-yayinlari","10":"pa_yazar-nuray-karaman","12":"first","13":"instock","14":"sale","15":"shipping-taxable","16":"purchasable","17":"product-type-simple"},"_links":{"self":[{"href":"https:\/\/roveyayinevi.com.tr\/index.php\/wp-json\/wp\/v2\/product\/742366","targetHints":{"allow":["GET"]}}],"collection":[{"href":"https:\/\/roveyayinevi.com.tr\/index.php\/wp-json\/wp\/v2\/product"}],"about":[{"href":"https:\/\/roveyayinevi.com.tr\/index.php\/wp-json\/wp\/v2\/types\/product"}],"wp:attachment":[{"href":"https:\/\/roveyayinevi.com.tr\/index.php\/wp-json\/wp\/v2\/media?parent=742366"}],"wp:term":[{"taxonomy":"product_brand","embeddable":true,"href":"https:\/\/roveyayinevi.com.tr\/index.php\/wp-json\/wp\/v2\/product_brand?post=742366"},{"taxonomy":"product_cat","embeddable":true,"href":"https:\/\/roveyayinevi.com.tr\/index.php\/wp-json\/wp\/v2\/product_cat?post=742366"},{"taxonomy":"product_tag","embeddable":true,"href":"https:\/\/roveyayinevi.com.tr\/index.php\/wp-json\/wp\/v2\/product_tag?post=742366"}],"curies":[{"name":"wp","href":"https:\/\/api.w.org\/{rel}","templated":true}]}}