{"id":742365,"date":"2025-08-28T01:09:52","date_gmt":"2025-08-27T22:09:52","guid":{"rendered":"https:\/\/roveyayinevi.com.tr\/index.php\/urun\/yildiz-adayinin-yol-haritasi\/"},"modified":"2026-04-16T02:53:26","modified_gmt":"2026-04-15T23:53:26","slug":"yildiz-adayinin-yol-haritasi","status":"publish","type":"product","link":"https:\/\/roveyayinevi.com.tr\/index.php\/urun\/yildiz-adayinin-yol-haritasi\/","title":{"rendered":"Y\u0131ld\u0131z Aday\u0131n\u0131n Yol Haritas\u0131"},"content":{"rendered":"<p>Tan\u0131t\u0131m Metni   Do\u011fru besleniyor musun? Do\u011fru uyuyor musun? Yetene\u011fin seni y\u0131ld\u0131z yapar m\u0131? Sayg\u0131 olmadan sporcu olabilir misin? Disiplin mi yoksa yetenek mi? Kuvvetli psikoloji her sava\u015f\u0131 kazanabilir mi? Yetenek, disiplin ve mental kuvvet, ba\u015far\u0131y\u0131 getirir mi? Sporcu olmak i\u00e7in dan\u0131\u015fmanl\u0131k alman gerekiyor mu? Gelecek kayg\u0131n oyununu etkiler mi? Taraftar ve sosyal medya bask\u0131s\u0131na nas\u0131l g\u00f6\u011f\u00fcs gerilir? Antren\u00f6r-sporcu ili\u015fkilerinde ya\u015fanan do\u011frular ve yanl\u0131\u015flar neler? Ailelerin yanl\u0131\u015flar\u0131 neler? Kitap okuma al\u0131\u015fkanl\u0131\u011f\u0131 ve teknoloji, yapt\u0131\u011f\u0131m\u0131z i\u015fi etkiler mi? Antrenman, performans\u0131 nas\u0131l etkiler? Seyirciyi k\u0131zd\u0131ran durumlar neler? Sporda yap\u0131lan do\u011frular yanl\u0131\u015flar\u2026 <\/p>\n","protected":false},"excerpt":{"rendered":"<p>Tan\u0131t\u0131m Metni Do\u011fru besleniyor musun? Do\u011fru uyuyor musun? Yetene\u011fin seni y\u0131ld\u0131z yapar m\u0131? Sayg\u0131 olmadan sporcu olabilir misin? Disiplin mi yoksa yetenek mi? Kuvvetli psikoloji her<span class=\"excerpt-hellip\"> [\u2026]<\/span><\/p>\n","protected":false},"featured_media":0,"template":"","meta":{"_monsterinsights_skip_tracking":false,"_monsterinsights_sitenote_active":false,"_monsterinsights_sitenote_note":"","_monsterinsights_sitenote_category":0},"product_brand":[],"product_cat":[13772,12364],"product_tag":[],"class_list":{"0":"post-742365","1":"product","2":"type-product","3":"status-publish","5":"product_cat-basvuru-kitaplari","6":"product_cat-genel-konular","7":"pa_cilt-ciltsiz","8":"pa_tur-kitap","9":"pa_yayinevi-kuytu-yayinlari","10":"pa_yazar-mehmet-sedef","12":"first","13":"instock","14":"sale","15":"shipping-taxable","16":"purchasable","17":"product-type-simple"},"_links":{"self":[{"href":"https:\/\/roveyayinevi.com.tr\/index.php\/wp-json\/wp\/v2\/product\/742365","targetHints":{"allow":["GET"]}}],"collection":[{"href":"https:\/\/roveyayinevi.com.tr\/index.php\/wp-json\/wp\/v2\/product"}],"about":[{"href":"https:\/\/roveyayinevi.com.tr\/index.php\/wp-json\/wp\/v2\/types\/product"}],"wp:attachment":[{"href":"https:\/\/roveyayinevi.com.tr\/index.php\/wp-json\/wp\/v2\/media?parent=742365"}],"wp:term":[{"taxonomy":"product_brand","embeddable":true,"href":"https:\/\/roveyayinevi.com.tr\/index.php\/wp-json\/wp\/v2\/product_brand?post=742365"},{"taxonomy":"product_cat","embeddable":true,"href":"https:\/\/roveyayinevi.com.tr\/index.php\/wp-json\/wp\/v2\/product_cat?post=742365"},{"taxonomy":"product_tag","embeddable":true,"href":"https:\/\/roveyayinevi.com.tr\/index.php\/wp-json\/wp\/v2\/product_tag?post=742365"}],"curies":[{"name":"wp","href":"https:\/\/api.w.org\/{rel}","templated":true}]}}