{"id":742364,"date":"2025-08-28T01:09:51","date_gmt":"2025-08-27T22:09:51","guid":{"rendered":"https:\/\/roveyayinevi.com.tr\/index.php\/urun\/yaralarim-asktandir\/"},"modified":"2026-04-16T02:53:26","modified_gmt":"2026-04-15T23:53:26","slug":"yaralarim-asktandir","status":"publish","type":"product","link":"https:\/\/roveyayinevi.com.tr\/index.php\/urun\/yaralarim-asktandir\/","title":{"rendered":"Yaralar\u0131m A\u015fktand\u0131r"},"content":{"rendered":"<p>&#8220;Furu\u011f\u2019un \u015fiirini, g\u00fcn\u00fcm\u00fcz Fars\u00e7a \u015fiirinin ve Nima\u2019n\u0131n basit bir devam\u0131 olarak g\u00f6rmek kan\u0131mca eksik oldu\u011fu kadar hatal\u0131d\u0131r ve b\u00fcy\u00fck \u00f6l\u00e7\u00fcde Furu\u011f\u2019u tan\u0131yamaman\u0131n \u00f6tesinde ona yap\u0131lan b\u00fcy\u00fck bir haks\u0131zl\u0131kt\u0131r. Haks\u0131zl\u0131kt\u0131r; \u00e7\u00fcnk\u00fc o, oturdu\u011fu pencereden g\u00f6r\u00fclenleri, nas\u0131l g\u00f6rmemiz gerekti\u011fini bize anlatmak i\u00e7in \u00e7ok ac\u0131lar \u00e7ekmi\u015ftir. Onun ac\u0131s\u0131 t\u00fcm \u0130ran kad\u0131n\u0131n as\u0131rlar boyu \u00e7ekti\u011fi ac\u0131lar\u0131n t\u00fcm\u00fcd\u00fcr&#8230;&#8221; &#8211; Ha\u015fim H\u00fcsrev\u015fahi \u0130ranl\u0131 \u015fair Furu\u011f Ferruhzad`\u0131n \u015fiirlerinden yap\u0131lan bir\u00e7ok se\u00e7ki i\u00e7erisinde en sevileni *Yaralar\u0131m A\u015fktand\u0131r* oldu. \u00d6zenli \u00e7evirisinin yan\u0131 s\u0131ra se\u00e7ilen \u015fiirler de \u015fairi en yal\u0131n \u015fekliyle okura ula\u015ft\u0131r\u0131yor. Sen \u0131\u015f\u0131klar\u0131nla gelirdin soka\u011f\u0131m\u0131zaSen \u0131\u015f\u0131klar\u0131nla gelirdin\u00c7ocuklar gidinceVe akasya ba\u015faklar\u0131 uyuyuncaVe ben aynada yaln\u0131z kal\u0131ncaSen \u0131\u015f\u0131klar\u0131nla gelirdin&#8230; Sen yanaklar\u0131n\u0131 yaslard\u0131nMemelerimin ac\u0131s\u0131naVe benS\u00f6ylemeye ba\u015fka bir \u015fey bulamad\u0131\u011f\u0131mdaSen yanaklar\u0131n\u0131 yaslard\u0131nMemelerimin ac\u0131s\u0131naVe dinlerdinA\u011flayarak akan kan\u0131m\u0131Ve a\u011flayarak \u00f6len a\u015fk\u0131m\u0131 Sen dinlerdinG\u00f6rmezdin beni ancak. <\/p>\n","protected":false},"excerpt":{"rendered":"<p>&#8220;Furu\u011f\u2019un \u015fiirini, g\u00fcn\u00fcm\u00fcz Fars\u00e7a \u015fiirinin ve Nima\u2019n\u0131n basit bir devam\u0131 olarak g\u00f6rmek kan\u0131mca eksik oldu\u011fu kadar hatal\u0131d\u0131r ve b\u00fcy\u00fck \u00f6l\u00e7\u00fcde Furu\u011f\u2019u tan\u0131yamaman\u0131n \u00f6tesinde ona yap\u0131lan b\u00fcy\u00fck<span class=\"excerpt-hellip\"> [\u2026]<\/span><\/p>\n","protected":false},"featured_media":0,"template":"","meta":{"_monsterinsights_skip_tracking":false,"_monsterinsights_sitenote_active":false,"_monsterinsights_sitenote_note":"","_monsterinsights_sitenote_category":0},"product_brand":[],"product_cat":[35958],"product_tag":[],"class_list":{"0":"post-742364","1":"product","2":"type-product","3":"status-publish","5":"product_cat-siir-2","6":"pa_cilt-ciltsiz","7":"pa_tur-kitap","8":"pa_yayinevi-totem-yayinlari","9":"pa_yazar-furug-ferruhzad","11":"first","12":"instock","13":"sale","14":"shipping-taxable","15":"purchasable","16":"product-type-simple"},"_links":{"self":[{"href":"https:\/\/roveyayinevi.com.tr\/index.php\/wp-json\/wp\/v2\/product\/742364","targetHints":{"allow":["GET"]}}],"collection":[{"href":"https:\/\/roveyayinevi.com.tr\/index.php\/wp-json\/wp\/v2\/product"}],"about":[{"href":"https:\/\/roveyayinevi.com.tr\/index.php\/wp-json\/wp\/v2\/types\/product"}],"wp:attachment":[{"href":"https:\/\/roveyayinevi.com.tr\/index.php\/wp-json\/wp\/v2\/media?parent=742364"}],"wp:term":[{"taxonomy":"product_brand","embeddable":true,"href":"https:\/\/roveyayinevi.com.tr\/index.php\/wp-json\/wp\/v2\/product_brand?post=742364"},{"taxonomy":"product_cat","embeddable":true,"href":"https:\/\/roveyayinevi.com.tr\/index.php\/wp-json\/wp\/v2\/product_cat?post=742364"},{"taxonomy":"product_tag","embeddable":true,"href":"https:\/\/roveyayinevi.com.tr\/index.php\/wp-json\/wp\/v2\/product_tag?post=742364"}],"curies":[{"name":"wp","href":"https:\/\/api.w.org\/{rel}","templated":true}]}}