{"id":742363,"date":"2025-08-28T01:09:50","date_gmt":"2025-08-27T22:09:50","guid":{"rendered":"https:\/\/roveyayinevi.com.tr\/index.php\/urun\/psikanalizde-yeni-yollar\/"},"modified":"2026-04-16T02:53:26","modified_gmt":"2026-04-15T23:53:26","slug":"psikanalizde-yeni-yollar","status":"publish","type":"product","link":"https:\/\/roveyayinevi.com.tr\/index.php\/urun\/psikanalizde-yeni-yollar\/","title":{"rendered":"Psikanalizde Yeni Yollar"},"content":{"rendered":"<p>Horney bu \u00e7al\u0131\u015fmas\u0131nda Freud psikolojisinin baz\u0131 temel \u00f6nermelerini ele\u015ftirel bir g\u00f6zle inceleyerek, Oedipus kompleksi, \u00f6l\u00fcm i\u00e7g\u00fcd\u00fcs\u00fc, libido teorisi, tekrarlama zorlan\u0131m\u0131 teorilerini sorguluyor ve Freud`un o d\u00f6nemde g\u00f6zden ka\u00e7\u0131rd\u0131\u011f\u0131 k\u00fclt\u00fcrel etkenlerle nevrozlar aras\u0131ndaki ili\u015fikileri g\u00f6zler \u00f6n\u00fcne seriyor. B\u00fct\u00fcn bunlar\u0131n \u0131\u015f\u0131\u011f\u0131 alt\u0131nda eski teorik \u00f6nyarg\u0131lar\u0131ndan ar\u0131nd\u0131r\u0131ld\u0131\u011f\u0131 takdirde psikanalizin Freud`un ortaya koydu\u011fu bulgu ve ilkelerin ger\u00e7ek derinli\u011fini yeniden kazanaca\u011f\u0131n\u0131 ve psikanalizin kavray\u0131\u015f ve etki alan\u0131n\u0131n geni\u015fleyece\u011fini savunuyor. Elinizdeki kitap, Freud`un hakk\u0131n\u0131 da teslim ederek yap\u0131lan en net, en a\u00e7\u0131k ele\u015ftiri \u00e7al\u0131\u015fmalar\u0131ndan birisidir. <\/p>\n","protected":false},"excerpt":{"rendered":"<p>Horney bu \u00e7al\u0131\u015fmas\u0131nda Freud psikolojisinin baz\u0131 temel \u00f6nermelerini ele\u015ftirel bir g\u00f6zle inceleyerek, Oedipus kompleksi, \u00f6l\u00fcm i\u00e7g\u00fcd\u00fcs\u00fc, libido teorisi, tekrarlama zorlan\u0131m\u0131 teorilerini sorguluyor ve Freud`un o d\u00f6nemde<span class=\"excerpt-hellip\"> [\u2026]<\/span><\/p>\n","protected":false},"featured_media":0,"template":"","meta":{"_monsterinsights_skip_tracking":false,"_monsterinsights_sitenote_active":false,"_monsterinsights_sitenote_note":"","_monsterinsights_sitenote_category":0},"product_brand":[],"product_cat":[12358,12357],"product_tag":[],"class_list":{"0":"post-742363","1":"product","2":"type-product","3":"status-publish","5":"product_cat-genel-psikoloji","6":"product_cat-psikoloji","7":"pa_cilt-ciltsiz","8":"pa_tur-kitap","9":"pa_yayinevi-totem-yayinlari","10":"pa_yazar-karen-horney","12":"first","13":"instock","14":"sale","15":"shipping-taxable","16":"purchasable","17":"product-type-simple"},"_links":{"self":[{"href":"https:\/\/roveyayinevi.com.tr\/index.php\/wp-json\/wp\/v2\/product\/742363","targetHints":{"allow":["GET"]}}],"collection":[{"href":"https:\/\/roveyayinevi.com.tr\/index.php\/wp-json\/wp\/v2\/product"}],"about":[{"href":"https:\/\/roveyayinevi.com.tr\/index.php\/wp-json\/wp\/v2\/types\/product"}],"wp:attachment":[{"href":"https:\/\/roveyayinevi.com.tr\/index.php\/wp-json\/wp\/v2\/media?parent=742363"}],"wp:term":[{"taxonomy":"product_brand","embeddable":true,"href":"https:\/\/roveyayinevi.com.tr\/index.php\/wp-json\/wp\/v2\/product_brand?post=742363"},{"taxonomy":"product_cat","embeddable":true,"href":"https:\/\/roveyayinevi.com.tr\/index.php\/wp-json\/wp\/v2\/product_cat?post=742363"},{"taxonomy":"product_tag","embeddable":true,"href":"https:\/\/roveyayinevi.com.tr\/index.php\/wp-json\/wp\/v2\/product_tag?post=742363"}],"curies":[{"name":"wp","href":"https:\/\/api.w.org\/{rel}","templated":true}]}}