{"id":742362,"date":"2025-08-28T01:09:50","date_gmt":"2025-08-27T22:09:50","guid":{"rendered":"https:\/\/roveyayinevi.com.tr\/index.php\/urun\/yalnizligimin-cinisi\/"},"modified":"2026-04-16T02:53:26","modified_gmt":"2026-04-15T23:53:26","slug":"yalnizligimin-cinisi","status":"publish","type":"product","link":"https:\/\/roveyayinevi.com.tr\/index.php\/urun\/yalnizligimin-cinisi\/","title":{"rendered":"Yaln\u0131zl\u0131\u011f\u0131m\u0131n \u00c7inisi"},"content":{"rendered":"<p>\u201cbana gelirseniz \u015fayet  hi\u00e7istan\u0131n ard\u0131nday\u0131m!  hi\u00e7istan\u0131n ard\u0131nda bir yer var  hi\u00e7istan\u0131n ard\u0131nda havan\u0131n damarlar\u0131  topra\u011f\u0131n en uzak y\u0131\u011f\u0131n\u0131nda a\u00e7an \u00e7i\u00e7eklerden  haber getiren habercilerle doludur.   kumlar \u00fczerinde,  \u015fakay\u0131k mirac\u0131 tepelerine yol alan  zarif atl\u0131lar\u0131n toynaklar\u0131n\u0131n izi var.   hi\u00e7istan\u0131n ard\u0131nda istek \u015femsiyesi a\u00e7\u0131kt\u0131r  susam\u0131\u015fl\u0131k meltemi bir yapra\u011f\u0131n dibine ko\u015fsun diye  ya\u011fmurun \u00e7anlar\u0131 \u00e7al\u0131n\u0131r   insan burada yaln\u0131zd\u0131r  ve bu yaln\u0131zl\u0131kta  bir karaa\u011fac\u0131n g\u00f6lgesi sonsuza dek akmakta.   bana gelirseniz \u015fayet  yava\u015f ve ye\u011fni gelin  yaln\u0131zl\u0131\u011f\u0131m\u0131n ince \u00e7inisi \u00e7atlamas\u0131n \u00bb <\/p>\n","protected":false},"excerpt":{"rendered":"<p>\u201cbana gelirseniz \u015fayet hi\u00e7istan\u0131n ard\u0131nday\u0131m! hi\u00e7istan\u0131n ard\u0131nda bir yer var hi\u00e7istan\u0131n ard\u0131nda havan\u0131n damarlar\u0131 topra\u011f\u0131n en uzak y\u0131\u011f\u0131n\u0131nda a\u00e7an \u00e7i\u00e7eklerden haber getiren habercilerle doludur. kumlar \u00fczerinde,<span class=\"excerpt-hellip\"> [\u2026]<\/span><\/p>\n","protected":false},"featured_media":0,"template":"","meta":{"_monsterinsights_skip_tracking":false,"_monsterinsights_sitenote_active":false,"_monsterinsights_sitenote_note":"","_monsterinsights_sitenote_category":0},"product_brand":[],"product_cat":[35958],"product_tag":[],"class_list":{"0":"post-742362","1":"product","2":"type-product","3":"status-publish","5":"product_cat-siir-2","6":"pa_cilt-ciltsiz","7":"pa_tur-kitap","8":"pa_yayinevi-totem-yayinlari","9":"pa_yazar-sohrab-sepehri","11":"first","12":"instock","13":"sale","14":"shipping-taxable","15":"purchasable","16":"product-type-simple"},"_links":{"self":[{"href":"https:\/\/roveyayinevi.com.tr\/index.php\/wp-json\/wp\/v2\/product\/742362","targetHints":{"allow":["GET"]}}],"collection":[{"href":"https:\/\/roveyayinevi.com.tr\/index.php\/wp-json\/wp\/v2\/product"}],"about":[{"href":"https:\/\/roveyayinevi.com.tr\/index.php\/wp-json\/wp\/v2\/types\/product"}],"wp:attachment":[{"href":"https:\/\/roveyayinevi.com.tr\/index.php\/wp-json\/wp\/v2\/media?parent=742362"}],"wp:term":[{"taxonomy":"product_brand","embeddable":true,"href":"https:\/\/roveyayinevi.com.tr\/index.php\/wp-json\/wp\/v2\/product_brand?post=742362"},{"taxonomy":"product_cat","embeddable":true,"href":"https:\/\/roveyayinevi.com.tr\/index.php\/wp-json\/wp\/v2\/product_cat?post=742362"},{"taxonomy":"product_tag","embeddable":true,"href":"https:\/\/roveyayinevi.com.tr\/index.php\/wp-json\/wp\/v2\/product_tag?post=742362"}],"curies":[{"name":"wp","href":"https:\/\/api.w.org\/{rel}","templated":true}]}}