{"id":742361,"date":"2025-08-28T01:09:48","date_gmt":"2025-08-27T22:09:48","guid":{"rendered":"https:\/\/roveyayinevi.com.tr\/index.php\/urun\/bay-markus-burtonun-kopegi\/"},"modified":"2026-04-16T02:53:26","modified_gmt":"2026-04-15T23:53:26","slug":"bay-markus-burtonun-kopegi","status":"publish","type":"product","link":"https:\/\/roveyayinevi.com.tr\/index.php\/urun\/bay-markus-burtonun-kopegi\/","title":{"rendered":"Bay Markus Burton\u2019un K\u00f6pe\u011fi"},"content":{"rendered":"<p>Cengiz Da\u011fc\u0131, \u0130kinci D\u00fcnya Sava\u015f\u0131&#8217;ndan sonra vatan\u0131 K\u0131r\u0131m&#8217;dan \u00e7ok uzaklarda, \u0130ngiltere&#8217;de ya\u015famak zorunda kalm\u0131\u015ft\u0131r. \u0130ngiltere&#8217;de uzun y\u0131llar ya\u015famas\u0131na ra\u011fmen b\u00fct\u00fcn romanlar\u0131 hep K\u0131r\u0131m hakk\u0131nda olmu\u015f ve ana karakterlerini de tabiat\u0131yla hep T\u00fcrklerden se\u00e7mi\u015ftir. Ancak 1998 y\u0131l\u0131nda kaleme ald\u0131\u011f\u0131 Bay Markus Burton&#8217;un K\u00f6pe\u011fi ba\u015fl\u0131kl\u0131 uzun soluklu hik\u00e2yesiyle kendi yazarl\u0131\u011f\u0131 i\u00e7in bir ilki ger\u00e7ekle\u015ftirmi\u015f ve i\u00e7inde ya\u015fad\u0131\u011f\u0131 \u0130ngiliz toplumundan karakterler se\u00e7erek onlar\u0131 anlatm\u0131\u015ft\u0131r. Hik\u00e2yede, Benci adl\u0131 k\u00f6pe\u011fi ve en yak\u0131n dostu John Marple&#8217;la kurdu\u011fu ili\u015fki \u00fczerinden dul ve ya\u015fl\u0131 bir adam olan Markus Burton&#8217;un i\u00e7 d\u00fcnyas\u0131 anlat\u0131l\u0131yor. Cengiz Da\u011fc\u0131\u2019n\u0131n bu kitab\u0131nda da, t\u0131pk\u0131 di\u011fer kitaplar\u0131nda oldu\u011fu gibi kaleminin ve hik\u00e2yelerinin ruha tesirdeki kuvveti a\u00e7\u0131k\u00e7a g\u00f6r\u00fcl\u00fcyor. Da\u011fc\u0131, duygular\u0131m\u0131zdaki ini\u015f \u00e7\u0131k\u0131\u015flar\u0131m\u0131z\u0131, zaaflar\u0131m\u0131z\u0131, hoyrat yanlar\u0131m\u0131z\u0131, sevgimizi ve nefretimizi, s\u00fck\u00fbnetimizi ve \u00f6fkemizi, yani insana dair olan m\u00fcspet ve menf\u00ee b\u00fct\u00fcn \u00f6zelliklerimizi hik\u00e2yele\u015ftirir bir nevi. Bay Markus Burton\u2019un K\u00f6pe\u011fi adl\u0131 bu kitab\u0131nda da, b\u00fct\u00fcn bunlar\u0131 g\u00f6rmek m\u00fcmk\u00fcn. Cengiz Da\u011fc\u0131\u2019n\u0131n hikayesindeki Burton sadece bir k\u00f6pek de\u011fildir. Da\u011fc\u0131, Burton ile vefay\u0131, h\u00fczn\u00fc, yas\u0131, dostlu\u011fu ve naiflikle i\u00e7 i\u00e7e ge\u00e7mi\u015f merhametli yan\u0131m\u0131z\u0131 anlat\u0131r asl\u0131nda.<\/p>\n","protected":false},"excerpt":{"rendered":"<p>Cengiz Da\u011fc\u0131, \u0130kinci D\u00fcnya Sava\u015f\u0131&#8217;ndan sonra vatan\u0131 K\u0131r\u0131m&#8217;dan \u00e7ok uzaklarda, \u0130ngiltere&#8217;de ya\u015famak zorunda kalm\u0131\u015ft\u0131r. \u0130ngiltere&#8217;de uzun y\u0131llar ya\u015famas\u0131na ra\u011fmen b\u00fct\u00fcn romanlar\u0131 hep K\u0131r\u0131m hakk\u0131nda olmu\u015f ve<span class=\"excerpt-hellip\"> [\u2026]<\/span><\/p>\n","protected":false},"featured_media":0,"template":"","meta":{"_monsterinsights_skip_tracking":false,"_monsterinsights_sitenote_active":false,"_monsterinsights_sitenote_note":"","_monsterinsights_sitenote_category":0},"product_brand":[],"product_cat":[12291,12292],"product_tag":[],"class_list":{"0":"post-742361","1":"product","2":"type-product","3":"status-publish","5":"product_cat-edebiyat","6":"product_cat-turk-edebiyati","7":"pa_cilt-ciltsiz","8":"pa_tur-kitap","9":"pa_yayinevi-otuken-nesriyat","10":"pa_yazar-cengiz-dagci","12":"first","13":"instock","14":"sale","15":"shipping-taxable","16":"purchasable","17":"product-type-simple"},"_links":{"self":[{"href":"https:\/\/roveyayinevi.com.tr\/index.php\/wp-json\/wp\/v2\/product\/742361","targetHints":{"allow":["GET"]}}],"collection":[{"href":"https:\/\/roveyayinevi.com.tr\/index.php\/wp-json\/wp\/v2\/product"}],"about":[{"href":"https:\/\/roveyayinevi.com.tr\/index.php\/wp-json\/wp\/v2\/types\/product"}],"wp:attachment":[{"href":"https:\/\/roveyayinevi.com.tr\/index.php\/wp-json\/wp\/v2\/media?parent=742361"}],"wp:term":[{"taxonomy":"product_brand","embeddable":true,"href":"https:\/\/roveyayinevi.com.tr\/index.php\/wp-json\/wp\/v2\/product_brand?post=742361"},{"taxonomy":"product_cat","embeddable":true,"href":"https:\/\/roveyayinevi.com.tr\/index.php\/wp-json\/wp\/v2\/product_cat?post=742361"},{"taxonomy":"product_tag","embeddable":true,"href":"https:\/\/roveyayinevi.com.tr\/index.php\/wp-json\/wp\/v2\/product_tag?post=742361"}],"curies":[{"name":"wp","href":"https:\/\/api.w.org\/{rel}","templated":true}]}}