{"id":742360,"date":"2025-08-28T01:09:48","date_gmt":"2025-08-27T22:09:48","guid":{"rendered":"https:\/\/roveyayinevi.com.tr\/index.php\/urun\/boyun-egmeyen-kadin\/"},"modified":"2026-04-16T02:53:26","modified_gmt":"2026-04-15T23:53:26","slug":"boyun-egmeyen-kadin","status":"publish","type":"product","link":"https:\/\/roveyayinevi.com.tr\/index.php\/urun\/boyun-egmeyen-kadin\/","title":{"rendered":"Boyun E\u011fmeyen Kad\u0131n"},"content":{"rendered":"<p>Claire Fontaine ve Sloane Wilson, bu psikolojik gerilim kitab\u0131nda, yasan\u0131n kar\u015f\u0131t taraflar\u0131ndaki iki kad\u0131n\u2026 Yollar\u0131 kesi\u015fti\u011finde farkl\u0131 taraflarda olmalar\u0131na ra\u011fmen gelecekte i\u015flenecek bir su\u00e7u durdurmak i\u00e7in y\u0131llarca s\u00fcren bir karanl\u0131\u011f\u0131n kalbine giriyorlar.   Claire, daha \u00f6nce durduramad\u0131\u011f\u0131 su\u00e7u \u015fimdi durdurmas\u0131 gerekti\u011fini hissediyor ve her t\u00fcrl\u00fc tehdide ra\u011fmen asla pes etmiyor. Sloane ise bir \u015feyi kesin olarak biliyor: Bazen bir su\u00e7u \u00f6nlemenin tek yolu su\u00e7 i\u015flemektir\u2026   \u201cG\u00fczel, g\u00fczel yaz\u0131lm\u0131\u015f\u2026 \u00dcrpertici ba\u015flang\u0131\u00e7tan sonuna kadar rahats\u0131z edici.\u201d James Patterson \u2013 New York Times\u2019\u0131n en \u00e7ok satan yazar\u0131   \u201cBa\u011f\u0131ml\u0131l\u0131k yaratan, s\u00fcr\u00fckleyici, elden b\u0131rak\u0131lamayacak kadar ilgin\u00e7.\u201d Lisa Unger \u2013 New York Times\u2019\u0131n \u00e7ok satan yazar\u0131   \u201cHer f\u0131rsatta beklenmedik d\u00f6n\u00fc\u015flerle karanl\u0131k ve heyecan verici bir gerilim roman\u0131. Hik\u00e2yenin merkezindeki iki kad\u0131n\u0131 sevdim.\u201d <\/p>\n","protected":false},"excerpt":{"rendered":"<p>Claire Fontaine ve Sloane Wilson, bu psikolojik gerilim kitab\u0131nda, yasan\u0131n kar\u015f\u0131t taraflar\u0131ndaki iki kad\u0131n\u2026 Yollar\u0131 kesi\u015fti\u011finde farkl\u0131 taraflarda olmalar\u0131na ra\u011fmen gelecekte i\u015flenecek bir su\u00e7u durdurmak i\u00e7in<span class=\"excerpt-hellip\"> [\u2026]<\/span><\/p>\n","protected":false},"featured_media":0,"template":"","meta":{"_monsterinsights_skip_tracking":false,"_monsterinsights_sitenote_active":false,"_monsterinsights_sitenote_note":"","_monsterinsights_sitenote_category":0},"product_brand":[],"product_cat":[12358,12357],"product_tag":[],"class_list":{"0":"post-742360","1":"product","2":"type-product","3":"status-publish","5":"product_cat-genel-psikoloji","6":"product_cat-psikoloji","7":"pa_cilt-ciltsiz","8":"pa_tur-kitap","9":"pa_yayinevi-totem-yayinlari","10":"pa_yazar-stephanie-buelens","12":"first","13":"instock","14":"sale","15":"shipping-taxable","16":"purchasable","17":"product-type-simple"},"_links":{"self":[{"href":"https:\/\/roveyayinevi.com.tr\/index.php\/wp-json\/wp\/v2\/product\/742360","targetHints":{"allow":["GET"]}}],"collection":[{"href":"https:\/\/roveyayinevi.com.tr\/index.php\/wp-json\/wp\/v2\/product"}],"about":[{"href":"https:\/\/roveyayinevi.com.tr\/index.php\/wp-json\/wp\/v2\/types\/product"}],"wp:attachment":[{"href":"https:\/\/roveyayinevi.com.tr\/index.php\/wp-json\/wp\/v2\/media?parent=742360"}],"wp:term":[{"taxonomy":"product_brand","embeddable":true,"href":"https:\/\/roveyayinevi.com.tr\/index.php\/wp-json\/wp\/v2\/product_brand?post=742360"},{"taxonomy":"product_cat","embeddable":true,"href":"https:\/\/roveyayinevi.com.tr\/index.php\/wp-json\/wp\/v2\/product_cat?post=742360"},{"taxonomy":"product_tag","embeddable":true,"href":"https:\/\/roveyayinevi.com.tr\/index.php\/wp-json\/wp\/v2\/product_tag?post=742360"}],"curies":[{"name":"wp","href":"https:\/\/api.w.org\/{rel}","templated":true}]}}