{"id":742354,"date":"2025-08-28T01:09:41","date_gmt":"2025-08-27T22:09:41","guid":{"rendered":"https:\/\/roveyayinevi.com.tr\/index.php\/urun\/turku-tadinda-siirler\/"},"modified":"2026-04-16T02:53:25","modified_gmt":"2026-04-15T23:53:25","slug":"turku-tadinda-siirler","status":"publish","type":"product","link":"https:\/\/roveyayinevi.com.tr\/index.php\/urun\/turku-tadinda-siirler\/","title":{"rendered":"T\u00fcrk\u00fc Tad\u0131nda \u015eiirler"},"content":{"rendered":"<p>\u015eiir d\u00fcnyay\u0131 g\u00f6n\u00fcl g\u00f6z\u00fcyle g\u00f6rmek, g\u00f6rd\u00fcklerini en canl\u0131 renklerle resmetmektir. Her detay\u0131nda manalar\u0131na\u015fkla kucakla\u015ft\u0131\u011f\u0131 duygular kilimini dokuyan nakka\u015ft\u0131r \u015fair. Sevinci, tasay\u0131, hasreti, vuslat\u0131, dostlu\u011fu,d\u00fc\u015fmanl\u0131\u011f\u0131, nefreti, sevday\u0131, gurbeti ve de vatan\u0131 g\u00f6n\u00fcl kazan\u0131nda hislerin ve duygular\u0131n kor ate\u015fiyle pi\u015firmekve canlara bu e\u015fsiz lezzeti sunmakt\u0131r \u015fairin mahareti.Bu kitab\u0131n t\u0131n\u0131s\u0131; Dede Korkut\u2019un kopuzu, \u00c2\u015f\u0131k Veysel\u2019in ba\u011flamas\u0131, Ne\u015fet Erta\u015f\u2019\u0131n meydan saz\u0131d\u0131r. Bukitab\u0131n kokusu da\u011f s\u00fcmb\u00fcl\u00fcn\u00fcn, yayla keki\u011finin, bol dikenli ve mis kokulu yaban g\u00fcl\u00fcn\u00fcn rehas\u0131d\u0131r. Bukitab\u0131n manzaras\u0131 Toroslar\u0131n zirvelerinden Be\u015fparmak Da\u011flar\u0131n\u0131 seyretmektir.Ya\u015fanm\u0131\u015fl\u0131klar\u0131, \u00f6zlemleri, ac\u0131lar\u0131, hayalleri ve \u00fclk\u00fcleri dizelere ilmek ilmek dokuyan bir Y\u00f6r\u00fck \u00e7ocu\u011fununy\u00fcre\u011fini ellerinizde tutuyorsunuz. Duygu d\u00fcnyas\u0131nda aheste ve keyifli bir yolculu\u011fa \u00e7\u0131kmak \u00fczeresiniz. G\u00f6n\u00fcldura\u011f\u0131nda bulu\u015fmak \u00fcmidiyle \u2026. T\u00fcrk\u00fc Tad\u0131nda \u015eiirler.<\/p>\n","protected":false},"excerpt":{"rendered":"<p>\u015eiir d\u00fcnyay\u0131 g\u00f6n\u00fcl g\u00f6z\u00fcyle g\u00f6rmek, g\u00f6rd\u00fcklerini en canl\u0131 renklerle resmetmektir. Her detay\u0131nda manalar\u0131na\u015fkla kucakla\u015ft\u0131\u011f\u0131 duygular kilimini dokuyan nakka\u015ft\u0131r \u015fair. Sevinci, tasay\u0131, hasreti, vuslat\u0131, dostlu\u011fu,d\u00fc\u015fmanl\u0131\u011f\u0131, nefreti, sevday\u0131,<span class=\"excerpt-hellip\"> [\u2026]<\/span><\/p>\n","protected":false},"featured_media":0,"template":"","meta":{"_monsterinsights_skip_tracking":false,"_monsterinsights_sitenote_active":false,"_monsterinsights_sitenote_note":"","_monsterinsights_sitenote_category":0},"product_brand":[],"product_cat":[35958],"product_tag":[],"class_list":{"0":"post-742354","1":"product","2":"type-product","3":"status-publish","5":"product_cat-siir-2","6":"pa_cilt-ciltsiz","7":"pa_tur-kitap","8":"pa_yayinevi-platanus-publishing","9":"pa_yazar-bayram-aslan","11":"first","12":"instock","13":"sale","14":"shipping-taxable","15":"purchasable","16":"product-type-simple"},"_links":{"self":[{"href":"https:\/\/roveyayinevi.com.tr\/index.php\/wp-json\/wp\/v2\/product\/742354","targetHints":{"allow":["GET"]}}],"collection":[{"href":"https:\/\/roveyayinevi.com.tr\/index.php\/wp-json\/wp\/v2\/product"}],"about":[{"href":"https:\/\/roveyayinevi.com.tr\/index.php\/wp-json\/wp\/v2\/types\/product"}],"wp:attachment":[{"href":"https:\/\/roveyayinevi.com.tr\/index.php\/wp-json\/wp\/v2\/media?parent=742354"}],"wp:term":[{"taxonomy":"product_brand","embeddable":true,"href":"https:\/\/roveyayinevi.com.tr\/index.php\/wp-json\/wp\/v2\/product_brand?post=742354"},{"taxonomy":"product_cat","embeddable":true,"href":"https:\/\/roveyayinevi.com.tr\/index.php\/wp-json\/wp\/v2\/product_cat?post=742354"},{"taxonomy":"product_tag","embeddable":true,"href":"https:\/\/roveyayinevi.com.tr\/index.php\/wp-json\/wp\/v2\/product_tag?post=742354"}],"curies":[{"name":"wp","href":"https:\/\/api.w.org\/{rel}","templated":true}]}}