{"id":742353,"date":"2025-08-28T01:09:40","date_gmt":"2025-08-27T22:09:40","guid":{"rendered":"https:\/\/roveyayinevi.com.tr\/index.php\/urun\/ahlakin-metafizigi-hukuk-ogretisi\/"},"modified":"2026-04-16T02:53:25","modified_gmt":"2026-04-15T23:53:25","slug":"ahlakin-metafizigi-hukuk-ogretisi","status":"publish","type":"product","link":"https:\/\/roveyayinevi.com.tr\/index.php\/urun\/ahlakin-metafizigi-hukuk-ogretisi\/","title":{"rendered":"Ahlak\u0131n Metafizi\u011fi Hukuk \u00d6\u011fretisi"},"content":{"rendered":"<p>Kant\u2019\u0131n Ahlak\u0131n Metafizi\u011fi (Die Metaphysik der Sitten) adl\u0131 eserinin ilk k\u0131sm\u0131 olan bu kitap, yazar\u0131n \u2018hukuk \u00f6\u011fretisi\u2019nin ve \u2018devlet kuram\u0131\u2019n\u0131n temel ilkelerini ortaya koymaktad\u0131r. Kant denince akla her ne kadar ilk bak\u0131\u015fta ahlak felsefesi gelse de onun hukuk felsefesi ve devlet felsefesi, ba\u015fl\u0131 ba\u015f\u0131na felsefi bir tasar\u0131d\u0131r. Kant, hukuk felsefesini bilin\u00e7li ve planl\u0131 bir \u015fekilde Saf Akl\u0131n Ele\u015ftirisi\u2019nde yeni bir temelde in\u015fa ettikten sonra geli\u015ftirmi\u015ftir. Hukuk ve devlet felsefesi d\u00fc\u015f\u00fcncelerini bu kitapta kaleme almadan \u00f6nce Yeni\u00e7a\u011f felsefesini incelemi\u015f; Hobbes\u2019tan Locke\u2019a ve Rousseau\u2019ya kadar temel hukuk ve devlet \u00f6\u011fretileri ve hukukun devlet i\u00e7erisindeki konumu Kant\u2019\u0131n yo\u011fun ilgisini \u00e7ekmi\u015ftir. Kant\u2019ta \u00fc\u00e7 b\u00fcy\u00fck d\u00fc\u015f\u00fcn\u00fcr\u00fcn, Rousseau\u2019nun cumhuriyet\u00e7ilik, Locke\u2019un temel insan hak ve \u00f6zg\u00fcrl\u00fckleri ve Montesquieu\u2019n\u00fcn g\u00fc\u00e7ler ayr\u0131l\u0131\u011f\u0131 ba\u011flam\u0131nda derin izlerini g\u00f6rmek m\u00fcmk\u00fcnd\u00fcr. Kategorik imperatif devlet kuram\u0131na uygulanabilir mi? Kant, iktisadi veya siyasi liberalizme, m\u00fcdahaleci hukuk devletine nas\u0131l bakmaktad\u0131r? \u2018D\u00fcnya vatanda\u015fl\u0131\u011f\u0131\u2019 kavram\u0131 s\u00f6m\u00fcrgecili\u011fe bir alternatif midir? Evrensel bir hukuk ve devlet eti\u011fi yarat\u0131labilir mi? \u0130nsan haklar\u0131 ilkesi ve m\u00fclkiyet kurumu nas\u0131l temellendirilebilir?  Devletleraras\u0131 hukuk d\u00fczeni, ceza hukuku, direnme hakk\u0131, yoksullar i\u00e7in kamusal sorumluluk gibi maddi hukukla ilgili \u00f6zsel konularla birlikte bu kitap, hukuk \u00f6\u011fretisinde metafizi\u011fin vazge\u00e7ilmezli\u011fine dikkat \u00e7ekmektedir. <\/p>\n","protected":false},"excerpt":{"rendered":"<p>Kant\u2019\u0131n Ahlak\u0131n Metafizi\u011fi (Die Metaphysik der Sitten) adl\u0131 eserinin ilk k\u0131sm\u0131 olan bu kitap, yazar\u0131n \u2018hukuk \u00f6\u011fretisi\u2019nin ve \u2018devlet kuram\u0131\u2019n\u0131n temel ilkelerini ortaya koymaktad\u0131r. Kant denince<span class=\"excerpt-hellip\"> [\u2026]<\/span><\/p>\n","protected":false},"featured_media":0,"template":"","meta":{"_monsterinsights_skip_tracking":false,"_monsterinsights_sitenote_active":false,"_monsterinsights_sitenote_note":"","_monsterinsights_sitenote_category":0},"product_brand":[],"product_cat":[12388],"product_tag":[],"class_list":{"0":"post-742353","1":"product","2":"type-product","3":"status-publish","5":"product_cat-felsefe","6":"pa_cilt-ciltsiz","7":"pa_tur-kitap","8":"pa_yayinevi-fol-kitap","9":"pa_yazar-immanuel-kant","11":"first","12":"instock","13":"sale","14":"shipping-taxable","15":"purchasable","16":"product-type-simple"},"_links":{"self":[{"href":"https:\/\/roveyayinevi.com.tr\/index.php\/wp-json\/wp\/v2\/product\/742353","targetHints":{"allow":["GET"]}}],"collection":[{"href":"https:\/\/roveyayinevi.com.tr\/index.php\/wp-json\/wp\/v2\/product"}],"about":[{"href":"https:\/\/roveyayinevi.com.tr\/index.php\/wp-json\/wp\/v2\/types\/product"}],"wp:attachment":[{"href":"https:\/\/roveyayinevi.com.tr\/index.php\/wp-json\/wp\/v2\/media?parent=742353"}],"wp:term":[{"taxonomy":"product_brand","embeddable":true,"href":"https:\/\/roveyayinevi.com.tr\/index.php\/wp-json\/wp\/v2\/product_brand?post=742353"},{"taxonomy":"product_cat","embeddable":true,"href":"https:\/\/roveyayinevi.com.tr\/index.php\/wp-json\/wp\/v2\/product_cat?post=742353"},{"taxonomy":"product_tag","embeddable":true,"href":"https:\/\/roveyayinevi.com.tr\/index.php\/wp-json\/wp\/v2\/product_tag?post=742353"}],"curies":[{"name":"wp","href":"https:\/\/api.w.org\/{rel}","templated":true}]}}