{"id":742352,"date":"2025-08-28T01:09:38","date_gmt":"2025-08-27T22:09:38","guid":{"rendered":"https:\/\/roveyayinevi.com.tr\/index.php\/urun\/en-karanlik-gunah\/"},"modified":"2026-04-13T03:00:22","modified_gmt":"2026-04-13T00:00:22","slug":"en-karanlik-gunah","status":"publish","type":"product","link":"https:\/\/roveyayinevi.com.tr\/index.php\/urun\/en-karanlik-gunah\/","title":{"rendered":"En Karanl\u0131k G\u00fcnah"},"content":{"rendered":"<p>Ge\u00e7mi\u015fte bir falc\u0131, Mila\u2019ya nefesini kesecek bir adamla kar\u015f\u0131la\u015faca\u011f\u0131n\u0131 s\u00f6ylemi\u015fti. Fakat bu kar\u015f\u0131la\u015fman\u0131n Mila tam olarak can\u0131n\u0131 kurtarmak i\u00e7in ka\u00e7arken ger\u00e7ekle\u015fece\u011finden bahsetmeyi atlam\u0131\u015ft\u0131.   Mila her zaman ondan beklenen \u015fekilde davrand\u0131; gerekti\u011fi gibi giyindi, sadece \u00f6rnek niteliklere sahip \u00fcniversiteli o\u011flanlarla \u00e7\u0131kt\u0131 ve asla soru sormad\u0131. \u00d6zellikle de babas\u0131n\u0131n ortalarda olmay\u0131\u015f\u0131 ya da orada do\u011fmas\u0131na ra\u011fmen Rusya\u2019ya ayak basmas\u0131na izin verilmemesiyle ilgili sorulardan ka\u00e7\u0131nd\u0131.   Bu kurallar ve cevaps\u0131z sorulardan b\u0131kan gen\u00e7 kad\u0131n, her zaman yapmak istedi\u011fi \u015feyi yapt\u0131\u2026   VE MOSKOVA\u2019YA G\u0130DEN B\u0130R U\u00c7A\u011eA B\u0130ND\u0130.  Fakat en beklemedi\u011fi \u015fey orada bir adama \u00e2\u015f\u0131k olmakt\u0131. Hem de a\u00e7\u0131klanamayan serveti, kollar\u0131nda d\u00f6vmeleri, g\u00f6zlerinde s\u0131rlar\u0131 olan o adama\u2026 Ancak adam\u0131n dokunu\u015flar\u0131n\u0131n, kad\u0131n\u0131n \u00e7\u0131\u011fl\u0131klar\u0131n\u0131 bast\u0131ran sert bir kavray\u0131\u015fa d\u00f6n\u00fc\u015fmesi uzun s\u00fcrmedi. \u0130ntikam so\u011fuk yenen bir yemekti. Ne yaz\u0131k ki Rus k\u0131\u015f\u0131 daha da so\u011fuktu. Mila, zarar g\u00f6rmeden kurtulman\u0131n tek yolunun imk\u00e2ns\u0131z\u0131 ba\u015farmak ve onu tutsak eden adam\u0131n kalbindeki buzlar\u0131 eritmek oldu\u011funu k\u0131sa s\u00fcrede \u00f6\u011frenecekti<\/p>\n","protected":false},"excerpt":{"rendered":"<p>Ge\u00e7mi\u015fte bir falc\u0131, Mila\u2019ya nefesini kesecek bir adamla kar\u015f\u0131la\u015faca\u011f\u0131n\u0131 s\u00f6ylemi\u015fti. Fakat bu kar\u015f\u0131la\u015fman\u0131n Mila tam olarak can\u0131n\u0131 kurtarmak i\u00e7in ka\u00e7arken ger\u00e7ekle\u015fece\u011finden bahsetmeyi atlam\u0131\u015ft\u0131. Mila her zaman<span class=\"excerpt-hellip\"> [\u2026]<\/span><\/p>\n","protected":false},"featured_media":0,"template":"","meta":{"_monsterinsights_skip_tracking":false,"_monsterinsights_sitenote_active":false,"_monsterinsights_sitenote_note":"","_monsterinsights_sitenote_category":0},"product_brand":[],"product_cat":[12291,12711],"product_tag":[],"class_list":{"0":"post-742352","1":"product","2":"type-product","3":"status-publish","5":"product_cat-edebiyat","6":"product_cat-roman-oyku","7":"pa_cilt-ciltsiz","8":"pa_tur-kitap","9":"pa_yayinevi-marti-yayinlari","10":"pa_yazar-danielle-lori","12":"first","13":"instock","14":"sale","15":"shipping-taxable","16":"purchasable","17":"product-type-simple"},"_links":{"self":[{"href":"https:\/\/roveyayinevi.com.tr\/index.php\/wp-json\/wp\/v2\/product\/742352","targetHints":{"allow":["GET"]}}],"collection":[{"href":"https:\/\/roveyayinevi.com.tr\/index.php\/wp-json\/wp\/v2\/product"}],"about":[{"href":"https:\/\/roveyayinevi.com.tr\/index.php\/wp-json\/wp\/v2\/types\/product"}],"wp:attachment":[{"href":"https:\/\/roveyayinevi.com.tr\/index.php\/wp-json\/wp\/v2\/media?parent=742352"}],"wp:term":[{"taxonomy":"product_brand","embeddable":true,"href":"https:\/\/roveyayinevi.com.tr\/index.php\/wp-json\/wp\/v2\/product_brand?post=742352"},{"taxonomy":"product_cat","embeddable":true,"href":"https:\/\/roveyayinevi.com.tr\/index.php\/wp-json\/wp\/v2\/product_cat?post=742352"},{"taxonomy":"product_tag","embeddable":true,"href":"https:\/\/roveyayinevi.com.tr\/index.php\/wp-json\/wp\/v2\/product_tag?post=742352"}],"curies":[{"name":"wp","href":"https:\/\/api.w.org\/{rel}","templated":true}]}}