{"id":742349,"date":"2025-08-28T01:09:35","date_gmt":"2025-08-27T22:09:35","guid":{"rendered":"https:\/\/roveyayinevi.com.tr\/index.php\/urun\/iyinin-ve-kotunun-otesinde-4\/"},"modified":"2026-04-16T02:53:25","modified_gmt":"2026-04-15T23:53:25","slug":"iyinin-ve-kotunun-otesinde-4","status":"publish","type":"product","link":"https:\/\/roveyayinevi.com.tr\/index.php\/urun\/iyinin-ve-kotunun-otesinde-4\/","title":{"rendered":"\u0130yinin ve K\u00f6t\u00fcn\u00fcn \u00d6tesinde"},"content":{"rendered":"<p>Nietzsche\u2019nin 1886 y\u0131l\u0131nda yazd\u0131\u011f\u0131 \u0130yinin ve K\u00f6t\u00fcn\u00fcn \u00d6tesinde adl\u0131 eseri, zaman\u0131n \u00e7ok \u00f6tesine ge\u00e7ebilmi\u015f, yeni bir bak\u0131\u015f a\u00e7\u0131s\u0131n\u0131n \u00fcr\u00fcn\u00fcd\u00fcr. \u00c7e\u015fitli sembollerle ve edeb\u00ee bir \u00fcslupla, bir da\u011f\u0131n tepesinde, -B\u00f6yle Buyurdu Zerd\u00fc\u015ft-, birbirleriyle \u00f6r\u00fclen konular, bu sefer tamamlay\u0131c\u0131 nitelikteki bu ba\u015fyap\u0131tta yery\u00fcz\u00fcne iner; daha a\u00e7\u0131k, ayr\u0131nt\u0131l\u0131 ve ele\u015ftirel bir \u00fcsluba kavu\u015fur. Nietzsche daima gelecekte kendisini ke\u015ffedecek okurlar i\u00e7in yazd\u0131\u011f\u0131n\u0131 s\u00f6yler. Bu y\u00fczden \u201cuyar\u0131c\u0131\u201d \u00e7a\u011fr\u0131s\u0131yla modernitenin ilk kapsaml\u0131 ele\u015ftirisi ona aittir. Nietzsche geleneksel Bat\u0131 d\u00fc\u015f\u00fcncesindeki Tanr\u0131, hakikat, iyi ve k\u00f6t\u00fc gibi kavramlar\u0131 tersine \u00e7evirirken uygarl\u0131\u011f\u0131n alt\u0131nda yatan karanl\u0131k tortular\u0131, habis ruhlar\u0131 ve kendine g\u00fcvenli limanlar bulmaya \u00e7al\u0131\u015fan filozoflar\u0131 deyim yerindeyse yerden yere vurur. Nietzsche, kendisinden \u00f6nceki ve \u00e7a\u011fda\u015f\u0131 olan filozoflar\u0131 ahl\u00e2k felsefesi \u00e7er\u00e7evesinde dogmatik \u00f6n kabullerle fikir y\u00fcr\u00fctt\u00fcklerini ve dolay\u0131s\u0131yla ele\u015ftirel bir bak\u0131\u015f a\u00e7\u0131s\u0131ndan yoksun olduklar\u0131n\u0131 belirtir. Ahl\u00e2k d\u00fc\u015f\u00fcncesi diye benimsedi\u011fimiz \u015fey esasen bir \u201ck\u00f6le ahl\u00e2k\u0131\u201dd\u0131r. O, iyi ve k\u00f6t\u00fc kavramlar\u0131n\u0131 metafiziksel bir yakla\u015f\u0131mla tan\u0131mlamaz, aksine ironi ve ne\u015fesiyle, i\u00e7tenli\u011fi ve felsefi derinli\u011fiyle i\u00e7inde bulundu\u011fumuz ger\u00e7eklere ve insan do\u011fas\u0131na odaklan\u0131r. Nietzsche bu eserinde geleneksel kal\u0131plar\u0131n t\u00fcm\u00fcyle kar\u015f\u0131s\u0131nda konumunu al\u0131rken zaman\u0131 a\u015fan y\u00f6n\u00fcyle yeni bir t\u00fcr filozof neslinin ortaya \u00e7\u0131kmas\u0131 i\u00e7in vaktin art\u0131k tamam oldu\u011funu hayk\u0131r\u0131r. <\/p>\n","protected":false},"excerpt":{"rendered":"<p>Nietzsche\u2019nin 1886 y\u0131l\u0131nda yazd\u0131\u011f\u0131 \u0130yinin ve K\u00f6t\u00fcn\u00fcn \u00d6tesinde adl\u0131 eseri, zaman\u0131n \u00e7ok \u00f6tesine ge\u00e7ebilmi\u015f, yeni bir bak\u0131\u015f a\u00e7\u0131s\u0131n\u0131n \u00fcr\u00fcn\u00fcd\u00fcr. \u00c7e\u015fitli sembollerle ve edeb\u00ee bir \u00fcslupla, bir<span class=\"excerpt-hellip\"> [\u2026]<\/span><\/p>\n","protected":false},"featured_media":0,"template":"","meta":{"_monsterinsights_skip_tracking":false,"_monsterinsights_sitenote_active":false,"_monsterinsights_sitenote_note":"","_monsterinsights_sitenote_category":0},"product_brand":[],"product_cat":[12389,12388],"product_tag":[],"class_list":{"0":"post-742349","1":"product","2":"type-product","3":"status-publish","5":"product_cat-diger-felsefe","6":"product_cat-felsefe","7":"pa_cilt-ciltsiz","8":"pa_tur-kitap","9":"pa_yayinevi-dogu-bati-yayinlari","10":"pa_yazar-friedrich-nietzsche","12":"first","13":"instock","14":"sale","15":"shipping-taxable","16":"purchasable","17":"product-type-simple"},"_links":{"self":[{"href":"https:\/\/roveyayinevi.com.tr\/index.php\/wp-json\/wp\/v2\/product\/742349","targetHints":{"allow":["GET"]}}],"collection":[{"href":"https:\/\/roveyayinevi.com.tr\/index.php\/wp-json\/wp\/v2\/product"}],"about":[{"href":"https:\/\/roveyayinevi.com.tr\/index.php\/wp-json\/wp\/v2\/types\/product"}],"wp:attachment":[{"href":"https:\/\/roveyayinevi.com.tr\/index.php\/wp-json\/wp\/v2\/media?parent=742349"}],"wp:term":[{"taxonomy":"product_brand","embeddable":true,"href":"https:\/\/roveyayinevi.com.tr\/index.php\/wp-json\/wp\/v2\/product_brand?post=742349"},{"taxonomy":"product_cat","embeddable":true,"href":"https:\/\/roveyayinevi.com.tr\/index.php\/wp-json\/wp\/v2\/product_cat?post=742349"},{"taxonomy":"product_tag","embeddable":true,"href":"https:\/\/roveyayinevi.com.tr\/index.php\/wp-json\/wp\/v2\/product_tag?post=742349"}],"curies":[{"name":"wp","href":"https:\/\/api.w.org\/{rel}","templated":true}]}}