{"id":742343,"date":"2025-08-28T01:09:28","date_gmt":"2025-08-27T22:09:28","guid":{"rendered":"https:\/\/roveyayinevi.com.tr\/index.php\/urun\/1984-cizgi-roman\/"},"modified":"2026-04-16T02:53:25","modified_gmt":"2026-04-15T23:53:25","slug":"1984-cizgi-roman","status":"publish","type":"product","link":"https:\/\/roveyayinevi.com.tr\/index.php\/urun\/1984-cizgi-roman\/","title":{"rendered":"1984 -\u00c7izgi Roman"},"content":{"rendered":"<p>So\u011fuk Sava\u015f sonras\u0131 Okyanusya. Kameralar, casuslar, kom\u015fular ve d\u00fc\u015f\u00fcnce polisleri taraf\u0131ndan s\u00fcrekli izlenen Winston Smith, bildi\u011fi d\u00fcnyada bir \u015feylerin yolunda gitmedi\u011fini, ger\u00e7e\u011fin kasten \u00e7arp\u0131t\u0131ld\u0131\u011f\u0131n\u0131 hissetmeye ba\u015flar. Zihnindeki sesler dinmek bilmez bir hal al\u0131nca kendini bir anlam aray\u0131\u015f\u0131n\u0131n i\u00e7inde bulur. \u0130\u015fte o s\u0131rada Julia\u2019yla tan\u0131\u015f\u0131r&#8230;   Xavier Coste\u2019un etkileyici ve \u00e7a\u011fda\u015f \u00e7izgileriyle hayat bulan Orwell\u2019in k\u00fclt distopyas\u0131 \u015fimdi her zamankinden \u00e7ok daha \u00fcrpertici.   \u201cXavier Coste, bu distopya klasi\u011fini muhte\u015fem bir \u015fekilde \u00e7izgi romana uyarlayarak imk\u00e2ns\u0131z\u0131 ba\u015farm\u0131\u015f.\u201d   CANAL BD <\/p>\n","protected":false},"excerpt":{"rendered":"<p>So\u011fuk Sava\u015f sonras\u0131 Okyanusya. Kameralar, casuslar, kom\u015fular ve d\u00fc\u015f\u00fcnce polisleri taraf\u0131ndan s\u00fcrekli izlenen Winston Smith, bildi\u011fi d\u00fcnyada bir \u015feylerin yolunda gitmedi\u011fini, ger\u00e7e\u011fin kasten \u00e7arp\u0131t\u0131ld\u0131\u011f\u0131n\u0131 hissetmeye ba\u015flar.<span class=\"excerpt-hellip\"> [\u2026]<\/span><\/p>\n","protected":false},"featured_media":0,"template":"","meta":{"_monsterinsights_skip_tracking":false,"_monsterinsights_sitenote_active":false,"_monsterinsights_sitenote_note":"","_monsterinsights_sitenote_category":0},"product_brand":[],"product_cat":[12416,12291],"product_tag":[],"class_list":{"0":"post-742343","1":"product","2":"type-product","3":"status-publish","5":"product_cat-cizgi-roman","6":"product_cat-edebiyat","7":"pa_cilt-ciltsiz","8":"pa_tur-kitap","9":"pa_yayinevi-can-yayinlari","10":"pa_yazar-george-orwell","12":"first","13":"instock","14":"sale","15":"shipping-taxable","16":"purchasable","17":"product-type-simple"},"_links":{"self":[{"href":"https:\/\/roveyayinevi.com.tr\/index.php\/wp-json\/wp\/v2\/product\/742343","targetHints":{"allow":["GET"]}}],"collection":[{"href":"https:\/\/roveyayinevi.com.tr\/index.php\/wp-json\/wp\/v2\/product"}],"about":[{"href":"https:\/\/roveyayinevi.com.tr\/index.php\/wp-json\/wp\/v2\/types\/product"}],"wp:attachment":[{"href":"https:\/\/roveyayinevi.com.tr\/index.php\/wp-json\/wp\/v2\/media?parent=742343"}],"wp:term":[{"taxonomy":"product_brand","embeddable":true,"href":"https:\/\/roveyayinevi.com.tr\/index.php\/wp-json\/wp\/v2\/product_brand?post=742343"},{"taxonomy":"product_cat","embeddable":true,"href":"https:\/\/roveyayinevi.com.tr\/index.php\/wp-json\/wp\/v2\/product_cat?post=742343"},{"taxonomy":"product_tag","embeddable":true,"href":"https:\/\/roveyayinevi.com.tr\/index.php\/wp-json\/wp\/v2\/product_tag?post=742343"}],"curies":[{"name":"wp","href":"https:\/\/api.w.org\/{rel}","templated":true}]}}