{"id":742341,"date":"2025-08-28T01:09:26","date_gmt":"2025-08-27T22:09:26","guid":{"rendered":"https:\/\/roveyayinevi.com.tr\/index.php\/urun\/bir-kirlangicin-daha-var\/"},"modified":"2026-04-16T02:53:25","modified_gmt":"2026-04-15T23:53:25","slug":"bir-kirlangicin-daha-var","status":"publish","type":"product","link":"https:\/\/roveyayinevi.com.tr\/index.php\/urun\/bir-kirlangicin-daha-var\/","title":{"rendered":"Bir K\u0131rlang\u0131c\u0131n Daha Var"},"content":{"rendered":"<p>Lokman \u015fair senin hayat\u0131n Yedi k\u0131rlang\u0131c\u0131n hayat\u0131 kadar Alt\u0131s\u0131n\u0131 ard\u0131 ard\u0131na ya\u015fad\u0131n Bir k\u0131rlang\u0131c\u0131n daha var.       \u0130kinci Yeni\u2019nin \u00f6nc\u00fcs\u00fc olan Cemal S\u00fcreya\u2019n\u0131n kafeslere kapat\u0131lamayan son k\u0131rlang\u0131c\u0131 h\u00e2l\u00e2 aram\u0131zda dola\u015f\u0131yor. Bir K\u0131rlang\u0131c\u0131n Daha Var, \u015fairle \u201cuzun y\u0131llar ge\u00e7irmi\u015f bir insan ve o\u011flunun annesi\u201d olan Elif Sorgun\u2019dan tan\u0131d\u0131kl\u0131\u011f\u0131n, tan\u0131kl\u0131\u011f\u0131n ve ortakl\u0131\u011f\u0131n c\u0131v\u0131lt\u0131l\u0131 \u00f6z\u00fcn\u00fc bar\u0131nd\u0131ran, \u00fcmitle ve ya\u015fam sevinciyle dolu bir Cemal S\u00fcreya se\u00e7kisi. <\/p>\n","protected":false},"excerpt":{"rendered":"<p>Lokman \u015fair senin hayat\u0131n Yedi k\u0131rlang\u0131c\u0131n hayat\u0131 kadar Alt\u0131s\u0131n\u0131 ard\u0131 ard\u0131na ya\u015fad\u0131n Bir k\u0131rlang\u0131c\u0131n daha var. \u0130kinci Yeni\u2019nin \u00f6nc\u00fcs\u00fc olan Cemal S\u00fcreya\u2019n\u0131n kafeslere kapat\u0131lamayan son k\u0131rlang\u0131c\u0131<span class=\"excerpt-hellip\"> [\u2026]<\/span><\/p>\n","protected":false},"featured_media":0,"template":"","meta":{"_monsterinsights_skip_tracking":false,"_monsterinsights_sitenote_active":false,"_monsterinsights_sitenote_note":"","_monsterinsights_sitenote_category":0},"product_brand":[],"product_cat":[12291,12509],"product_tag":[],"class_list":{"0":"post-742341","1":"product","2":"type-product","3":"status-publish","5":"product_cat-edebiyat","6":"product_cat-siir","7":"pa_cilt-ciltsiz","8":"pa_tur-kitap","9":"pa_yayinevi-can-yayinlari","10":"pa_yazar-cemal-sureya","12":"first","13":"instock","14":"sale","15":"shipping-taxable","16":"purchasable","17":"product-type-simple"},"_links":{"self":[{"href":"https:\/\/roveyayinevi.com.tr\/index.php\/wp-json\/wp\/v2\/product\/742341","targetHints":{"allow":["GET"]}}],"collection":[{"href":"https:\/\/roveyayinevi.com.tr\/index.php\/wp-json\/wp\/v2\/product"}],"about":[{"href":"https:\/\/roveyayinevi.com.tr\/index.php\/wp-json\/wp\/v2\/types\/product"}],"wp:attachment":[{"href":"https:\/\/roveyayinevi.com.tr\/index.php\/wp-json\/wp\/v2\/media?parent=742341"}],"wp:term":[{"taxonomy":"product_brand","embeddable":true,"href":"https:\/\/roveyayinevi.com.tr\/index.php\/wp-json\/wp\/v2\/product_brand?post=742341"},{"taxonomy":"product_cat","embeddable":true,"href":"https:\/\/roveyayinevi.com.tr\/index.php\/wp-json\/wp\/v2\/product_cat?post=742341"},{"taxonomy":"product_tag","embeddable":true,"href":"https:\/\/roveyayinevi.com.tr\/index.php\/wp-json\/wp\/v2\/product_tag?post=742341"}],"curies":[{"name":"wp","href":"https:\/\/api.w.org\/{rel}","templated":true}]}}