{"id":742339,"date":"2025-08-28T01:09:23","date_gmt":"2025-08-27T22:09:23","guid":{"rendered":"https:\/\/roveyayinevi.com.tr\/index.php\/urun\/kenar-mahalle-cocuklari\/"},"modified":"2026-04-16T02:53:25","modified_gmt":"2026-04-15T23:53:25","slug":"kenar-mahalle-cocuklari","status":"publish","type":"product","link":"https:\/\/roveyayinevi.com.tr\/index.php\/urun\/kenar-mahalle-cocuklari\/","title":{"rendered":"Kenar Mahalle \u00c7ocuklar\u0131"},"content":{"rendered":"<p>Hissedilen ne lodos s\u0131ca\u011f\u0131yd\u0131 ne de kavurucu bir s\u0131cak; yaln\u0131zca s\u0131cakt\u0131. Sanki esintiye, kenar mahallelerin sararm\u0131\u015f duvarlar\u0131na, \u00e7imenlere, el arabalar\u0131na, kap\u0131lar\u0131nda yolcular\u0131n \u00fcz\u00fcm taneleri gibi \u00fcst \u00fcste y\u0131\u011f\u0131ld\u0131\u011f\u0131 otob\u00fcslere bir kat boya s\u00fcr\u00fclm\u00fc\u015ft\u00fc: \u015eimdiki ve ge\u00e7mi\u015fteki t\u00fcm yaz gecelerinin ne\u015fesi ve sefaletini ta\u015f\u0131yan bir kat boya. Ebed\u00ee \u015fehir Roma\u2019n\u0131n tozlu ve y\u0131k\u0131k kenar mahallelerinde yeti\u015fen, kimsesizlik ve yoklukla s\u0131nanan, \u00f6fkeyle b\u00fcy\u00fcyen ve beslenen Caciotta, Lenzetta, Begalone, Alduccio gibi \u00e7ocuklar. Riccetto da onlardan yaln\u0131zca biri; onun \u015fehirdeki ilk Kom\u00fcnyon\u2019uyla ba\u015flayan ve 1950\u2019lere uzanan hik\u00e2yesinde aileleri d\u00fcnya ve Tanr\u0131 taraf\u0131ndan ba\u015f\u0131bo\u015f b\u0131rak\u0131lan bu \u00e7ocuklar\u0131n ne pahas\u0131na olursa olsun hayatta kalma m\u00fccadelesine tan\u0131k oluruz.  Kenar Mahalle \u00c7ocuklar\u0131, filmleriyle \u0130talyan ve d\u00fcnya sinemas\u0131nda \u00f6l\u00fcms\u00fcz bir iz b\u0131rakm\u0131\u015f Pier Paolo Pasolini\u2019nin en \u00fcnl\u00fc eseri, onun s\u0131n\u0131rlar\u0131 s\u00fcrekli zorlayan ayk\u0131r\u0131 zihninden faydalanan bir neorealist ba\u015fyap\u0131t. Sanat\u0131n, kurumlar\u0131n ve toplumun arkas\u0131n\u0131 d\u00f6nd\u00fc\u011f\u00fc bir s\u0131n\u0131fa adanm\u0131\u015f sars\u0131c\u0131 bir k\u00fclt roman. \u201cPasolini 20. y\u00fczy\u0131l \u0130talya\u2019s\u0131n\u0131n en \u00f6nemli ozan\u0131d\u0131r.\u201d Alberto Moravia   \u201cPasolini \u00e7eli\u015fkilerini uzla\u015ft\u0131rmay\u0131 de\u011fil, dolu dolu ya\u015famay\u0131 se\u00e7en bir sanat\u00e7\u0131 ve d\u00fc\u015f\u00fcn\u00fcrd\u00fc.\u201d The New York Times <\/p>\n","protected":false},"excerpt":{"rendered":"<p>Hissedilen ne lodos s\u0131ca\u011f\u0131yd\u0131 ne de kavurucu bir s\u0131cak; yaln\u0131zca s\u0131cakt\u0131. Sanki esintiye, kenar mahallelerin sararm\u0131\u015f duvarlar\u0131na, \u00e7imenlere, el arabalar\u0131na, kap\u0131lar\u0131nda yolcular\u0131n \u00fcz\u00fcm taneleri gibi \u00fcst<span class=\"excerpt-hellip\"> [\u2026]<\/span><\/p>\n","protected":false},"featured_media":0,"template":"","meta":{"_monsterinsights_skip_tracking":false,"_monsterinsights_sitenote_active":false,"_monsterinsights_sitenote_note":"","_monsterinsights_sitenote_category":0},"product_brand":[],"product_cat":[12291,12711],"product_tag":[],"class_list":{"0":"post-742339","1":"product","2":"type-product","3":"status-publish","5":"product_cat-edebiyat","6":"product_cat-roman-oyku","7":"pa_cilt-ciltsiz","8":"pa_tur-kitap","9":"pa_yayinevi-can-yayinlari","10":"pa_yazar-pier-paolo-pasolini","12":"first","13":"instock","14":"sale","15":"shipping-taxable","16":"purchasable","17":"product-type-simple"},"_links":{"self":[{"href":"https:\/\/roveyayinevi.com.tr\/index.php\/wp-json\/wp\/v2\/product\/742339","targetHints":{"allow":["GET"]}}],"collection":[{"href":"https:\/\/roveyayinevi.com.tr\/index.php\/wp-json\/wp\/v2\/product"}],"about":[{"href":"https:\/\/roveyayinevi.com.tr\/index.php\/wp-json\/wp\/v2\/types\/product"}],"wp:attachment":[{"href":"https:\/\/roveyayinevi.com.tr\/index.php\/wp-json\/wp\/v2\/media?parent=742339"}],"wp:term":[{"taxonomy":"product_brand","embeddable":true,"href":"https:\/\/roveyayinevi.com.tr\/index.php\/wp-json\/wp\/v2\/product_brand?post=742339"},{"taxonomy":"product_cat","embeddable":true,"href":"https:\/\/roveyayinevi.com.tr\/index.php\/wp-json\/wp\/v2\/product_cat?post=742339"},{"taxonomy":"product_tag","embeddable":true,"href":"https:\/\/roveyayinevi.com.tr\/index.php\/wp-json\/wp\/v2\/product_tag?post=742339"}],"curies":[{"name":"wp","href":"https:\/\/api.w.org\/{rel}","templated":true}]}}