{"id":742336,"date":"2025-08-28T01:09:19","date_gmt":"2025-08-27T22:09:19","guid":{"rendered":"https:\/\/roveyayinevi.com.tr\/index.php\/urun\/en-yakin-arkadaslar-snoopy-ve-woodstock\/"},"modified":"2026-04-15T03:04:11","modified_gmt":"2026-04-15T00:04:11","slug":"en-yakin-arkadaslar-snoopy-ve-woodstock","status":"publish","type":"product","link":"https:\/\/roveyayinevi.com.tr\/index.php\/urun\/en-yakin-arkadaslar-snoopy-ve-woodstock\/","title":{"rendered":"En Yak\u0131n Arkada\u015flar Snoopy ve Woodstock"},"content":{"rendered":"<p>Snoopy ve Woodstock\u2019\u0131n bir su\u00a8ru\u00a8an\u0131s\u0131 var ama bu onlar\u0131n en sevdi\u011fi.Bu ikilinin tan\u0131\u015fma \u00f6yku\u00a8su\u00a8nu\u00a8 venas\u0131l birbirlerinin en yak\u0131n arkada\u015f\u0131olduklar\u0131n\u0131 \u00f6\u011frenmeye ne dersiniz?<\/p>\n","protected":false},"excerpt":{"rendered":"<p>Snoopy ve Woodstock\u2019\u0131n bir su\u00a8ru\u00a8an\u0131s\u0131 var ama bu onlar\u0131n en sevdi\u011fi.Bu ikilinin tan\u0131\u015fma \u00f6yku\u00a8su\u00a8nu\u00a8 venas\u0131l birbirlerinin en yak\u0131n arkada\u015f\u0131olduklar\u0131n\u0131 \u00f6\u011frenmeye ne dersiniz?<\/p>\n","protected":false},"featured_media":0,"template":"","meta":{"_monsterinsights_skip_tracking":false,"_monsterinsights_sitenote_active":false,"_monsterinsights_sitenote_note":"","_monsterinsights_sitenote_category":0},"product_brand":[],"product_cat":[12275,12274],"product_tag":[],"class_list":{"0":"post-742336","1":"product","2":"type-product","3":"status-publish","5":"product_cat-6-12-yas-kitaplari","6":"product_cat-cocuk-ve-genclik-kitaplari","7":"pa_cilt-ciltsiz","8":"pa_tur-kitap","9":"pa_yayinevi-mundi","10":"pa_yazar-charles-m-schulz","12":"first","13":"instock","14":"sale","15":"shipping-taxable","16":"purchasable","17":"product-type-simple"},"_links":{"self":[{"href":"https:\/\/roveyayinevi.com.tr\/index.php\/wp-json\/wp\/v2\/product\/742336","targetHints":{"allow":["GET"]}}],"collection":[{"href":"https:\/\/roveyayinevi.com.tr\/index.php\/wp-json\/wp\/v2\/product"}],"about":[{"href":"https:\/\/roveyayinevi.com.tr\/index.php\/wp-json\/wp\/v2\/types\/product"}],"wp:attachment":[{"href":"https:\/\/roveyayinevi.com.tr\/index.php\/wp-json\/wp\/v2\/media?parent=742336"}],"wp:term":[{"taxonomy":"product_brand","embeddable":true,"href":"https:\/\/roveyayinevi.com.tr\/index.php\/wp-json\/wp\/v2\/product_brand?post=742336"},{"taxonomy":"product_cat","embeddable":true,"href":"https:\/\/roveyayinevi.com.tr\/index.php\/wp-json\/wp\/v2\/product_cat?post=742336"},{"taxonomy":"product_tag","embeddable":true,"href":"https:\/\/roveyayinevi.com.tr\/index.php\/wp-json\/wp\/v2\/product_tag?post=742336"}],"curies":[{"name":"wp","href":"https:\/\/api.w.org\/{rel}","templated":true}]}}