{"id":742334,"date":"2025-08-28T01:09:16","date_gmt":"2025-08-27T22:09:16","guid":{"rendered":"https:\/\/roveyayinevi.com.tr\/index.php\/urun\/rapsodi-ciltli\/"},"modified":"2026-04-16T02:53:25","modified_gmt":"2026-04-15T23:53:25","slug":"rapsodi-ciltli","status":"publish","type":"product","link":"https:\/\/roveyayinevi.com.tr\/index.php\/urun\/rapsodi-ciltli\/","title":{"rendered":"Rapsodi -(Ciltli)"},"content":{"rendered":"<p>Pazarl\u0131\u011fa  Var  m\u0131s\u0131n? Do\u011fa\u00fcst\u00fc varl\u0131klar\u0131n d\u00fcnyas\u0131nda herkesin bildi\u011fi bir ger\u00e7ek vard\u0131: \u0130yili\u011fe ihtiyac\u0131n\u0131z varsa Pazarl\u0131k\u00e7\u0131\u2019ya giderdiniz. O, bir bedel kar\u015f\u0131l\u0131\u011f\u0131nda istedi\u011finiz her \u015feyi size verebilirdi; fakat Pazarl\u0131k\u00e7\u0131\u2019n\u0131n yapt\u0131\u011f\u0131 bu iyiliklerin bedelini er ya da ge\u00e7 talep edece\u011fini de g\u00f6ze alman\u0131z gerekirdi. Ancak bir m\u00fc\u015fterisinden asla geri \u00f6deme talep etmedi. Ta ki bug\u00fcne kadar\u2026 Callypso Lillis, ge\u00e7mi\u015fe uzanan b\u00fcy\u00fck sorunlara sahip bir sirendi. Son yedi y\u0131l\u0131n\u0131, Pazarl\u0131k\u00e7\u0131\u2019dan sat\u0131n ald\u0131\u011f\u0131 iyiliklerin bedeli olan, siyah boncuklardan yap\u0131lm\u0131\u015f bir bilezi\u011fin a\u011f\u0131rl\u0131\u011f\u0131n\u0131 ta\u015f\u0131yarak ge\u00e7irmi\u015fti ve bu iyiliklerin kar\u015f\u0131l\u0131\u011f\u0131n\u0131 \u00f6demek hi\u00e7 kolay olmayacakt\u0131. <\/p>\n","protected":false},"excerpt":{"rendered":"<p>Pazarl\u0131\u011fa Var m\u0131s\u0131n? Do\u011fa\u00fcst\u00fc varl\u0131klar\u0131n d\u00fcnyas\u0131nda herkesin bildi\u011fi bir ger\u00e7ek vard\u0131: \u0130yili\u011fe ihtiyac\u0131n\u0131z varsa Pazarl\u0131k\u00e7\u0131\u2019ya giderdiniz. O, bir bedel kar\u015f\u0131l\u0131\u011f\u0131nda istedi\u011finiz her \u015feyi size verebilirdi; fakat<span class=\"excerpt-hellip\"> [\u2026]<\/span><\/p>\n","protected":false},"featured_media":0,"template":"","meta":{"_monsterinsights_skip_tracking":false,"_monsterinsights_sitenote_active":false,"_monsterinsights_sitenote_note":"","_monsterinsights_sitenote_category":0},"product_brand":[],"product_cat":[12291,14777],"product_tag":[],"class_list":{"0":"post-742334","1":"product","2":"type-product","3":"status-publish","5":"product_cat-edebiyat","6":"product_cat-fantastik","7":"pa_cilt-ciltli","8":"pa_tur-kitap","9":"pa_yayinevi-marti-yayinlari","10":"pa_yazar-laura-thalassa","12":"first","13":"instock","14":"sale","15":"shipping-taxable","16":"purchasable","17":"product-type-simple"},"_links":{"self":[{"href":"https:\/\/roveyayinevi.com.tr\/index.php\/wp-json\/wp\/v2\/product\/742334","targetHints":{"allow":["GET"]}}],"collection":[{"href":"https:\/\/roveyayinevi.com.tr\/index.php\/wp-json\/wp\/v2\/product"}],"about":[{"href":"https:\/\/roveyayinevi.com.tr\/index.php\/wp-json\/wp\/v2\/types\/product"}],"wp:attachment":[{"href":"https:\/\/roveyayinevi.com.tr\/index.php\/wp-json\/wp\/v2\/media?parent=742334"}],"wp:term":[{"taxonomy":"product_brand","embeddable":true,"href":"https:\/\/roveyayinevi.com.tr\/index.php\/wp-json\/wp\/v2\/product_brand?post=742334"},{"taxonomy":"product_cat","embeddable":true,"href":"https:\/\/roveyayinevi.com.tr\/index.php\/wp-json\/wp\/v2\/product_cat?post=742334"},{"taxonomy":"product_tag","embeddable":true,"href":"https:\/\/roveyayinevi.com.tr\/index.php\/wp-json\/wp\/v2\/product_tag?post=742334"}],"curies":[{"name":"wp","href":"https:\/\/api.w.org\/{rel}","templated":true}]}}