{"id":742332,"date":"2025-08-28T01:09:14","date_gmt":"2025-08-27T22:09:14","guid":{"rendered":"https:\/\/roveyayinevi.com.tr\/index.php\/urun\/yuregime-koz-dustu\/"},"modified":"2026-04-16T02:53:25","modified_gmt":"2026-04-15T23:53:25","slug":"yuregime-koz-dustu","status":"publish","type":"product","link":"https:\/\/roveyayinevi.com.tr\/index.php\/urun\/yuregime-koz-dustu\/","title":{"rendered":"Y\u00fcre\u011fime K\u00f6z D\u00fc\u015ft\u00fc"},"content":{"rendered":"<p>Asl\u0131 diyar\u0131nda Kerem \u015fehrindeYan\u0131yorum y\u00fcre\u011fime k\u00f6z d\u00fc\u015ft\u00fcS\u00f6nd\u00fcrmeye su yok sevda nehrindeYan\u0131yorum y\u00fcre\u011fime k\u00f6z d\u00fc\u015ft\u00fcYine bug\u00fcn dilimize s\u00f6z d\u00fc\u015ft\u00fc\u00c7ok Dola\u015ft\u0131m diyar diyar gurbetiBenli\u011fime yolda\u015f ettim hasretiS\u00f6nd\u00fcrmeye ya\u011fmur verdi gayretiYan\u0131yorum y\u00fcre\u011fime k\u00f6z d\u00fc\u015ft\u00fcYine bug\u00fcn dilimize s\u00f6z d\u00fc\u015ft\u00fcGen\u00e7 ya\u015f\u0131mda ayr\u0131 kald\u0131m yurdumdanG\u00f6zya\u015flar\u0131 sele d\u00f6nd\u00fc ard\u0131mdanSu i\u00e7ti\u011fim p\u0131nar yand\u0131 derdimdenYan\u0131yorum y\u00fcre\u011fime k\u00f6z d\u00fc\u015ft\u00fcYine bug\u00fcn dilimize s\u00f6z d\u00fc\u015ft\u00fc\u0130\u00e7imdeki yang\u0131n diner mi bilmemGidenler geriye d\u00f6ner mi bilmemK\u0131yametten \u00f6nce s\u00f6ner mi bilmemYan\u0131yorum y\u00fcre\u011fime k\u00f6z d\u00fc\u015ft\u00fcYine bug\u00fcn dilimize s\u00f6z d\u00fc\u015ft\u00fcS\u00f6z\u00fcn \u00f6z\u00fc b\u00f6yle \u015eenol \u015eENER&#8217;imDert pehlivan olmu\u015f nas\u0131l yenerimAnlad\u0131m ki musallada s\u00f6nerimYan\u0131yorum y\u00fcre\u011fime k\u00f6z d\u00fc\u015ft\u00fcYine bug\u00fcn dilimize s\u00f6z d\u00fc\u015ft\u00fc<\/p>\n","protected":false},"excerpt":{"rendered":"<p>Asl\u0131 diyar\u0131nda Kerem \u015fehrindeYan\u0131yorum y\u00fcre\u011fime k\u00f6z d\u00fc\u015ft\u00fcS\u00f6nd\u00fcrmeye su yok sevda nehrindeYan\u0131yorum y\u00fcre\u011fime k\u00f6z d\u00fc\u015ft\u00fcYine bug\u00fcn dilimize s\u00f6z d\u00fc\u015ft\u00fc\u00c7ok Dola\u015ft\u0131m diyar diyar gurbetiBenli\u011fime yolda\u015f ettim hasretiS\u00f6nd\u00fcrmeye ya\u011fmur<span class=\"excerpt-hellip\"> [\u2026]<\/span><\/p>\n","protected":false},"featured_media":0,"template":"","meta":{"_monsterinsights_skip_tracking":false,"_monsterinsights_sitenote_active":false,"_monsterinsights_sitenote_note":"","_monsterinsights_sitenote_category":0},"product_brand":[],"product_cat":[12291,12509],"product_tag":[],"class_list":{"0":"post-742332","1":"product","2":"type-product","3":"status-publish","5":"product_cat-edebiyat","6":"product_cat-siir","7":"pa_cilt-ciltsiz","8":"pa_tur-kitap","9":"pa_yayinevi-gulnar-yayinlari","10":"pa_yazar-senol-sener","12":"first","13":"instock","14":"sale","15":"shipping-taxable","16":"purchasable","17":"product-type-simple"},"_links":{"self":[{"href":"https:\/\/roveyayinevi.com.tr\/index.php\/wp-json\/wp\/v2\/product\/742332","targetHints":{"allow":["GET"]}}],"collection":[{"href":"https:\/\/roveyayinevi.com.tr\/index.php\/wp-json\/wp\/v2\/product"}],"about":[{"href":"https:\/\/roveyayinevi.com.tr\/index.php\/wp-json\/wp\/v2\/types\/product"}],"wp:attachment":[{"href":"https:\/\/roveyayinevi.com.tr\/index.php\/wp-json\/wp\/v2\/media?parent=742332"}],"wp:term":[{"taxonomy":"product_brand","embeddable":true,"href":"https:\/\/roveyayinevi.com.tr\/index.php\/wp-json\/wp\/v2\/product_brand?post=742332"},{"taxonomy":"product_cat","embeddable":true,"href":"https:\/\/roveyayinevi.com.tr\/index.php\/wp-json\/wp\/v2\/product_cat?post=742332"},{"taxonomy":"product_tag","embeddable":true,"href":"https:\/\/roveyayinevi.com.tr\/index.php\/wp-json\/wp\/v2\/product_tag?post=742332"}],"curies":[{"name":"wp","href":"https:\/\/api.w.org\/{rel}","templated":true}]}}