{"id":742331,"date":"2025-08-28T01:09:13","date_gmt":"2025-08-27T22:09:13","guid":{"rendered":"https:\/\/roveyayinevi.com.tr\/index.php\/urun\/tukenen-bir-sen-degilsin\/"},"modified":"2026-04-16T02:53:25","modified_gmt":"2026-04-15T23:53:25","slug":"tukenen-bir-sen-degilsin","status":"publish","type":"product","link":"https:\/\/roveyayinevi.com.tr\/index.php\/urun\/tukenen-bir-sen-degilsin\/","title":{"rendered":"T\u00fckenen Bir \/ Sen De\u011filsin"},"content":{"rendered":"<p>bir pamuk \u015fekeri gibiydi a\u015fk\u0131n eridi t\u00fckendi bitti kalmad\u0131 duruldu g\u00f6nl\u00fcmde biriken ta\u015fk\u0131n eridi t\u00fckendi bitti kalmad\u0131   asl\u0131 kerem idik dert buca\u011f\u0131nda beraber yanm\u0131\u015ft\u0131k a\u015fk oca\u011f\u0131nda a\u015fk\u0131m\u0131z hicran\u0131n zor s\u0131ca\u011f\u0131nda eridi t\u00fckendi bitti kalmad\u0131   sevenler kadere boynunu e\u011fer \u015ferrin z\u00fcleyha\u2019dan betermi\u015f me\u011fer yar sana y\u00fcrekten verdi\u011fim de\u011fer eridi t\u00fckendi bitti kalmad\u0131   her gece yar\u0131s\u0131 saran uykular bir \u00f6mre s\u0131\u011fmayan mutlu arzular sars\u0131lmaz sand\u0131\u011f\u0131m g\u00fczel duygular eridi t\u00fckendi bitti kalmad\u0131   yara alan y\u00fcrek tutar m\u0131 yama belenir efkara belenir gama ozan muradiyim ya\u015f\u0131yor ama eridi t\u00fckendi bitti kalmad\u0131<\/p>\n","protected":false},"excerpt":{"rendered":"<p>bir pamuk \u015fekeri gibiydi a\u015fk\u0131n eridi t\u00fckendi bitti kalmad\u0131 duruldu g\u00f6nl\u00fcmde biriken ta\u015fk\u0131n eridi t\u00fckendi bitti kalmad\u0131 asl\u0131 kerem idik dert buca\u011f\u0131nda beraber yanm\u0131\u015ft\u0131k a\u015fk oca\u011f\u0131nda<span class=\"excerpt-hellip\"> [\u2026]<\/span><\/p>\n","protected":false},"featured_media":0,"template":"","meta":{"_monsterinsights_skip_tracking":false,"_monsterinsights_sitenote_active":false,"_monsterinsights_sitenote_note":"","_monsterinsights_sitenote_category":0},"product_brand":[],"product_cat":[35958],"product_tag":[],"class_list":{"0":"post-742331","1":"product","2":"type-product","3":"status-publish","5":"product_cat-siir-2","6":"pa_cilt-ciltsiz","7":"pa_tur-kitap","8":"pa_yayinevi-gulnar-yayinlari","9":"pa_yazar-murat-erciyas","11":"first","12":"instock","13":"sale","14":"shipping-taxable","15":"purchasable","16":"product-type-simple"},"_links":{"self":[{"href":"https:\/\/roveyayinevi.com.tr\/index.php\/wp-json\/wp\/v2\/product\/742331","targetHints":{"allow":["GET"]}}],"collection":[{"href":"https:\/\/roveyayinevi.com.tr\/index.php\/wp-json\/wp\/v2\/product"}],"about":[{"href":"https:\/\/roveyayinevi.com.tr\/index.php\/wp-json\/wp\/v2\/types\/product"}],"wp:attachment":[{"href":"https:\/\/roveyayinevi.com.tr\/index.php\/wp-json\/wp\/v2\/media?parent=742331"}],"wp:term":[{"taxonomy":"product_brand","embeddable":true,"href":"https:\/\/roveyayinevi.com.tr\/index.php\/wp-json\/wp\/v2\/product_brand?post=742331"},{"taxonomy":"product_cat","embeddable":true,"href":"https:\/\/roveyayinevi.com.tr\/index.php\/wp-json\/wp\/v2\/product_cat?post=742331"},{"taxonomy":"product_tag","embeddable":true,"href":"https:\/\/roveyayinevi.com.tr\/index.php\/wp-json\/wp\/v2\/product_tag?post=742331"}],"curies":[{"name":"wp","href":"https:\/\/api.w.org\/{rel}","templated":true}]}}