{"id":742330,"date":"2025-08-28T01:09:13","date_gmt":"2025-08-27T22:09:13","guid":{"rendered":"https:\/\/roveyayinevi.com.tr\/index.php\/urun\/gel-de-soyleme\/"},"modified":"2026-04-16T02:53:25","modified_gmt":"2026-04-15T23:53:25","slug":"gel-de-soyleme","status":"publish","type":"product","link":"https:\/\/roveyayinevi.com.tr\/index.php\/urun\/gel-de-soyleme\/","title":{"rendered":"Gel De S\u00f6yleme"},"content":{"rendered":"<p>Y\u0131llarca dertleri i\u00e7ime att\u0131m Y\u00fcre\u011fim k\u00f6z oldu gel de s\u00f6yleme Ne\u015feyi h\u00fcz\u00fcn\u00fc beraber tatt\u0131m Her ac\u0131 iz oldu gel de s\u00f6yleme   A\u00e7\u0131lan her yara tutmuyor yama D\u00f6n\u00fcyor kedere d\u00f6n\u00fcyor gama Benim derdim doksan dokuzudu ama Bu s\u0131ra y\u00fcz oldu gel de s\u00f6yleme   Dost bildi\u011fim dostlar laf\u0131 yutuyor Buyur diye yanl\u0131\u015f safa at\u0131yor G\u00f6rd\u00fcm ki horoza kafa tutuyor Tavuklar kaz olmu\u015f gel de s\u00f6yleme   \u00c7ile han\u00e7er olmu\u015f y\u00fcrek de\u015fmeye Hasret kald\u0131k bir \u00e7a\u011flayan \u00e7e\u015fmeye Nazar de\u011fdi \u015fu i\u00e7ti\u011fim e\u015fmeye D\u00f6rt mevsim yaz oldu gel de s\u00f6yleme \u2026<\/p>\n","protected":false},"excerpt":{"rendered":"<p>Y\u0131llarca dertleri i\u00e7ime att\u0131m Y\u00fcre\u011fim k\u00f6z oldu gel de s\u00f6yleme Ne\u015feyi h\u00fcz\u00fcn\u00fc beraber tatt\u0131m Her ac\u0131 iz oldu gel de s\u00f6yleme A\u00e7\u0131lan her yara tutmuyor yama<span class=\"excerpt-hellip\"> [\u2026]<\/span><\/p>\n","protected":false},"featured_media":0,"template":"","meta":{"_monsterinsights_skip_tracking":false,"_monsterinsights_sitenote_active":false,"_monsterinsights_sitenote_note":"","_monsterinsights_sitenote_category":0},"product_brand":[],"product_cat":[35958],"product_tag":[],"class_list":{"0":"post-742330","1":"product","2":"type-product","3":"status-publish","5":"product_cat-siir-2","6":"pa_cilt-ciltsiz","7":"pa_tur-kitap","8":"pa_yayinevi-gulnar-yayinlari","9":"pa_yazar-salih-salman","11":"first","12":"instock","13":"sale","14":"shipping-taxable","15":"purchasable","16":"product-type-simple"},"_links":{"self":[{"href":"https:\/\/roveyayinevi.com.tr\/index.php\/wp-json\/wp\/v2\/product\/742330","targetHints":{"allow":["GET"]}}],"collection":[{"href":"https:\/\/roveyayinevi.com.tr\/index.php\/wp-json\/wp\/v2\/product"}],"about":[{"href":"https:\/\/roveyayinevi.com.tr\/index.php\/wp-json\/wp\/v2\/types\/product"}],"wp:attachment":[{"href":"https:\/\/roveyayinevi.com.tr\/index.php\/wp-json\/wp\/v2\/media?parent=742330"}],"wp:term":[{"taxonomy":"product_brand","embeddable":true,"href":"https:\/\/roveyayinevi.com.tr\/index.php\/wp-json\/wp\/v2\/product_brand?post=742330"},{"taxonomy":"product_cat","embeddable":true,"href":"https:\/\/roveyayinevi.com.tr\/index.php\/wp-json\/wp\/v2\/product_cat?post=742330"},{"taxonomy":"product_tag","embeddable":true,"href":"https:\/\/roveyayinevi.com.tr\/index.php\/wp-json\/wp\/v2\/product_tag?post=742330"}],"curies":[{"name":"wp","href":"https:\/\/api.w.org\/{rel}","templated":true}]}}