{"id":742329,"date":"2025-08-28T01:09:11","date_gmt":"2025-08-27T22:09:11","guid":{"rendered":"https:\/\/roveyayinevi.com.tr\/index.php\/urun\/4uncu-kogus\/"},"modified":"2026-04-16T02:53:25","modified_gmt":"2026-04-15T23:53:25","slug":"4uncu-kogus","status":"publish","type":"product","link":"https:\/\/roveyayinevi.com.tr\/index.php\/urun\/4uncu-kogus\/","title":{"rendered":"4&#8217;\u00fcnc\u00fc Ko\u011fu\u015f"},"content":{"rendered":"<p>G\u00f6k kubbenin alt\u0131nda, t\u0131rnaklarla kaz\u0131larak verilen \u00e7etin bir m\u00fccadele ka\u00e7 kez s\u0131nanabilir? M\u00fcte\u015fekkir olunulmas\u0131 istenilen bir sava\u015fta, bir insan ka\u00e7 kez yitip her mevzide biraz daha eksilebilir? Kanla sulanm\u0131\u015f topraklar\u0131nda uygarl\u0131klar\u0131n kurulup y\u0131k\u0131ld\u0131\u011f\u0131 aziz Mezopotamya&#8217;n\u0131n h\u00fczn\u00fcn\u00fc ve yaln\u0131zl\u0131\u011f\u0131n\u0131 surlar\u0131n\u0131n ard\u0131nda saklayan kadim \u015fehri Diyarbak\u0131r&#8217;da tekd\u00fcze bir ya\u015fam s\u00fcren Bahtiyar, Destina&#8217;n\u0131n hayat\u0131na girmesiyle bir anlam edinmi\u015f; b\u00f6ylece onun i\u00e7inde bulundu\u011fu bir gelecek arzusunu ger\u00e7ekle\u015ftirmek i\u00e7in karma\u015f\u0131k yollara girmi\u015ftir. Se\u00e7imleri ona canh\u0131ra\u015f ac\u0131lar ya\u015fatm\u0131\u015f; maruz kald\u0131\u011f\u0131 i\u015fkencenin ruhunda yaratt\u0131\u011f\u0131 travmatik etkilerin sonucu olarak insan olmaktan \u00e7\u0131k\u0131p bir kara leke gibi \u00f6m\u00fcr boyu benli\u011finde ta\u015f\u0131yaca\u011f\u0131 g\u00fcnahlara bulanm\u0131\u015ft\u0131r. Bu s\u00fcre\u00e7ten sonra Destina&#8217;ya, onun bir de\u011fer oldu\u011fu alg\u0131s\u0131n\u0131 yitirip sadece kendi hegemonyas\u0131nda ya\u015famas\u0131na m\u00fcsaade ederek psikolojik \u015fiddet uygulamaya ba\u015flam\u0131\u015f, ge\u00e7mi\u015f hesapla\u015fmalara kap\u0131l\u0131p karanl\u0131k i\u015flere bula\u015fm\u0131\u015ft\u0131r. Uzun bir s\u00fcre zihnindeki iki farkl\u0131 karakterin \u00e7at\u0131\u015fmas\u0131yla ya\u015fayan Bahtiyar, g\u00fcnahlar\u0131n\u0131n bedelini ise hayat\u0131n\u0131n merkezindeki anlam ve \u0131\u015f\u0131k olarak benimsedi\u011fi Destina&#8217;y\u0131 yitirerek \u00f6demi\u015ftir. Yollar\u0131n\u0131n bir b\u0131\u00e7ak gibi kesilip ayr\u0131lmas\u0131yla farkl\u0131 y\u00f6nlere savrulan bu ikiliyi hayat, farkl\u0131 minvallerde \u015fekillendirip \u00e7aresiz ve elim bir durumdan \u00f6t\u00fcr\u00fc yine bir araya getirecektir. \u00c7\u00fcnk\u00fc aziz Mezopotomya&#8217;n\u0131n aziz \u00e7ocuklar\u0131 i\u00e7in a\u015fk, sevdi\u011fini kaybettikten sonra ba\u015flayan bir olgudur. <\/p>\n","protected":false},"excerpt":{"rendered":"<p>G\u00f6k kubbenin alt\u0131nda, t\u0131rnaklarla kaz\u0131larak verilen \u00e7etin bir m\u00fccadele ka\u00e7 kez s\u0131nanabilir? M\u00fcte\u015fekkir olunulmas\u0131 istenilen bir sava\u015fta, bir insan ka\u00e7 kez yitip her mevzide biraz daha<span class=\"excerpt-hellip\"> [\u2026]<\/span><\/p>\n","protected":false},"featured_media":0,"template":"","meta":{"_monsterinsights_skip_tracking":false,"_monsterinsights_sitenote_active":false,"_monsterinsights_sitenote_note":"","_monsterinsights_sitenote_category":0},"product_brand":[],"product_cat":[12291,12711],"product_tag":[],"class_list":{"0":"post-742329","1":"product","2":"type-product","3":"status-publish","5":"product_cat-edebiyat","6":"product_cat-roman-oyku","7":"pa_cilt-ciltsiz","8":"pa_tur-kitap","9":"pa_yayinevi-luna-yayinlari","10":"pa_yazar-seyit-veysel-yildirim","12":"first","13":"instock","14":"sale","15":"shipping-taxable","16":"purchasable","17":"product-type-simple"},"_links":{"self":[{"href":"https:\/\/roveyayinevi.com.tr\/index.php\/wp-json\/wp\/v2\/product\/742329","targetHints":{"allow":["GET"]}}],"collection":[{"href":"https:\/\/roveyayinevi.com.tr\/index.php\/wp-json\/wp\/v2\/product"}],"about":[{"href":"https:\/\/roveyayinevi.com.tr\/index.php\/wp-json\/wp\/v2\/types\/product"}],"wp:attachment":[{"href":"https:\/\/roveyayinevi.com.tr\/index.php\/wp-json\/wp\/v2\/media?parent=742329"}],"wp:term":[{"taxonomy":"product_brand","embeddable":true,"href":"https:\/\/roveyayinevi.com.tr\/index.php\/wp-json\/wp\/v2\/product_brand?post=742329"},{"taxonomy":"product_cat","embeddable":true,"href":"https:\/\/roveyayinevi.com.tr\/index.php\/wp-json\/wp\/v2\/product_cat?post=742329"},{"taxonomy":"product_tag","embeddable":true,"href":"https:\/\/roveyayinevi.com.tr\/index.php\/wp-json\/wp\/v2\/product_tag?post=742329"}],"curies":[{"name":"wp","href":"https:\/\/api.w.org\/{rel}","templated":true}]}}