{"id":742326,"date":"2025-08-28T01:09:07","date_gmt":"2025-08-27T22:09:07","guid":{"rendered":"https:\/\/roveyayinevi.com.tr\/index.php\/urun\/cocuklar-icin-kolay-cizim-teknikleri\/"},"modified":"2026-04-16T02:53:25","modified_gmt":"2026-04-15T23:53:25","slug":"cocuklar-icin-kolay-cizim-teknikleri","status":"publish","type":"product","link":"https:\/\/roveyayinevi.com.tr\/index.php\/urun\/cocuklar-icin-kolay-cizim-teknikleri\/","title":{"rendered":"\u00c7ocuklar \u0130\u00e7in Kolay \u00c7izim Teknikleri"},"content":{"rendered":"<p>\u00c7ilek, pizza, meyve suyu, \u015feker, avokado\u2026 Hangisini \u00e7izmek istersiniz? Deniz B\u00fcy\u00fckbalya\u2019n\u0131n sundu\u011fu tekniklerle i\u00e7inizdeki ressam\u0131 ke\u015ffetmeye haz\u0131r olun! \u00c7ilek, pizza, meyve suyu, \u015feker, avokado\u2026 Hangisini \u00e7izmek istersiniz? Deniz B\u00fcy\u00fckbalya\u2019n\u0131n sundu\u011fu tekniklerle i\u00e7inizdeki ressam\u0131 ke\u015ffetmeye haz\u0131r olun! <\/p>\n","protected":false},"excerpt":{"rendered":"<p>\u00c7ilek, pizza, meyve suyu, \u015feker, avokado\u2026 Hangisini \u00e7izmek istersiniz? Deniz B\u00fcy\u00fckbalya\u2019n\u0131n sundu\u011fu tekniklerle i\u00e7inizdeki ressam\u0131 ke\u015ffetmeye haz\u0131r olun! \u00c7ilek, pizza, meyve suyu, \u015feker, avokado\u2026 Hangisini \u00e7izmek<span class=\"excerpt-hellip\"> [\u2026]<\/span><\/p>\n","protected":false},"featured_media":0,"template":"","meta":{"_monsterinsights_skip_tracking":false,"_monsterinsights_sitenote_active":false,"_monsterinsights_sitenote_note":"","_monsterinsights_sitenote_category":0},"product_brand":[],"product_cat":[12275,12274],"product_tag":[],"class_list":{"0":"post-742326","1":"product","2":"type-product","3":"status-publish","5":"product_cat-6-12-yas-kitaplari","6":"product_cat-cocuk-ve-genclik-kitaplari","7":"pa_cilt-ciltsiz","8":"pa_tur-kitap","9":"pa_yayinevi-luna-cocuk-yayinlari","10":"pa_yazar-deniz-buyukbalya","12":"first","13":"instock","14":"sale","15":"shipping-taxable","16":"purchasable","17":"product-type-simple"},"_links":{"self":[{"href":"https:\/\/roveyayinevi.com.tr\/index.php\/wp-json\/wp\/v2\/product\/742326","targetHints":{"allow":["GET"]}}],"collection":[{"href":"https:\/\/roveyayinevi.com.tr\/index.php\/wp-json\/wp\/v2\/product"}],"about":[{"href":"https:\/\/roveyayinevi.com.tr\/index.php\/wp-json\/wp\/v2\/types\/product"}],"wp:attachment":[{"href":"https:\/\/roveyayinevi.com.tr\/index.php\/wp-json\/wp\/v2\/media?parent=742326"}],"wp:term":[{"taxonomy":"product_brand","embeddable":true,"href":"https:\/\/roveyayinevi.com.tr\/index.php\/wp-json\/wp\/v2\/product_brand?post=742326"},{"taxonomy":"product_cat","embeddable":true,"href":"https:\/\/roveyayinevi.com.tr\/index.php\/wp-json\/wp\/v2\/product_cat?post=742326"},{"taxonomy":"product_tag","embeddable":true,"href":"https:\/\/roveyayinevi.com.tr\/index.php\/wp-json\/wp\/v2\/product_tag?post=742326"}],"curies":[{"name":"wp","href":"https:\/\/api.w.org\/{rel}","templated":true}]}}