{"id":742321,"date":"2025-08-28T01:09:01","date_gmt":"2025-08-27T22:09:01","guid":{"rendered":"https:\/\/roveyayinevi.com.tr\/index.php\/urun\/steampunk\/"},"modified":"2026-04-16T02:53:24","modified_gmt":"2026-04-15T23:53:24","slug":"steampunk","status":"publish","type":"product","link":"https:\/\/roveyayinevi.com.tr\/index.php\/urun\/steampunk\/","title":{"rendered":"Steampunk"},"content":{"rendered":"<p>Bilimkurgu sinemas\u0131n\u0131n en pop\u00fcler alt t\u00fcrlerinden biri olan Steampunk\u2019\u0131 ele alan bu \u00e7al\u0131\u015fma, \u00f6ncelikle edebiyattan sinemaya, \u00e7izgi romandan video oyunlar\u0131na kadar geni\u015f bir alanda kendine yer bulan ve bir ak\u0131m haline d\u00f6n\u00fc\u015fen Steampunk\u2019\u0131 tan\u0131tmay\u0131 ama\u00e7l\u0131yor. G\u00f6rselli\u011fiyle dikkat \u00e7eken bu ak\u0131m, \u00f6zellikle pop\u00fcler bilimkurgu sinemas\u0131 i\u00e7in de olduk\u00e7a kullan\u0131\u015fl\u0131. Bu kitapta, Steampunk\u2019\u0131n do\u011fu\u015fu, geli\u015fimi ve farkl\u0131 alanlardaki etkisi ara\u015ft\u0131r\u0131l\u0131rken bilimkurgu sinemas\u0131 i\u00e7indeki ser\u00fcvenine a\u011f\u0131rl\u0131k veriliyor ve incelenen filmlerle Steampunk\u2019\u0131n sinemadaki yans\u0131mas\u0131na \u0131\u015f\u0131k tutuluyor.    G\u0130ZEM CENG\u0130Z: 1990 y\u0131l\u0131nda \u0130zmir\u2019de do\u011fdu. Lisans derecesini Ege \u00dcniversitesi \u0130leti\u015fim Fak\u00fcltesi Radyo-Tv ve Sinema b\u00f6l\u00fcm\u00fcnden ald\u0131. Y\u00fcksek Lisans\u0131n\u0131 Marmara \u00dcniversitesi \u0130leti\u015fim Fak\u00fcltesi Sinema Anabilim dal\u0131nda tamamlad\u0131. 2015 y\u0131l\u0131ndan beri Marmara \u00dcniversitesi \u0130leti\u015fim Fak\u00fcltesi Radyo-TV ve Sinema b\u00f6l\u00fcm\u00fcnde Ara\u015ft\u0131rma G\u00f6revlisi olarak \u00e7al\u0131\u015fmakta ve ayn\u0131 b\u00f6l\u00fcmde doktora \u00e7al\u0131\u015fmas\u0131na devam etmektedir.   <\/p>\n","protected":false},"excerpt":{"rendered":"<p>Bilimkurgu sinemas\u0131n\u0131n en pop\u00fcler alt t\u00fcrlerinden biri olan Steampunk\u2019\u0131 ele alan bu \u00e7al\u0131\u015fma, \u00f6ncelikle edebiyattan sinemaya, \u00e7izgi romandan video oyunlar\u0131na kadar geni\u015f bir alanda kendine yer<span class=\"excerpt-hellip\"> [\u2026]<\/span><\/p>\n","protected":false},"featured_media":0,"template":"","meta":{"_monsterinsights_skip_tracking":false,"_monsterinsights_sitenote_active":false,"_monsterinsights_sitenote_note":"","_monsterinsights_sitenote_category":0},"product_brand":[],"product_cat":[12409,12408],"product_tag":[],"class_list":{"0":"post-742321","1":"product","2":"type-product","3":"status-publish","5":"product_cat-fotograf-sinema-tiyatro","6":"product_cat-sanat","7":"pa_cilt-ciltsiz","8":"pa_tur-kitap","9":"pa_yayinevi-ayrinti-yayinlari","10":"pa_yazar-gizem-cengiz","12":"first","13":"instock","14":"sale","15":"shipping-taxable","16":"purchasable","17":"product-type-simple"},"_links":{"self":[{"href":"https:\/\/roveyayinevi.com.tr\/index.php\/wp-json\/wp\/v2\/product\/742321","targetHints":{"allow":["GET"]}}],"collection":[{"href":"https:\/\/roveyayinevi.com.tr\/index.php\/wp-json\/wp\/v2\/product"}],"about":[{"href":"https:\/\/roveyayinevi.com.tr\/index.php\/wp-json\/wp\/v2\/types\/product"}],"wp:attachment":[{"href":"https:\/\/roveyayinevi.com.tr\/index.php\/wp-json\/wp\/v2\/media?parent=742321"}],"wp:term":[{"taxonomy":"product_brand","embeddable":true,"href":"https:\/\/roveyayinevi.com.tr\/index.php\/wp-json\/wp\/v2\/product_brand?post=742321"},{"taxonomy":"product_cat","embeddable":true,"href":"https:\/\/roveyayinevi.com.tr\/index.php\/wp-json\/wp\/v2\/product_cat?post=742321"},{"taxonomy":"product_tag","embeddable":true,"href":"https:\/\/roveyayinevi.com.tr\/index.php\/wp-json\/wp\/v2\/product_tag?post=742321"}],"curies":[{"name":"wp","href":"https:\/\/api.w.org\/{rel}","templated":true}]}}