{"id":742318,"date":"2025-08-28T01:08:58","date_gmt":"2025-08-27T22:08:58","guid":{"rendered":"https:\/\/roveyayinevi.com.tr\/index.php\/urun\/tarot-klasik-deste78-kart-ve-anahtar-kitap\/"},"modified":"2026-04-16T02:53:24","modified_gmt":"2026-04-15T23:53:24","slug":"tarot-klasik-deste78-kart-ve-anahtar-kitap","status":"publish","type":"product","link":"https:\/\/roveyayinevi.com.tr\/index.php\/urun\/tarot-klasik-deste78-kart-ve-anahtar-kitap\/","title":{"rendered":"TAROT Klasik Deste,78 Kart ve Anahtar Kitap"},"content":{"rendered":"<p>Karton kutu i\u00e7erisinde geleneksel Tarot\u2019un 78 kart\u0131 ve bu kartlar\u0131 yorumlamakta yard\u0131mc\u0131 olacak Anahtar Kitab\u0131 mevcuttur. Gizemli havas\u0131yla dikkat \u00e7eken Tarot Kartlar\u0131, Orta \u00c7a\u011f\u2019\u0131n sonlar\u0131na do\u011fru ortaya \u00e7\u0131km\u0131\u015ft\u0131r. \u201cTarot\u201d s\u00f6zc\u00fc\u011f\u00fcn\u00fcn k\u00f6keninin, Eski M\u0131s\u0131r\u2019da \u201cKral Yolu\u201d anlam\u0131na gelen \u201cTa-rosh\u201d kelimesine dayand\u0131\u011f\u0131 varsay\u0131l\u0131r. Yine ba\u015fka bir varsay\u0131ma g\u00f6re Latincede \u201c\u00c7ark\u201d anlam\u0131n\u0131 ta\u015f\u0131yan ve ya\u015fam\u0131n do\u011fumdan \u00f6l\u00fcme kadar d\u00f6nen bir \u00e7ark oldu\u011funu simgeleyen \u201cRota\u201d kelimesinden t\u00fcretilmi\u015ftir. 22\u2019si maj\u00f6r arkana, 56\u2019s\u0131 min\u00f6r arkanadan olu\u015fan kartlar toplamda 78 adettir. B\u00fcy\u00fck Arkana Kartlar\u0131 ya\u015fam\u0131m\u0131zdaki d\u00f6n\u00fcm noktalar\u0131ndan bahseder. K\u00fc\u00e7\u00fck Arkana ise g\u00fcndelik ya\u015fam\u0131m\u0131zda ba\u015f\u0131m\u0131za gelen durumlar\u0131 tasvir eder. Her Tarot kart\u0131n\u0131n sembolik bir anlam\u0131 vard\u0131r fakat okuma s\u0131ras\u0131nda karta yo\u011funla\u015farak sezgilerinize de kulak verirseniz daha g\u00fc\u00e7l\u00fc bir okuma ger\u00e7ekle\u015ftirebilirsiniz. \u00c7o\u011fu zaman fal ile kar\u0131\u015ft\u0131r\u0131lan bu kartlar, asl\u0131nda kehanetten ziyade ki\u015fiye karar verme mekanizmas\u0131nda se\u00e7enekler sunar. Bu se\u00e7eneklerin sonunda ise baz\u0131 sonu\u00e7lar ger\u00e7ekle\u015fir. \u0130\u015fte tamda bu noktada Tarot, vermi\u015f oldu\u011fu rehberlik ile sonu\u00e7lar\u0131 de\u011fi\u015ftirip de\u011fi\u015ftiremeyece\u011fimizi bize g\u00f6sterir. Bizler baz\u0131 zamanlar o kadar b\u00fcy\u00fck bir karanl\u0131\u011f\u0131n i\u00e7ine kendimizi hapsederiz ki \u00f6n\u00fcm\u00fcz\u00fc g\u00f6remez h\u00e2le geliriz. Tarot tam da burada \u00f6n\u00fcm\u00fcz\u00fc ayd\u0131nlatarak bize rehberlik eder. Bu kitab\u0131n yolunuza \u0131\u015f\u0131k olmas\u0131n\u0131 ve kartlar\u0131n\u0131z\u0131n size en do\u011fru rehberli\u011fi vermesini dilerim. <\/p>\n","protected":false},"excerpt":{"rendered":"<p>Karton kutu i\u00e7erisinde geleneksel Tarot\u2019un 78 kart\u0131 ve bu kartlar\u0131 yorumlamakta yard\u0131mc\u0131 olacak Anahtar Kitab\u0131 mevcuttur. Gizemli havas\u0131yla dikkat \u00e7eken Tarot Kartlar\u0131, Orta \u00c7a\u011f\u2019\u0131n sonlar\u0131na do\u011fru<span class=\"excerpt-hellip\"> [\u2026]<\/span><\/p>\n","protected":false},"featured_media":0,"template":"","meta":{"_monsterinsights_skip_tracking":false,"_monsterinsights_sitenote_active":false,"_monsterinsights_sitenote_note":"","_monsterinsights_sitenote_category":0},"product_brand":[],"product_cat":[18082,15563],"product_tag":[],"class_list":{"0":"post-742318","1":"product","2":"type-product","3":"status-publish","5":"product_cat-astroloji-fal-ruya","6":"product_cat-hobi","7":"pa_cilt-ciltsiz","8":"pa_tur-kitap20","9":"pa_yayinevi-delta-kultur-yayinevi","10":"pa_yazar-serife-cifci","12":"first","13":"instock","14":"sale","15":"shipping-taxable","16":"purchasable","17":"product-type-simple"},"_links":{"self":[{"href":"https:\/\/roveyayinevi.com.tr\/index.php\/wp-json\/wp\/v2\/product\/742318","targetHints":{"allow":["GET"]}}],"collection":[{"href":"https:\/\/roveyayinevi.com.tr\/index.php\/wp-json\/wp\/v2\/product"}],"about":[{"href":"https:\/\/roveyayinevi.com.tr\/index.php\/wp-json\/wp\/v2\/types\/product"}],"wp:attachment":[{"href":"https:\/\/roveyayinevi.com.tr\/index.php\/wp-json\/wp\/v2\/media?parent=742318"}],"wp:term":[{"taxonomy":"product_brand","embeddable":true,"href":"https:\/\/roveyayinevi.com.tr\/index.php\/wp-json\/wp\/v2\/product_brand?post=742318"},{"taxonomy":"product_cat","embeddable":true,"href":"https:\/\/roveyayinevi.com.tr\/index.php\/wp-json\/wp\/v2\/product_cat?post=742318"},{"taxonomy":"product_tag","embeddable":true,"href":"https:\/\/roveyayinevi.com.tr\/index.php\/wp-json\/wp\/v2\/product_tag?post=742318"}],"curies":[{"name":"wp","href":"https:\/\/api.w.org\/{rel}","templated":true}]}}